{"id":9272,"date":"2025-08-25T10:59:25","date_gmt":"2025-08-25T08:59:25","guid":{"rendered":"https:\/\/centerslo.si\/en\/?page_id=9272"},"modified":"2025-11-13T09:56:33","modified_gmt":"2025-11-13T08:56:33","slug":"naslon","status":"publish","type":"page","link":"https:\/\/centerslo.si\/en\/books\/textbooks-and-handbooks\/beginner-level\/naslon\/","title":{"rendered":"NASLON"},"content":{"rendered":"<h1>NASLON<\/h1>\n<div class=\"grid highlight\">\n<div class=\"col span_1_of_3\"><img loading=\"lazy\" decoding=\"async\" class=\"alignnone size-medium wp-image-27147\" src=\"https:\/\/centerslo.si\/en\/wp-content\/uploads\/sites\/2\/2025\/10\/Naslon_naslovnica_-scaled.jpg\" alt=\"\" width=\"212\" height=\"300\" \/><\/div>\n<div class=\"col span_2_of_3\">\n<p><strong>NASLON<br \/>\n<\/strong>Interactive textbook for learning Slovene at a beginner level, designed for adult migrants<\/p>\n<p>Authors: Tja\u0161a Ali\u010d, Mateja Eniko, Damjana Kern Andolj\u0161ek, Matej Klemen, Mihaela Knez, Ina Ferbe\u017ear<\/p>\n<p><a class=\"btn orange\" href=\"https:\/\/centerslo.si\/wp-content\/uploads\/2025\/11\/Naslon-zdruzeno-V6.pdf\" target=\"_blank\" rel=\"noopener\" download=\"\">DOWNLOAD i-PDF\u00a0<\/a><br \/>\n<sub>For the best user experience, we recommend <strong>downloading the i-PDF<\/strong> to your computer and using <strong>Adobe Acrobat Reader<\/strong>; this way, the audio clips will open properly.<\/sub><\/p>\n<p><a class=\"btn black\" href=\"https:\/\/centerslo.si\/wp-content\/uploads\/2025\/11\/Naslon-zdruzeno-V6-tisk.pdf\" target=\"_blank\" rel=\"noopener\" download=\"\">DOWNLOAD PDF (for printing only)<\/a><\/p>\n<p><a class=\"btn black\" href=\"https:\/\/centerslo.si\/knjige\/ucbeniki-in-prirocniki\/osnovna-stopnja\/naslon\/naslon-posnetki\/\" target=\"_blank\" rel=\"noopener\">Listen<\/a><\/p>\n<\/div>\n<\/div>\n<p style=\"text-align: justify;\"><strong>NASLON<\/strong> is an interactive textbook for learning Slovene at a beginner level, designed for adult migrants. It is intended for adults who already live in Slovenia, as well as for those who are planning to move to Slovenia. In addition to learning the language, it enables learners to become familiar with Slovene society and culture. The textbook is designed so that it can be used for self-study, for learning with a teacher, and is also suitable for a combination of both methods.<\/p>\n<p style=\"text-align: justify;\">The content of the textbook is based on the actual communication needs of newly arrived adult migrants in the early stages of their life in Slovenia. It includes vocabulary, common conversational examples, and texts that individuals are most likely to encounter in official situations.<\/p>\n<p style=\"text-align: justify;\">The textbook was developed as part of the project Naslon \u2013 Nadgradnja spletnega te\u010daja Slonline \u2013 mobilno in spletno u\u010denje sloven\u0161\u010dine za priseljence (Naslon \u2013 Upgrading the Slonline Online Course \u2013 Mobile and Online Learning of Slovene for Migrants), co-financed by the Ministry of Culture of the Republic of Slovenia.<\/p>\n<hr \/>\n","protected":false},"excerpt":{"rendered":"<p>NASLON NASLON Interactive textbook for learning Slovene at a beginner level, designed for adult migrants Authors: Tja\u0161a Ali\u010d, Mateja Eniko, Damjana Kern Andolj\u0161ek, Matej Klemen, Mihaela Knez, Ina Ferbe\u017ear DOWNLOAD i-PDF\u00a0 For the best user experience, we recommend downloading the i-PDF to your computer and using Adobe Acrobat Reader; this way, the audio clips will [&hellip;]<\/p>\n","protected":false},"author":138,"featured_media":0,"parent":170,"menu_order":0,"comment_status":"closed","ping_status":"closed","template":"","meta":{"_acf_changed":false,"footnotes":""},"class_list":["post-9272","page","type-page","status-publish","hentry"],"acf":[],"_links":{"self":[{"href":"https:\/\/centerslo.si\/en\/wp-json\/wp\/v2\/pages\/9272","targetHints":{"allow":["GET"]}}],"collection":[{"href":"https:\/\/centerslo.si\/en\/wp-json\/wp\/v2\/pages"}],"about":[{"href":"https:\/\/centerslo.si\/en\/wp-json\/wp\/v2\/types\/page"}],"author":[{"embeddable":true,"href":"https:\/\/centerslo.si\/en\/wp-json\/wp\/v2\/users\/138"}],"replies":[{"embeddable":true,"href":"https:\/\/centerslo.si\/en\/wp-json\/wp\/v2\/comments?post=9272"}],"version-history":[{"count":19,"href":"https:\/\/centerslo.si\/en\/wp-json\/wp\/v2\/pages\/9272\/revisions"}],"predecessor-version":[{"id":9587,"href":"https:\/\/centerslo.si\/en\/wp-json\/wp\/v2\/pages\/9272\/revisions\/9587"}],"up":[{"embeddable":true,"href":"https:\/\/centerslo.si\/en\/wp-json\/wp\/v2\/pages\/170"}],"wp:attachment":[{"href":"https:\/\/centerslo.si\/en\/wp-json\/wp\/v2\/media?parent=9272"}],"curies":[{"name":"wp","href":"https:\/\/api.w.org\/{rel}","templated":true}]}}