{"id":9065,"date":"2025-06-24T12:54:36","date_gmt":"2025-06-24T10:54:36","guid":{"rendered":"https:\/\/centerslo.si\/en\/?page_id=9065"},"modified":"2025-09-29T09:27:26","modified_gmt":"2025-09-29T07:27:26","slug":"mojca-nidorfer","status":"publish","type":"page","link":"https:\/\/centerslo.si\/en\/about-us\/team\/mojca-nidorfer\/","title":{"rendered":"Mojca Nidorfer"},"content":{"rendered":"\n<p style=\"text-align: justify;\"><strong>Assist. Prof. Mojca Nidorfer, PhD<\/strong>, is the head of the Slovene at Foreign Universities unit at the Centre for Slovene as a Second and Foreign Language. She holds a PhD in Slovene linguistics from the University of Ljubljana\u2019s Faculty of Arts and an MBA from the Ljubljana School of Economics and Business.<\/p>\n<p style=\"text-align: justify;\">Her research interests include pragmatic linguistics, discourse theory, genre analysis, and business communication, with a particular focus on email communication. She has participated in several research and EU-funded projects, she regularly presents papers at academic conferences, and she has published her work in Slovene and international journals. She has taught at universities in Prague, Rome, Katowice, Belgrade, Cleveland, Tokyo, and Lisbon, among others.<\/p>\n<p style=\"text-align: justify;\">She actively promotes Slovene linguistic studies and Slovene culture worldwide, notably through her leadership of international projects such as Global Days, which are held as part of the Slovene at Foreign Universities unit. She also (co-)chairs the Science for Youth section of the Association of Slovene Slavic Societies. In 2012, she initiated the national Slovene language competition for primary and secondary schools <em>Sloven\u0161\u010dina ima dolg jezik, Knji\u017eevnost na filmu<\/em> (The Long Slovene Tongue, Literature on Film).<\/p>\n<p style=\"text-align: justify;\">In 2006, she received the Grand Award of the Faculty of Arts and, in 2023, she was awarded the University of Ljubljana Recognition.<\/p>\n<p style=\"text-align: justify;\"><strong>Field of work:<\/strong><\/p>\n<p style=\"text-align: justify;\">Slovene at foreign universities<\/p>\n","protected":false},"excerpt":{"rendered":"<p>Assist. Prof. Mojca Nidorfer, PhD, is the head of the Slovene at Foreign Universities unit at the Centre for Slovene as a Second and Foreign Language. She holds a PhD in Slovene linguistics from the University of Ljubljana\u2019s Faculty of Arts and an MBA from the Ljubljana School of Economics and Business. Her research interests [&hellip;]<\/p>\n","protected":false},"author":138,"featured_media":0,"parent":1044,"menu_order":0,"comment_status":"closed","ping_status":"closed","template":"page-biografija.php","meta":{"_acf_changed":false,"footnotes":""},"class_list":["post-9065","page","type-page","status-publish","hentry"],"acf":[],"_links":{"self":[{"href":"https:\/\/centerslo.si\/en\/wp-json\/wp\/v2\/pages\/9065","targetHints":{"allow":["GET"]}}],"collection":[{"href":"https:\/\/centerslo.si\/en\/wp-json\/wp\/v2\/pages"}],"about":[{"href":"https:\/\/centerslo.si\/en\/wp-json\/wp\/v2\/types\/page"}],"author":[{"embeddable":true,"href":"https:\/\/centerslo.si\/en\/wp-json\/wp\/v2\/users\/138"}],"replies":[{"embeddable":true,"href":"https:\/\/centerslo.si\/en\/wp-json\/wp\/v2\/comments?post=9065"}],"version-history":[{"count":2,"href":"https:\/\/centerslo.si\/en\/wp-json\/wp\/v2\/pages\/9065\/revisions"}],"predecessor-version":[{"id":9378,"href":"https:\/\/centerslo.si\/en\/wp-json\/wp\/v2\/pages\/9065\/revisions\/9378"}],"up":[{"embeddable":true,"href":"https:\/\/centerslo.si\/en\/wp-json\/wp\/v2\/pages\/1044"}],"wp:attachment":[{"href":"https:\/\/centerslo.si\/en\/wp-json\/wp\/v2\/media?parent=9065"}],"curies":[{"name":"wp","href":"https:\/\/api.w.org\/{rel}","templated":true}]}}