{"id":824,"date":"2015-12-15T09:23:11","date_gmt":"2015-12-15T08:23:11","guid":{"rendered":"http:\/\/centerslo.si\/en\/?page_id=824"},"modified":"2026-01-08T12:59:41","modified_gmt":"2026-01-08T11:59:41","slug":"slovenscina-ekspres-1","status":"publish","type":"page","link":"https:\/\/centerslo.si\/en\/books\/textbooks-and-handbooks\/beginner-level\/slovenscina-ekspres-1\/","title":{"rendered":"SLOVEN\u0160\u010cINA EKSPRES 1"},"content":{"rendered":"<h1>SLOVEN\u0160\u010cINA EKSPRES 1<\/h1>\n<div class=\"grid highlight\">\n<div class=\"col span_1_of_3\"><img decoding=\"async\" class=\"alignnone wp-image-5631 size-full\" src=\"https:\/\/centerslo.si\/wp-content\/uploads\/2015\/12\/ucbenik-slovenscina-ekspres-1.jpg\" alt=\"\" \/><\/div>\n<div class=\"col span_2_of_3\">\n<p><strong>SLOVEN\u0160\u010cINA EKSPRES 1<\/strong><\/p>\n<p>Authors: Tanja Jerman, Sta\u0161a Pisek, Anja Strajnar<\/p>\n<p><a class=\"btn orange\" href=\"https:\/\/knjigarna.uni-lj.si\/Zul\/1006196-11\" target=\"_blank\" rel=\"noopener\">Buy<\/a><\/p>\n<p><a class=\"btn black\" href=\"https:\/\/centerslo.si\/knjige\/ucbeniki-in-prirocniki\/osnovna-stopnja\/slovenscina-ekspres-1\/slovenscina-ekspres-1\/\" target=\"_blank\" rel=\"noopener\">Browse<\/a><\/p>\n<p><a class=\"btn black\" href=\"https:\/\/centerslo.si\/knjige\/ucbeniki-in-prirocniki\/osnovna-stopnja\/slovenscina-ekspres-1\/slovenscina-ekspres-1-posnetki\/\" target=\"_blank\" rel=\"noopener\">Listen<\/a><\/p>\n<\/div>\n<\/div>\n<p><em>Sloven\u0161\u010dina ekspres<\/em> is a textbook for beginners.<\/p>\n<p>It is aimed at adults who want to get to know or to refresh basic vocabulary and communication patterns for everyday communication in Slovene.<br \/>\nIt is suitable for short Slovene courses (up to 40 hours), and because of its visual and audio material it can also be used by individuals who have a basic grasp of the language and wish to refresh their knowledge.<\/p>\n<p>It is made up of 6 units in which the user learns the essentials of communication in the most frequent everyday situations. Each unit contains basic vocabulary illustrated with pictures, communication patterns, short texts for reading and listening, speaking and writing activities, and grammatical sections and exercises. At the end of the unit is a list of useful words and patterns designed to assist vocabulary development.<\/p>\n<p>At the end of the book are grammar tables, a list of frequent verbs, transcripts of the recordings on the CD, a key to exercises, and a detailed index.<\/p>\n","protected":false},"excerpt":{"rendered":"<p>SLOVEN\u0160\u010cINA EKSPRES 1 SLOVEN\u0160\u010cINA EKSPRES 1 Authors: Tanja Jerman, Sta\u0161a Pisek, Anja Strajnar Buy Browse Listen Sloven\u0161\u010dina ekspres is a textbook for beginners. It is aimed at adults who want to get to know or to refresh basic vocabulary and communication patterns for everyday communication in Slovene. It is suitable for short Slovene courses (up [&hellip;]<\/p>\n","protected":false},"author":10,"featured_media":0,"parent":170,"menu_order":-1,"comment_status":"closed","ping_status":"closed","template":"page-content-menu.php","meta":{"_acf_changed":false,"footnotes":""},"class_list":["post-824","page","type-page","status-publish","hentry"],"acf":[],"_links":{"self":[{"href":"https:\/\/centerslo.si\/en\/wp-json\/wp\/v2\/pages\/824","targetHints":{"allow":["GET"]}}],"collection":[{"href":"https:\/\/centerslo.si\/en\/wp-json\/wp\/v2\/pages"}],"about":[{"href":"https:\/\/centerslo.si\/en\/wp-json\/wp\/v2\/types\/page"}],"author":[{"embeddable":true,"href":"https:\/\/centerslo.si\/en\/wp-json\/wp\/v2\/users\/10"}],"replies":[{"embeddable":true,"href":"https:\/\/centerslo.si\/en\/wp-json\/wp\/v2\/comments?post=824"}],"version-history":[{"count":17,"href":"https:\/\/centerslo.si\/en\/wp-json\/wp\/v2\/pages\/824\/revisions"}],"predecessor-version":[{"id":9714,"href":"https:\/\/centerslo.si\/en\/wp-json\/wp\/v2\/pages\/824\/revisions\/9714"}],"up":[{"embeddable":true,"href":"https:\/\/centerslo.si\/en\/wp-json\/wp\/v2\/pages\/170"}],"wp:attachment":[{"href":"https:\/\/centerslo.si\/en\/wp-json\/wp\/v2\/media?parent=824"}],"curies":[{"name":"wp","href":"https:\/\/api.w.org\/{rel}","templated":true}]}}