{"id":7795,"date":"2024-06-21T12:57:28","date_gmt":"2024-06-21T10:57:28","guid":{"rendered":"https:\/\/centerslo.si\/en\/?page_id=7795"},"modified":"2026-01-12T08:45:39","modified_gmt":"2026-01-12T07:45:39","slug":"bela-kaca-s-kronico-zlata-ptica-zelezni-prstan","status":"publish","type":"page","link":"https:\/\/centerslo.si\/en\/books\/graded-readers\/bela-kaca-s-kronico-zlata-ptica-zelezni-prstan\/","title":{"rendered":"Bela ka\u010da s kronico, Zlata ptica, \u017delezni prstan"},"content":{"rendered":"\n<h1>Bela ka\u010da s kronico, Zlata ptica, \u017delezni prstan<\/h1>\n<div class=\"grid highlight\">\n<div class=\"col span_1_of_3\">\n<p><img loading=\"lazy\" decoding=\"async\" class=\"alignnone wp-image-7789 size-medium\" src=\"https:\/\/centerslo.si\/en\/wp-content\/uploads\/sites\/2\/2024\/06\/BELA_KACA_naslovnica_m-193x300.jpg\" alt=\"\" width=\"193\" height=\"300\" srcset=\"https:\/\/centerslo.si\/en\/wp-content\/uploads\/sites\/2\/2024\/06\/BELA_KACA_naslovnica_m-193x300.jpg 193w, https:\/\/centerslo.si\/en\/wp-content\/uploads\/sites\/2\/2024\/06\/BELA_KACA_naslovnica_m-659x1024.jpg 659w, https:\/\/centerslo.si\/en\/wp-content\/uploads\/sites\/2\/2024\/06\/BELA_KACA_naslovnica_m-768x1193.jpg 768w, https:\/\/centerslo.si\/en\/wp-content\/uploads\/sites\/2\/2024\/06\/BELA_KACA_naslovnica_m-988x1536.jpg 988w, https:\/\/centerslo.si\/en\/wp-content\/uploads\/sites\/2\/2024\/06\/BELA_KACA_naslovnica_m-1318x2048.jpg 1318w, https:\/\/centerslo.si\/en\/wp-content\/uploads\/sites\/2\/2024\/06\/BELA_KACA_naslovnica_m.jpg 1596w\" sizes=\"auto, (max-width: 193px) 100vw, 193px\" \/><\/p>\n<\/div>\n<div class=\"col span_2_of_3\">\n<p><strong>Bela ka\u010da s kronico, Zlata ptica, \u017delezni prstan<\/strong><strong><br \/><\/strong>level\u00a0<strong>3<\/strong>\u00a0 (for readers with at least A2+)<\/p>\n<p>Adapted by: Vesna Bukovec, Tja\u0161a Lorbek, Jasmina \u0160uler Galos<\/p>\n<p><a class=\"btn orange\" href=\"https:\/\/knjigarna.uni-lj.si\/Zul\/1006203-11\" target=\"_blank\" rel=\"noopener\">Buy<\/a><\/p>\n<p><a class=\"btn black\" href=\"https:\/\/centerslo.si\/knjige\/stopenjska-berila\/bela-kaca-s-kronico-zlata-ptica-zelezni-prstan\/bela-kaca_za-listanje\/\" target=\"_blank\" rel=\"noopener\">Browse<\/a><\/p>\n<p><a class=\"btn black\" href=\"https:\/\/centerslo.si\/\" target=\"_blank\" rel=\"noopener\">Listen &#8211; the recording will be available shortly<\/a><\/p>\n<\/div>\n<\/div>\n<p>Three Slovenian folk tales featuring animals and magical objects are told in this book. How did the white snake, the golden bird and the iron ring change the lives of the main characters?<br \/>In the book, there are also <strong>comprehension<\/strong> and <strong>vocabulary<\/strong> <strong>exercises<\/strong>.<\/p>\n<hr \/>\n","protected":false},"excerpt":{"rendered":"<p>Bela ka\u010da s kronico, Zlata ptica, \u017delezni prstan Bela ka\u010da s kronico, Zlata ptica, \u017delezni prstanlevel\u00a03\u00a0 (for readers with at least A2+) Adapted by: Vesna Bukovec, Tja\u0161a Lorbek, Jasmina \u0160uler Galos Buy Browse Listen &#8211; the recording will be available shortly Three Slovenian folk tales featuring animals and magical objects are told in this book. [&hellip;]<\/p>\n","protected":false},"author":120,"featured_media":0,"parent":5752,"menu_order":4,"comment_status":"closed","ping_status":"closed","template":"","meta":{"_acf_changed":false,"footnotes":""},"class_list":["post-7795","page","type-page","status-publish","hentry"],"acf":[],"_links":{"self":[{"href":"https:\/\/centerslo.si\/en\/wp-json\/wp\/v2\/pages\/7795","targetHints":{"allow":["GET"]}}],"collection":[{"href":"https:\/\/centerslo.si\/en\/wp-json\/wp\/v2\/pages"}],"about":[{"href":"https:\/\/centerslo.si\/en\/wp-json\/wp\/v2\/types\/page"}],"author":[{"embeddable":true,"href":"https:\/\/centerslo.si\/en\/wp-json\/wp\/v2\/users\/120"}],"replies":[{"embeddable":true,"href":"https:\/\/centerslo.si\/en\/wp-json\/wp\/v2\/comments?post=7795"}],"version-history":[{"count":4,"href":"https:\/\/centerslo.si\/en\/wp-json\/wp\/v2\/pages\/7795\/revisions"}],"predecessor-version":[{"id":7823,"href":"https:\/\/centerslo.si\/en\/wp-json\/wp\/v2\/pages\/7795\/revisions\/7823"}],"up":[{"embeddable":true,"href":"https:\/\/centerslo.si\/en\/wp-json\/wp\/v2\/pages\/5752"}],"wp:attachment":[{"href":"https:\/\/centerslo.si\/en\/wp-json\/wp\/v2\/media?parent=7795"}],"curies":[{"name":"wp","href":"https:\/\/api.w.org\/{rel}","templated":true}]}}