{"id":7421,"date":"2023-12-27T16:56:39","date_gmt":"2023-12-27T15:56:39","guid":{"rendered":"https:\/\/centerslo.si\/en\/?page_id=7421"},"modified":"2024-01-04T11:27:27","modified_gmt":"2024-01-04T10:27:27","slug":"kljuc","status":"publish","type":"page","link":"https:\/\/centerslo.si\/en\/books\/textbooks-and-handbooks\/handbooks\/kljuc\/","title":{"rendered":"Klju\u010d"},"content":{"rendered":"<h1>vKLJU\u010cevanje v slovensko dru\u017ebo<\/h1>\n<div class=\"grid highlight\">\n<div class=\"col span_1_of_3\"><img loading=\"lazy\" decoding=\"async\" class=\"alignnone size-medium wp-image-23067\" src=\"https:\/\/centerslo.si\/wp-content\/uploads\/2023\/12\/vKLJUCevanje_naslovnica-211x300.png\" alt=\"\" width=\"211\" height=\"300\" \/><\/div>\n<div class=\"col span_2_of_3\">\n<p><strong>vKLJU\u010cevanje v slovensko dru\u017ebo<\/strong><\/p>\n<p>Priro\u010dnik za izvajalce izobra\u017eevalnega programa Za\u010detna integracija priseljencev<\/p>\n<p>Authors: Ina Ferbe\u017ear, Nata\u0161a Pirih Svetina<\/p>\n<p><a class=\"btn black\" href=\"https:\/\/centerslo.si\/wp-content\/uploads\/2024\/01\/KLJUC_s-posnetki.pdf\" target=\"_blank\" rel=\"noopener\">Download pdf<\/a><\/p>\n<p><a class=\"btn black\" href=\"https:\/\/centerslo.si\/knjige\/ucbeniki-in-prirocniki\/prirocniki-in-ucno-gradivo\/kljuc\/kljuc-posnetki\/\" target=\"_blank\" rel=\"noopener\">Listen<\/a><\/p>\n<\/div>\n<\/div>\n<p>&nbsp;<\/p>\n<p>Handbook\u00a0<em>vKLJU\u010cevanje<\/em> v slovensko dru\u017ebo &#8230;.<\/p>\n","protected":false},"excerpt":{"rendered":"<p>vKLJU\u010cevanje v slovensko dru\u017ebo vKLJU\u010cevanje v slovensko dru\u017ebo Priro\u010dnik za izvajalce izobra\u017eevalnega programa Za\u010detna integracija priseljencev Authors: Ina Ferbe\u017ear, Nata\u0161a Pirih Svetina Download pdf Listen &nbsp; Handbook\u00a0vKLJU\u010cevanje v slovensko dru\u017ebo &#8230;.<\/p>\n","protected":false},"author":21,"featured_media":0,"parent":261,"menu_order":0,"comment_status":"closed","ping_status":"closed","template":"page-content-menu.php","meta":{"_acf_changed":false,"footnotes":""},"class_list":["post-7421","page","type-page","status-publish","hentry"],"acf":[],"_links":{"self":[{"href":"https:\/\/centerslo.si\/en\/wp-json\/wp\/v2\/pages\/7421","targetHints":{"allow":["GET"]}}],"collection":[{"href":"https:\/\/centerslo.si\/en\/wp-json\/wp\/v2\/pages"}],"about":[{"href":"https:\/\/centerslo.si\/en\/wp-json\/wp\/v2\/types\/page"}],"author":[{"embeddable":true,"href":"https:\/\/centerslo.si\/en\/wp-json\/wp\/v2\/users\/21"}],"replies":[{"embeddable":true,"href":"https:\/\/centerslo.si\/en\/wp-json\/wp\/v2\/comments?post=7421"}],"version-history":[{"count":5,"href":"https:\/\/centerslo.si\/en\/wp-json\/wp\/v2\/pages\/7421\/revisions"}],"predecessor-version":[{"id":7424,"href":"https:\/\/centerslo.si\/en\/wp-json\/wp\/v2\/pages\/7421\/revisions\/7424"}],"up":[{"embeddable":true,"href":"https:\/\/centerslo.si\/en\/wp-json\/wp\/v2\/pages\/261"}],"wp:attachment":[{"href":"https:\/\/centerslo.si\/en\/wp-json\/wp\/v2\/media?parent=7421"}],"curies":[{"name":"wp","href":"https:\/\/api.w.org\/{rel}","templated":true}]}}