{"id":734,"date":"2015-12-11T15:05:24","date_gmt":"2015-12-11T14:05:24","guid":{"rendered":"http:\/\/centerslo.si\/en\/?page_id=734"},"modified":"2026-01-05T09:34:11","modified_gmt":"2026-01-05T08:34:11","slug":"summer-school","status":"publish","type":"page","link":"https:\/\/centerslo.si\/en\/courses-for-adults\/courses\/summer-school\/","title":{"rendered":"Summer School"},"content":{"rendered":"\n<figure class=\"wp-block-image size-large\"><a href=\"https:\/\/centerslo.si\/en\/wp-content\/uploads\/sites\/2\/2025\/06\/25_Poletna_banner.jpg\"><img loading=\"lazy\" decoding=\"async\" width=\"1024\" height=\"366\" src=\"https:\/\/centerslo.si\/en\/wp-content\/uploads\/sites\/2\/2025\/06\/25_Poletna_banner-1024x366.jpg\" alt=\"\" class=\"wp-image-8981\" srcset=\"https:\/\/centerslo.si\/en\/wp-content\/uploads\/sites\/2\/2025\/06\/25_Poletna_banner-1024x366.jpg 1024w, https:\/\/centerslo.si\/en\/wp-content\/uploads\/sites\/2\/2025\/06\/25_Poletna_banner-300x107.jpg 300w, https:\/\/centerslo.si\/en\/wp-content\/uploads\/sites\/2\/2025\/06\/25_Poletna_banner-768x274.jpg 768w, https:\/\/centerslo.si\/en\/wp-content\/uploads\/sites\/2\/2025\/06\/25_Poletna_banner-1536x549.jpg 1536w, https:\/\/centerslo.si\/en\/wp-content\/uploads\/sites\/2\/2025\/06\/25_Poletna_banner.jpg 1920w\" sizes=\"auto, (max-width: 1024px) 100vw, 1024px\" \/><\/a><\/figure>\n\n\n<div class=\"lead-photo\">\u00a0<\/div>\n<div class=\"highlight\">\n<h1>Summer School of Slovene Language<\/h1>\n<div class=\"grid\">\n<div class=\"col span_2_of_3\">\n<p>We invite you to visit Slovenia this summer to take a course in Slovene while enjoying an unforgettable Slovene holiday.<\/p>\n<\/div>\n<div class=\"col span_1_of_3\">\n<p><strong>6\u201317 July 2026<\/strong><\/p>\n<p><a class=\"btn dynamic register orange\" href=\"https:\/\/prijave.snipi.si\/qP3IyhllNmdP?culture=en\">Application form<\/a><\/p>\n<\/div>\n<\/div>\n<\/div>\n<div class=\"open-hours\">\n<h2>Course and duration<\/h2>\n<h3>Morning course<\/h3>\n<ul>\n<li>four 45-minute lessons a day<\/li>\n<li>Monday to Friday from 9.00 am to 12.30 pm<\/li>\n<\/ul>\n<h3>Afternoon elective course &#8211; Conversation<\/h3>\n<ul>\n<li>two 45-minute lessons a day<\/li>\n<li>Monday to Friday from 2.00 pm to 3.30 pm<\/li>\n<\/ul>\n<h3>Accompanying programme<\/h3>\n<ul>\n<li>three times a week in the afternoon or evening. <a href=\"#AP\">More &#8230;<\/a><\/li>\n<\/ul>\n<\/div>\n<div class=\"open-hours\">\n<h2>Number of Class Hours*: 60\u201380 (3\u20134 ECTS)<\/h2>\n<ul>\n<li>morning session: 40 hours<\/li>\n<li>afternoon elective course: 20 hours<\/li>\n<li>accompanying programme: 10 hours<\/li>\n<li>homework: 10 hours<\/li>\n<\/ul>\n<p>*1 class hour = 45 minutes<\/p>\n<\/div>\n<div class=\"location\">\n<h2>Location<\/h2>\n<p><a href=\"https:\/\/centerslo.si\/en\/courses-for-adults\/general-information\/course-locations\">Filozofska fakulteta<\/a>, A\u0161ker\u010deva 2, Ljubljana.<\/p>\n<\/div>\n<div class=\"price\">\n<h2>Price<\/h2>\n<p><strong>785 EUR <\/strong>for a 2-week morning course<strong><br \/><\/strong><strong>240 EUR <\/strong>for a 2-week elective afternoon course<\/p>\n<p>Tuition fees cover language courses as well as the learning material and accompanying\u00a0activities programme.<\/p>\n<\/div>\n<ul class=\"accordion\">\n<li>\n<h3><a id=\"AP\"><\/a>Accompanying programme<\/h3>\n<div class=\"accordion-content\">\n<p>Summer school activities are not limited to language learning; there is also a varied accompanying programme (approximately 10 hours a week), which includes lectures, workshops, cultural events and sport activities. These activities take place 3 times per week in the afternoons or evenings and are included in the tuition fee.<\/p>\n<\/div>\n<\/li>\n<li>\n<h3>Scholarships<\/h3>\n<div class=\"accordion-content\">\n<p>Members of Slovene ethnic minorities in other countries and descendants of Slovene expatriates and emigrants can apply for the scholarship. The deadline for applications is <strong>15 May<\/strong>. <a href=\"https:\/\/centerslo.si\/en\/courses-for-adults\/scholarships\/\" target=\"_blank\" rel=\"noopener noreferrer\">More information and application&#8230; <\/a><\/p>\n<p>Candidates who do not have Slovene background, but are actively engaged in Slovene culture or in some other way contribute to the promotion of Slovenia in the world can apply for one of the scholarships of the Jana Zemljari\u010d Miklav\u010di\u010d Scholarship Trust. Applications should reach us <strong>before 1 May<\/strong>. <a href=\"https:\/\/centerslo.si\/en\/courses-for-adults\/courses\/summer-school\/the-jana-zemljaric-miklavcic-scholarship-trust\/\">More&#8230;<\/a><\/p>\n<\/div>\n<\/li>\n<li>\n<h3>General information<\/h3>\n<div class=\"accordion-content\">\n<p>All information about registration, payment, study schedule, and more can be found in the <a href=\"https:\/\/centerslo.si\/en\/courses-for-adults\/general-information\/\">General Information tab &#8230;<\/a><\/p>\n<\/div>\n<\/li>\n<\/ul>","protected":false},"excerpt":{"rendered":"<p>\u00a0 Summer School of Slovene Language We invite you to visit Slovenia this summer to take a course in Slovene while enjoying an unforgettable Slovene holiday. 6\u201317 July 2026 Application form Course and duration Morning course four 45-minute lessons a day Monday to Friday from 9.00 am to 12.30 pm Afternoon elective course &#8211; Conversation [&hellip;]<\/p>\n","protected":false},"author":10,"featured_media":0,"parent":740,"menu_order":4,"comment_status":"closed","ping_status":"closed","template":"page-content-menu.php","meta":{"_acf_changed":false,"footnotes":""},"class_list":["post-734","page","type-page","status-publish","hentry"],"acf":[],"_links":{"self":[{"href":"https:\/\/centerslo.si\/en\/wp-json\/wp\/v2\/pages\/734","targetHints":{"allow":["GET"]}}],"collection":[{"href":"https:\/\/centerslo.si\/en\/wp-json\/wp\/v2\/pages"}],"about":[{"href":"https:\/\/centerslo.si\/en\/wp-json\/wp\/v2\/types\/page"}],"author":[{"embeddable":true,"href":"https:\/\/centerslo.si\/en\/wp-json\/wp\/v2\/users\/10"}],"replies":[{"embeddable":true,"href":"https:\/\/centerslo.si\/en\/wp-json\/wp\/v2\/comments?post=734"}],"version-history":[{"count":96,"href":"https:\/\/centerslo.si\/en\/wp-json\/wp\/v2\/pages\/734\/revisions"}],"predecessor-version":[{"id":9689,"href":"https:\/\/centerslo.si\/en\/wp-json\/wp\/v2\/pages\/734\/revisions\/9689"}],"up":[{"embeddable":true,"href":"https:\/\/centerslo.si\/en\/wp-json\/wp\/v2\/pages\/740"}],"wp:attachment":[{"href":"https:\/\/centerslo.si\/en\/wp-json\/wp\/v2\/media?parent=734"}],"curies":[{"name":"wp","href":"https:\/\/api.w.org\/{rel}","templated":true}]}}