{"id":7271,"date":"2023-10-10T19:06:26","date_gmt":"2023-10-10T17:06:26","guid":{"rendered":"https:\/\/centerslo.si\/en\/?page_id=7271"},"modified":"2026-01-09T14:42:34","modified_gmt":"2026-01-09T13:42:34","slug":"slovenscina-1","status":"publish","type":"page","link":"https:\/\/centerslo.si\/en\/books\/textbooks-and-handbooks\/beginner-level\/slovenscina-1\/","title":{"rendered":"Sloven\u0161\u010dina 1+, Besedila in besedi\u0161\u010de 1.1"},"content":{"rendered":"<h1>SLOVEN\u0160\u010cINA 1+, Besedila in besedi\u0161\u010de za ju\u017enoslovanske govorce sloven\u0161\u010dine kot drugega jezika 1.1<\/h1>\n<div class=\"grid highlight\">\n<div class=\"col span_1_of_3\"><img loading=\"lazy\" decoding=\"async\" class=\"alignleft wp-image-7269 size-medium\" src=\"https:\/\/centerslo.si\/en\/wp-content\/uploads\/sites\/2\/2023\/10\/S-plus_Besedila-1.1_ovitek-205x300.jpg\" alt=\"\" width=\"205\" height=\"300\" srcset=\"https:\/\/centerslo.si\/en\/wp-content\/uploads\/sites\/2\/2023\/10\/S-plus_Besedila-1.1_ovitek-205x300.jpg 205w, https:\/\/centerslo.si\/en\/wp-content\/uploads\/sites\/2\/2023\/10\/S-plus_Besedila-1.1_ovitek-768x1123.jpg 768w, https:\/\/centerslo.si\/en\/wp-content\/uploads\/sites\/2\/2023\/10\/S-plus_Besedila-1.1_ovitek-701x1024.jpg 701w, https:\/\/centerslo.si\/en\/wp-content\/uploads\/sites\/2\/2023\/10\/S-plus_Besedila-1.1_ovitek.jpg 1226w\" sizes=\"auto, (max-width: 205px) 100vw, 205px\" \/><\/div>\n<div class=\"col span_2_of_3\">\n<p><strong>SLOVEN\u0160\u010cINA 1+<br \/>\n<\/strong> Besedila in besedi\u0161\u010de za ju\u017enoslovanske govorce sloven\u0161\u010dine kot drugega jezika 1.1<\/p>\n<p>Authors: Mojca Stritar Ku\u010duk, Sta\u0161a Pisek and Helena \u0160ter<\/p>\n<p><a class=\"btn orange\" href=\"https:\/\/knjigarna.uni-lj.si\/Zul\/1003397-1\" target=\"_blank\" rel=\"noopener\">Buy<\/a><\/p>\n<p><a class=\"btn black\" href=\"https:\/\/centerslo.si\/knjige\/ucbeniki-in-prirocniki\/osnovna-stopnja\/slovenscina-1-besedila-in-besedisce-1-1_listanje\/\" target=\"_blank\" rel=\"noopener\">Browse<\/a><\/p>\n<\/div>\n<\/div>\n<p>The <em>Besedila in besedi\u0161\u010de za ju\u017enoslovanske govorce sloven\u0161\u010dine kot drugega jezika 1.1<\/em> is part of the Slovenian 1+ learning curriculum. It is intended for international students participating in the first year of studies at the University of Ljubljana as part of the Leto plus module, engaging in two semesters of Slovenian language instruction for non-native speakers. The materials cover seven basic topics encountered by South Slavic speakers at the beginner level of learning. Each unit consists of activities for acquiring vocabulary and communication patterns, along with some short texts for reading comprehension. An important component includes tasks for written and oral communication.<\/p>\n<p>At the end of most units there are phonics exercises and some sociocultural information to better understand the environment in which students live and study.<\/p>\n<p>The materials are designed for use with a teacher, but to some extent, they can also be used independently, as solutions are provided at the end. It corresponds to learning Slovenian over one semester or 45-60 contact hours. Following <em>Besedila 1.1<\/em>, the next phase involves working with another volume, <em>Besedila 1.2<\/em>. Both volumes are encompassed by <em>Sloven\u0161\u010dina 1+: Slovni\u010dne tabele in vaje<\/em>, forming the <em>Sloven\u0161\u010dina 1+<\/em> learning set.<\/p>\n<p><img loading=\"lazy\" decoding=\"async\" class=\"alignnone  wp-image-23156\" src=\"https:\/\/centerslo.si\/wp-content\/uploads\/2024\/01\/Slovenscina_1_naslovnice_1-300x210.jpg\" alt=\"\" width=\"246\" height=\"172\" \/><\/p>\n<p><a href=\"https:\/\/centerslo.si\/en\/wp-content\/uploads\/sites\/2\/2024\/05\/brumen_priznanje_brumen_recognition_2024_horizontal_positive_rgb.png\"><img loading=\"lazy\" decoding=\"async\" class=\"alignnone  wp-image-7739\" src=\"https:\/\/centerslo.si\/en\/wp-content\/uploads\/sites\/2\/2024\/05\/brumen_priznanje_brumen_recognition_2024_horizontal_positive_rgb-300x89.png\" alt=\"\" width=\"266\" height=\"79\" srcset=\"https:\/\/centerslo.si\/en\/wp-content\/uploads\/sites\/2\/2024\/05\/brumen_priznanje_brumen_recognition_2024_horizontal_positive_rgb-300x89.png 300w, https:\/\/centerslo.si\/en\/wp-content\/uploads\/sites\/2\/2024\/05\/brumen_priznanje_brumen_recognition_2024_horizontal_positive_rgb-1024x303.png 1024w, https:\/\/centerslo.si\/en\/wp-content\/uploads\/sites\/2\/2024\/05\/brumen_priznanje_brumen_recognition_2024_horizontal_positive_rgb-768x227.png 768w, https:\/\/centerslo.si\/en\/wp-content\/uploads\/sites\/2\/2024\/05\/brumen_priznanje_brumen_recognition_2024_horizontal_positive_rgb.png 1035w\" sizes=\"auto, (max-width: 266px) 100vw, 266px\" \/><\/a><\/p>\n<hr \/>\n<p>See also:<\/p>\n<p><a href=\"https:\/\/centerslo.si\/knjige\/ucbeniki-in-prirocniki\/osnovna-stopnja\/slovenscina-1-slovnicne-tabele\/\"><img loading=\"lazy\" decoding=\"async\" class=\"alignnone  wp-image-19550\" src=\"https:\/\/centerslo.si\/wp-content\/uploads\/2021\/10\/Sloven\u0161\u010dina-1_naslovnica_jpg-212x300.jpg\" alt=\"\" width=\"134\" height=\"190\" \/><\/a> <a href=\"https:\/\/centerslo.si\/en\/books\/textbooks-and-handbooks\/beginner-level\/slovenscina-1-besedila-in-besedisce-za-juznoslovanske-govorce-slovenscine-kot-drugega-jezika-1-2\/\"><img loading=\"lazy\" decoding=\"async\" class=\"alignnone  wp-image-7454\" src=\"https:\/\/centerslo.si\/en\/wp-content\/uploads\/sites\/2\/2024\/01\/Besedila-1.2_ovitek--213x300.png\" alt=\"\" width=\"133\" height=\"187\" srcset=\"https:\/\/centerslo.si\/en\/wp-content\/uploads\/sites\/2\/2024\/01\/Besedila-1.2_ovitek--213x300.png 213w, https:\/\/centerslo.si\/en\/wp-content\/uploads\/sites\/2\/2024\/01\/Besedila-1.2_ovitek--768x1082.png 768w, https:\/\/centerslo.si\/en\/wp-content\/uploads\/sites\/2\/2024\/01\/Besedila-1.2_ovitek--727x1024.png 727w, https:\/\/centerslo.si\/en\/wp-content\/uploads\/sites\/2\/2024\/01\/Besedila-1.2_ovitek-.png 1036w\" sizes=\"auto, (max-width: 133px) 100vw, 133px\" \/><\/a><\/p>\n","protected":false},"excerpt":{"rendered":"<p>SLOVEN\u0160\u010cINA 1+, Besedila in besedi\u0161\u010de za ju\u017enoslovanske govorce sloven\u0161\u010dine kot drugega jezika 1.1 SLOVEN\u0160\u010cINA 1+ Besedila in besedi\u0161\u010de za ju\u017enoslovanske govorce sloven\u0161\u010dine kot drugega jezika 1.1 Authors: Mojca Stritar Ku\u010duk, Sta\u0161a Pisek and Helena \u0160ter Buy Browse The Besedila in besedi\u0161\u010de za ju\u017enoslovanske govorce sloven\u0161\u010dine kot drugega jezika 1.1 is part of the Slovenian 1+ [&hellip;]<\/p>\n","protected":false},"author":122,"featured_media":0,"parent":170,"menu_order":0,"comment_status":"closed","ping_status":"closed","template":"page-content-menu.php","meta":{"_acf_changed":false,"footnotes":""},"class_list":["post-7271","page","type-page","status-publish","hentry"],"acf":[],"_links":{"self":[{"href":"https:\/\/centerslo.si\/en\/wp-json\/wp\/v2\/pages\/7271","targetHints":{"allow":["GET"]}}],"collection":[{"href":"https:\/\/centerslo.si\/en\/wp-json\/wp\/v2\/pages"}],"about":[{"href":"https:\/\/centerslo.si\/en\/wp-json\/wp\/v2\/types\/page"}],"author":[{"embeddable":true,"href":"https:\/\/centerslo.si\/en\/wp-json\/wp\/v2\/users\/122"}],"replies":[{"embeddable":true,"href":"https:\/\/centerslo.si\/en\/wp-json\/wp\/v2\/comments?post=7271"}],"version-history":[{"count":11,"href":"https:\/\/centerslo.si\/en\/wp-json\/wp\/v2\/pages\/7271\/revisions"}],"predecessor-version":[{"id":9744,"href":"https:\/\/centerslo.si\/en\/wp-json\/wp\/v2\/pages\/7271\/revisions\/9744"}],"up":[{"embeddable":true,"href":"https:\/\/centerslo.si\/en\/wp-json\/wp\/v2\/pages\/170"}],"wp:attachment":[{"href":"https:\/\/centerslo.si\/en\/wp-json\/wp\/v2\/media?parent=7271"}],"curies":[{"name":"wp","href":"https:\/\/api.w.org\/{rel}","templated":true}]}}