{"id":7261,"date":"2023-10-03T13:40:31","date_gmt":"2023-10-03T11:40:31","guid":{"rendered":"https:\/\/centerslo.si\/en\/?page_id=7261"},"modified":"2026-01-12T08:54:30","modified_gmt":"2026-01-12T07:54:30","slug":"veronika-deseniska","status":"publish","type":"page","link":"https:\/\/centerslo.si\/en\/books\/graded-readers\/veronika-deseniska\/","title":{"rendered":"Veronika Deseni\u0161ka"},"content":{"rendered":"<h1>Veronika Deseni\u0161ka<\/h1>\n<div class=\"grid highlight\">\n<div class=\"col span_1_of_3\">\n<p><img loading=\"lazy\" decoding=\"async\" class=\"alignnone wp-image-7256 size-medium\" src=\"https:\/\/centerslo.si\/en\/wp-content\/uploads\/sites\/2\/2023\/10\/VERONIKA-DESENISKA_naslovka-193x300.jpg\" alt=\"\" width=\"193\" height=\"300\" srcset=\"https:\/\/centerslo.si\/en\/wp-content\/uploads\/sites\/2\/2023\/10\/VERONIKA-DESENISKA_naslovka-193x300.jpg 193w, https:\/\/centerslo.si\/en\/wp-content\/uploads\/sites\/2\/2023\/10\/VERONIKA-DESENISKA_naslovka-768x1193.jpg 768w, https:\/\/centerslo.si\/en\/wp-content\/uploads\/sites\/2\/2023\/10\/VERONIKA-DESENISKA_naslovka-659x1024.jpg 659w, https:\/\/centerslo.si\/en\/wp-content\/uploads\/sites\/2\/2023\/10\/VERONIKA-DESENISKA_naslovka.jpg 1596w\" sizes=\"auto, (max-width: 193px) 100vw, 193px\" \/><\/p>\n<\/div>\n<div class=\"col span_2_of_3\">\n<p><strong>Veronika Deseni\u0161ka<\/strong><strong><br \/>\n<\/strong>level <strong>5<\/strong>\u00a0 (for readers with at least B1+)<\/p>\n<p>Adapted by: Polona Liber\u0161ar, Karin Marc, Sanja Pirc, Eva \u0160prager, Sa\u0161a Vojtech Pokla\u010d<\/p>\n<p><a class=\"btn orange\" href=\"https:\/\/www.ff.uni-lj.si\/publikacije\/slovenscina-po-korakih-veronika-deseniska\" target=\"_blank\" rel=\"noopener\">Buy<\/a><\/p>\n<p><a class=\"btn black\" href=\"https:\/\/centerslo.si\/knjige\/stopenjska-berila\/veronika-deseniska\/veronika-deseniska_za-listanje\/\" target=\"_blank\" rel=\"noopener\">Browse<\/a><\/p>\n<p><a class=\"btn black\" href=\"https:\/\/centerslo.si\/\" target=\"_blank\" rel=\"noopener\">Listen &#8211; the recording will be available shortly<\/a><\/p>\n<\/div>\n<\/div>\n<p>The story of the love between Count Friderik II and Veronika of Desenice is one of the greatest love stories in Slovenian history. He was the son of a powerful ruler, while she was a rural noblewoman. Their love was so strong that nothing could stop it.<br \/>\nDiscover the political intrigues and romantic relationships that unfolded during the time of the Counts of Celje and led to the end of this important dynasty.<br \/>\nIn the book, there are also <strong>comprehension<\/strong> and <strong>vocabulary<\/strong> <strong>exercises<\/strong>.<\/p>\n<hr \/>\n","protected":false},"excerpt":{"rendered":"<p>Veronika Deseni\u0161ka Veronika Deseni\u0161ka level 5\u00a0 (for readers with at least B1+) Adapted by: Polona Liber\u0161ar, Karin Marc, Sanja Pirc, Eva \u0160prager, Sa\u0161a Vojtech Pokla\u010d Buy Browse Listen &#8211; the recording will be available shortly The story of the love between Count Friderik II and Veronika of Desenice is one of the greatest love stories [&hellip;]<\/p>\n","protected":false},"author":120,"featured_media":0,"parent":5752,"menu_order":4,"comment_status":"closed","ping_status":"closed","template":"","meta":{"_acf_changed":false,"footnotes":""},"class_list":["post-7261","page","type-page","status-publish","hentry"],"acf":[],"_links":{"self":[{"href":"https:\/\/centerslo.si\/en\/wp-json\/wp\/v2\/pages\/7261","targetHints":{"allow":["GET"]}}],"collection":[{"href":"https:\/\/centerslo.si\/en\/wp-json\/wp\/v2\/pages"}],"about":[{"href":"https:\/\/centerslo.si\/en\/wp-json\/wp\/v2\/types\/page"}],"author":[{"embeddable":true,"href":"https:\/\/centerslo.si\/en\/wp-json\/wp\/v2\/users\/120"}],"replies":[{"embeddable":true,"href":"https:\/\/centerslo.si\/en\/wp-json\/wp\/v2\/comments?post=7261"}],"version-history":[{"count":5,"href":"https:\/\/centerslo.si\/en\/wp-json\/wp\/v2\/pages\/7261\/revisions"}],"predecessor-version":[{"id":7800,"href":"https:\/\/centerslo.si\/en\/wp-json\/wp\/v2\/pages\/7261\/revisions\/7800"}],"up":[{"embeddable":true,"href":"https:\/\/centerslo.si\/en\/wp-json\/wp\/v2\/pages\/5752"}],"wp:attachment":[{"href":"https:\/\/centerslo.si\/en\/wp-json\/wp\/v2\/media?parent=7261"}],"curies":[{"name":"wp","href":"https:\/\/api.w.org\/{rel}","templated":true}]}}