{"id":7227,"date":"2023-09-20T11:23:46","date_gmt":"2023-09-20T09:23:46","guid":{"rendered":"https:\/\/centerslo.si\/en\/?page_id=7227"},"modified":"2026-01-08T14:07:52","modified_gmt":"2026-01-08T13:07:52","slug":"mozaik-slovenscine","status":"publish","type":"page","link":"https:\/\/centerslo.si\/en\/books\/textbooks-and-handbooks\/beginner-level\/mozaik-slovenscine\/","title":{"rendered":"Mozaik sloven\u0161\u010dine"},"content":{"rendered":"<h1>MOZAIK SLOVEN\u0160\u010cINE<\/h1>\n<div class=\"grid highlight\">\n<div class=\"col span_1_of_3\"><img loading=\"lazy\" decoding=\"async\" class=\"alignnone size-medium wp-image-22499\" src=\"https:\/\/centerslo.si\/wp-content\/uploads\/2023\/09\/Mozaik-slovenscine_ovitek-212x300.jpg\" alt=\"\" width=\"212\" height=\"300\" \/><\/div>\n<div class=\"col span_2_of_3\">\n<p><strong>MOZAIK SLOVEN\u0160\u010cINE<br \/>\n<\/strong>U\u010dbenik za\u00a0u\u010denje sloven\u0161\u010dine kot drugega in tujega jezika (A2)<\/p>\n<p>Authors: Tanja Jerman, Katja Murn, Tina Jugovi\u0107<\/p>\n<p><a class=\"btn orange\" href=\"https:\/\/knjigarna.uni-lj.si\/Zul\/jezika-1005949\" target=\"_blank\" rel=\"noopener\">Buy<\/a><\/p>\n<p><a class=\"btn black\" href=\"https:\/\/centerslo.si\/knjige\/ucbeniki-in-prirocniki\/osnovna-stopnja\/mozaik-slovenscine_za-listanje\/\" target=\"_blank\" rel=\"noopener\">Browse<\/a><\/p>\n<p><a class=\"btn black\" href=\"https:\/\/centerslo.si\/knjige\/ucbeniki-in-prirocniki\/osnovna-stopnja\/mozaik-slovenscine\/mozaik-slovenscine-posnetki\/\" target=\"_blank\" rel=\"noopener\">Listen<\/a><\/p>\n<\/div>\n<\/div>\n<p>The textbook Mozaik sloven\u0161\u010dine is intended for adult speakers of Slavic languages learning Slovene for the first time and for speakers of other languages that have already learned Slovene either at a beginners\u2019 level or from their environment. It is designed for at least eighty learning hours with a teacher, but can also be adapted and used for shorter language courses. The first part of the textbook covers topics related to everyday situations in which speakers of Slovene as a second language may find themselves. The material includes a variety of texts through which users can learn about Slovene society and culture. The second part contains a collection of (grammar) exercises. The textbook Mozaik sloven\u0161\u010dine allows users to reach level A2 on the CEFR scale. The authors of the textbook, Tanja Jerman, Katja Murn and Tina Jugovi\u0107, have extensive experience with teaching Slovene to speakers of other languages in Slovenia and abroad, and have prepared various other learning materials for these speakers.<\/p>\n<p><a href=\"https:\/\/centerslo.si\/en\/wp-content\/uploads\/sites\/2\/2024\/05\/brumen_priznanje_brumen_recognition_2024_horizontal_positive_rgb.png\"><img loading=\"lazy\" decoding=\"async\" class=\"alignnone  wp-image-7739\" src=\"https:\/\/centerslo.si\/en\/wp-content\/uploads\/sites\/2\/2024\/05\/brumen_priznanje_brumen_recognition_2024_horizontal_positive_rgb-300x89.png\" alt=\"\" width=\"262\" height=\"78\" srcset=\"https:\/\/centerslo.si\/en\/wp-content\/uploads\/sites\/2\/2024\/05\/brumen_priznanje_brumen_recognition_2024_horizontal_positive_rgb-300x89.png 300w, https:\/\/centerslo.si\/en\/wp-content\/uploads\/sites\/2\/2024\/05\/brumen_priznanje_brumen_recognition_2024_horizontal_positive_rgb-1024x303.png 1024w, https:\/\/centerslo.si\/en\/wp-content\/uploads\/sites\/2\/2024\/05\/brumen_priznanje_brumen_recognition_2024_horizontal_positive_rgb-768x227.png 768w, https:\/\/centerslo.si\/en\/wp-content\/uploads\/sites\/2\/2024\/05\/brumen_priznanje_brumen_recognition_2024_horizontal_positive_rgb.png 1035w\" sizes=\"auto, (max-width: 262px) 100vw, 262px\" \/><\/a><\/p>\n","protected":false},"excerpt":{"rendered":"<p>MOZAIK SLOVEN\u0160\u010cINE MOZAIK SLOVEN\u0160\u010cINE U\u010dbenik za\u00a0u\u010denje sloven\u0161\u010dine kot drugega in tujega jezika (A2) Authors: Tanja Jerman, Katja Murn, Tina Jugovi\u0107 Buy Browse Listen The textbook Mozaik sloven\u0161\u010dine is intended for adult speakers of Slavic languages learning Slovene for the first time and for speakers of other languages that have already learned Slovene either at a [&hellip;]<\/p>\n","protected":false},"author":21,"featured_media":0,"parent":170,"menu_order":0,"comment_status":"closed","ping_status":"closed","template":"","meta":{"_acf_changed":false,"footnotes":""},"class_list":["post-7227","page","type-page","status-publish","hentry"],"acf":[],"_links":{"self":[{"href":"https:\/\/centerslo.si\/en\/wp-json\/wp\/v2\/pages\/7227","targetHints":{"allow":["GET"]}}],"collection":[{"href":"https:\/\/centerslo.si\/en\/wp-json\/wp\/v2\/pages"}],"about":[{"href":"https:\/\/centerslo.si\/en\/wp-json\/wp\/v2\/types\/page"}],"author":[{"embeddable":true,"href":"https:\/\/centerslo.si\/en\/wp-json\/wp\/v2\/users\/21"}],"replies":[{"embeddable":true,"href":"https:\/\/centerslo.si\/en\/wp-json\/wp\/v2\/comments?post=7227"}],"version-history":[{"count":8,"href":"https:\/\/centerslo.si\/en\/wp-json\/wp\/v2\/pages\/7227\/revisions"}],"predecessor-version":[{"id":9725,"href":"https:\/\/centerslo.si\/en\/wp-json\/wp\/v2\/pages\/7227\/revisions\/9725"}],"up":[{"embeddable":true,"href":"https:\/\/centerslo.si\/en\/wp-json\/wp\/v2\/pages\/170"}],"wp:attachment":[{"href":"https:\/\/centerslo.si\/en\/wp-json\/wp\/v2\/media?parent=7227"}],"curies":[{"name":"wp","href":"https:\/\/api.w.org\/{rel}","templated":true}]}}