{"id":717,"date":"2015-12-11T14:54:55","date_gmt":"2015-12-11T13:54:55","guid":{"rendered":"http:\/\/centerslo.si\/en\/?page_id=717"},"modified":"2025-04-24T15:41:44","modified_gmt":"2025-04-24T13:41:44","slug":"accommodation","status":"publish","type":"page","link":"https:\/\/centerslo.si\/en\/courses-for-adults\/general-information\/accommodation\/","title":{"rendered":"Accommodation"},"content":{"rendered":"<h1>Accommodation<\/h1>\n<p>Centre for Slovene does not organise accommodation, however it is recommended that you arrange it prior to your arrival to Slovenia.<\/p>\n<hr \/>\n<h2>Budget accommodation in Ljubljana<\/h2>\n<hr \/>\n<p><strong><a href=\"http:\/\/hostel.ddb.si\/\" target=\"_blank\" rel=\"noopener\">Dija\u0161ki dom Be\u017eigrad<\/a><\/strong> (only in summer time)<br \/>\n28 Kardeljeva plo\u0161\u010dad<br \/>\nE:\u00a0<a href=\"mailto:info@ddb.si\" target=\"_blank\" rel=\"noopener\">info@ddb.si<\/a><br \/>\nT:\u00a0+386 1 5340 061<\/p>\n<hr \/>\n<p><strong><a href=\"http:\/\/hostel.dijaskidom-poljane.si\/\" target=\"_blank\" rel=\"noopener\">Dija\u0161ki dom Poljane<\/a>\u00a0<\/strong>(only in summer time)<strong><br \/>\n<\/strong>3 Poto\u010dnikova ulica<br \/>\nE:\u00a0<a href=\"mailto:hostel@dijaskidom-poljane.si\" target=\"_blank\" rel=\"noopener\">hostel@dijaskidom-poljane.si<\/a><br \/>\nT:\u00a0+386 1 300 31 37<\/p>\n<hr \/>\n<p><strong><a href=\"http:\/\/hosteldic.com\/\" target=\"_blank\" rel=\"noopener\">Dija\u0161ki dom Ivana Cankarja<\/a>\u00a0<\/strong>(only in summer time)<strong><br \/>\n<\/strong>26 Poljanska cesta<br \/>\nE:\u00a0<a href=\"mailto:hostel@dic.si\" target=\"_blank\" rel=\"noopener\">hostel@dic.si<\/a><br \/>\nT:\u00a0+386 1 474 86 30<\/p>\n<hr \/>\n<p><strong><a href=\"http:\/\/hostel.ddt.si\/\" target=\"_blank\" rel=\"noopener\">Dija\u0161ki dom Tabor<\/a>\u00a0<\/strong>(only in summer time)<strong><br \/>\n<\/strong>7 Vidovdanska cesta (entrance on 4 Kotnikova)<br \/>\nE:\u00a0<a href=\"mailto:hostel@ddt.si\" target=\"_blank\" rel=\"noopener\">hostel@ddt.si<\/a><br \/>\nT:\u00a0+386 1 234 88 40<\/p>\n<hr \/>\n<p><strong><a href=\"http:\/\/www.hostelcelica.com\/en\" target=\"_blank\" rel=\"noopener\">Hostel Celica<\/a><br \/>\n<\/strong>8 Metelkova ulica<br \/>\nE:\u00a0<a href=\"mailto:info@hostelcelica.com\" target=\"_blank\" rel=\"noopener\">info@hostelcelica.com<\/a><br \/>\nT:\u00a0+386 1 230 97 00<\/p>\n<hr \/>\n<p><strong><a href=\"http:\/\/www.fluxus-hostel.com\/en\/home.php\" target=\"_blank\" rel=\"noopener\">Fluxus Hostel<\/a><br \/>\n<\/strong>4 Tom\u0161i\u010deva ulica<br \/>\nE:\u00a0<a href=\"mailto:info@fluxus-hostel.com\" target=\"_blank\" rel=\"noopener\">info@fluxus-hostel.com<\/a><br \/>\nT:\u00a0+386 1 251 57 60<\/p>\n<hr \/>\n<p><strong><a href=\"http:\/\/www.zeppelinhostel.com\/\" target=\"_blank\" rel=\"noopener\">Zeppelin Hostel<\/a><br \/>\n<\/strong>47 Slovenska\u00a0cesta<br \/>\nE:\u00a0<a href=\"mailto:info@zeppelinhostel.com\" target=\"_blank\" rel=\"noopener\">info@zeppelinhostel.com<\/a><br \/>\nT:\u00a0+386 59\u00a019\u00a014 27<\/p>\n<hr \/>\n","protected":false},"excerpt":{"rendered":"<p>Accommodation Centre for Slovene does not organise accommodation, however it is recommended that you arrange it prior to your arrival to Slovenia. Budget accommodation in Ljubljana Dija\u0161ki dom Be\u017eigrad (only in summer time) 28 Kardeljeva plo\u0161\u010dad E:\u00a0info@ddb.si T:\u00a0+386 1 5340 061 Dija\u0161ki dom Poljane\u00a0(only in summer time) 3 Poto\u010dnikova ulica E:\u00a0hostel@dijaskidom-poljane.si T:\u00a0+386 1 300 31 [&hellip;]<\/p>\n","protected":false},"author":10,"featured_media":0,"parent":677,"menu_order":7,"comment_status":"closed","ping_status":"closed","template":"page-content-menu.php","meta":{"_acf_changed":false,"footnotes":""},"class_list":["post-717","page","type-page","status-publish","hentry"],"acf":[],"_links":{"self":[{"href":"https:\/\/centerslo.si\/en\/wp-json\/wp\/v2\/pages\/717","targetHints":{"allow":["GET"]}}],"collection":[{"href":"https:\/\/centerslo.si\/en\/wp-json\/wp\/v2\/pages"}],"about":[{"href":"https:\/\/centerslo.si\/en\/wp-json\/wp\/v2\/types\/page"}],"author":[{"embeddable":true,"href":"https:\/\/centerslo.si\/en\/wp-json\/wp\/v2\/users\/10"}],"replies":[{"embeddable":true,"href":"https:\/\/centerslo.si\/en\/wp-json\/wp\/v2\/comments?post=717"}],"version-history":[{"count":5,"href":"https:\/\/centerslo.si\/en\/wp-json\/wp\/v2\/pages\/717\/revisions"}],"predecessor-version":[{"id":8838,"href":"https:\/\/centerslo.si\/en\/wp-json\/wp\/v2\/pages\/717\/revisions\/8838"}],"up":[{"embeddable":true,"href":"https:\/\/centerslo.si\/en\/wp-json\/wp\/v2\/pages\/677"}],"wp:attachment":[{"href":"https:\/\/centerslo.si\/en\/wp-json\/wp\/v2\/media?parent=717"}],"curies":[{"name":"wp","href":"https:\/\/api.w.org\/{rel}","templated":true}]}}