{"id":709,"date":"2015-12-11T14:47:24","date_gmt":"2015-12-11T13:47:24","guid":{"rendered":"http:\/\/centerslo.si\/en\/?page_id=709"},"modified":"2026-03-17T15:44:42","modified_gmt":"2026-03-17T14:44:42","slug":"scholarships","status":"publish","type":"page","link":"https:\/\/centerslo.si\/en\/courses-for-adults\/scholarships\/","title":{"rendered":"Scholarships"},"content":{"rendered":"<h1>Scholarships<\/h1>\n<hr \/>\n<h2>Scholarships for Descendants of Slovenes<\/h2>\n<p style=\"text-align: justify;\">The Ministry of Education in cooperation with the Centre for Mobility and European Educational and Training Programmes and the Office for Slovenes Abroad provide scholarships covering tuition fees for <strong>members of Slovene ethnic minorities in other countries and descendants of Slovene expatriates and emigrants<\/strong>.<\/p>\n<p style=\"text-align: justify;\">Conditions for obtaining a scholarship:<\/p>\n<ul style=\"text-align: justify;\">\n<li><span style=\"color: #ff6600;\"><strong>Slovene background<\/strong><\/span><\/li>\n<li><span style=\"color: #ff6600;\"><strong>age up to 35 years<\/strong><\/span><\/li>\n<\/ul>\n<p style=\"text-align: justify;\">Scholarship sponsors will consider <strong>recommendations<\/strong> from:<\/p>\n<ul>\n<li style=\"text-align: justify;\"><strong> Slovene \u00e9migr\u00e9 institutions<\/strong> to which candidates, or their parents, are members, evidence of extracurricular activities in Slovene institutions, or recommendations one of the leading Slovene ethnic minority organisations when deciding on scholarship awards. Also welcome are recommendations from,<\/li>\n<li style=\"text-align: justify;\"><strong>Slovene teachers abroad,<\/strong><\/li>\n<li style=\"text-align: justify;\"><strong>diplomatic and consular missions<\/strong> of the Republic of Slovenia.<\/li>\n<\/ul>\n<p>One society from abroad cannot have more than two applicants for scholarships. Priority shall be given to candidates who have never before received scholarships for the courses of the Centre for Slovene as a Second\/Foreign Language.<\/p>\n<p style=\"text-align: justify;\"><span style=\"color: #ff6600;\"><strong>PLEASE NOTE:<\/strong><\/span> Scholarship covers <strong>only the tuition fee<\/strong> for morning courses and additional activities. All other costs are covered by participants themselves.<\/p>\n<p><strong>You can apply for the scholarship by completing the<\/strong> <strong>application form<\/strong>.\u00a0Possible <span style=\"color: #ff6600;\"><strong>recommendations<\/strong><\/span> should be attached to the application or sent by e-mail to <a href=\"mailto:jana.ketematicic@ff.uni-lj.si\">jana.ketematicic@ff.uni-lj.si<\/a>. If you fill out the scholarship application, you do not need to fill out the regular application intended for self-paying applicants.<\/p>\n<p>Scholarships are available for the following courses:<\/p>\n<h3>Summer School of Slovene Language in Ljubljana 2026<\/h3>\n<ul>\n<li>deadline: <span style=\"color: #ff6600;\"><strong>15 May 2026<br \/><a class=\"btn dynamic register orange\" href=\"https:\/\/prijave.snipi.si\/LzlFdhLLwqKN?culture=en\">Application form<\/a><br \/><\/strong><\/span><\/li>\n<\/ul>\n<h3>Autumn School of Slovene Language 2026<\/h3>\n<ul>\n<li>deadline: <span style=\"color: #ff6600;\"><strong>15 May 2026<br \/><a class=\"btn dynamic register orange\" href=\"https:\/\/prijave.snipi.si\/LzlFdhLLwqKN?culture=en\">Application form<\/a><br \/><\/strong><\/span><\/li>\n<\/ul>\n<h3>Afternoon and Morning Course of Slovene Language, Autumn 2026<\/h3>\n<ul>\n<li><span style=\"line-height: 1.5;\">deadline: <span style=\"color: #ff6600;\"><strong>31 August 2026<br \/><a class=\"btn dynamic register orange\" href=\"https:\/\/prijave.snipi.si\/M2Rc2h77pqBx?culture=en\">Application form<\/a><br \/><\/strong><\/span><\/span><\/li>\n<\/ul>\n<h3>Winter School of Slovene Language in Ljubljana 2026<\/h3>\n<ul>\n<li>deadline: <span style=\"color: #ff6600;\"><strong>31 August 2026<br \/><a class=\"btn dynamic register orange\" href=\"https:\/\/prijave.snipi.si\/M2Rc2h77pqBx?culture=en\">Application form<\/a><br \/><\/strong><\/span><\/li>\n<\/ul>\n<h3>Spring School of Slovene Language in Ljubljana 2026<\/h3>\n<ul>\n<li>deadline: <span style=\"color: #ff6600;\"><strong>31 August 2026<br \/><a class=\"btn dynamic register orange\" href=\"https:\/\/prijave.snipi.si\/M2Rc2h77pqBx?culture=en\">Application form<\/a><br \/><\/strong><\/span><\/li>\n<\/ul>\n<h3>Afternoon and Morning Course of Slovene Language, Spring 2027<\/h3>\n<ul>\n<li><span style=\"line-height: 1.5;\">deadline: <span style=\"color: #ff6600;\"><strong>1 February 2027<br \/><\/strong><\/span><\/span><a class=\"btn dynamic register orange\" href=\"https:\/\/prijave.snipi.si\/kKBh9h22ndyJ?culture=en\">Application form<\/a><\/li>\n<\/ul>\n<hr \/>\n\n\n<h2>Scholarships for Candidates without Slovene Ancestry<\/h2>\n\n\n\n<p>Candidates who do not have Slovene background, but are actively engaged in Slovene culture or in some other way contribute to the promotion of Slovenia in the world can apply for one of the scholarships of the <span style=\"color: #ff6600;\"><strong>Jana Zemljari\u010d Miklav\u010di\u010d Scholarship Trust <span style=\"color: #333333;\">for the Summer School of Slovene<\/span><\/strong><\/span>. The deadline for applications is\u00a0<span style=\"color: #333333;\"><strong>1 May 2024<\/strong><\/span>.\u00a0<strong><span style=\"color: #ff6600;\"><a style=\"color: #ff6600;\" href=\"https:\/\/centerslo.si\/en\/courses-for-adults\/courses\/summer-school\/the-jana-zemljaric-miklavcic-scholarship-trust\/\">More\u2026<\/a><\/span><\/strong><\/p>\n","protected":false},"excerpt":{"rendered":"<p>Scholarships Scholarships for Descendants of Slovenes The Ministry of Education in cooperation with the Centre for Mobility and European Educational and Training Programmes and the Office for Slovenes Abroad provide scholarships covering tuition fees for members of Slovene ethnic minorities in other countries and descendants of Slovene expatriates and emigrants. Conditions for obtaining a scholarship: [&hellip;]<\/p>\n","protected":false},"author":10,"featured_media":0,"parent":19,"menu_order":1,"comment_status":"closed","ping_status":"closed","template":"page-content-menu.php","meta":{"_acf_changed":false,"footnotes":""},"class_list":["post-709","page","type-page","status-publish","hentry"],"acf":[],"_links":{"self":[{"href":"https:\/\/centerslo.si\/en\/wp-json\/wp\/v2\/pages\/709","targetHints":{"allow":["GET"]}}],"collection":[{"href":"https:\/\/centerslo.si\/en\/wp-json\/wp\/v2\/pages"}],"about":[{"href":"https:\/\/centerslo.si\/en\/wp-json\/wp\/v2\/types\/page"}],"author":[{"embeddable":true,"href":"https:\/\/centerslo.si\/en\/wp-json\/wp\/v2\/users\/10"}],"replies":[{"embeddable":true,"href":"https:\/\/centerslo.si\/en\/wp-json\/wp\/v2\/comments?post=709"}],"version-history":[{"count":48,"href":"https:\/\/centerslo.si\/en\/wp-json\/wp\/v2\/pages\/709\/revisions"}],"predecessor-version":[{"id":10032,"href":"https:\/\/centerslo.si\/en\/wp-json\/wp\/v2\/pages\/709\/revisions\/10032"}],"up":[{"embeddable":true,"href":"https:\/\/centerslo.si\/en\/wp-json\/wp\/v2\/pages\/19"}],"wp:attachment":[{"href":"https:\/\/centerslo.si\/en\/wp-json\/wp\/v2\/media?parent=709"}],"curies":[{"name":"wp","href":"https:\/\/api.w.org\/{rel}","templated":true}]}}