{"id":701,"date":"2015-12-11T10:19:49","date_gmt":"2015-12-11T09:19:49","guid":{"rendered":"http:\/\/centerslo.si\/en\/?page_id=701"},"modified":"2025-06-24T10:58:58","modified_gmt":"2025-06-24T08:58:58","slug":"course-locations","status":"publish","type":"page","link":"https:\/\/centerslo.si\/en\/courses-for-adults\/general-information\/course-locations\/","title":{"rendered":"Course Locations"},"content":{"rendered":"<h1>Course Locations<\/h1>\n<p>\u00a0<\/p>\n\n\n<figure class=\"wp-block-image size-full is-resized\"><a href=\"https:\/\/centerslo.si\/en\/wp-content\/uploads\/sites\/2\/2025\/06\/Filozofska-fakulteta.jpg\"><img loading=\"lazy\" decoding=\"async\" width=\"1000\" height=\"668\" src=\"https:\/\/centerslo.si\/en\/wp-content\/uploads\/sites\/2\/2025\/06\/Filozofska-fakulteta.jpg\" alt=\"\" class=\"wp-image-9050\" style=\"width:457px;height:auto\" srcset=\"https:\/\/centerslo.si\/en\/wp-content\/uploads\/sites\/2\/2025\/06\/Filozofska-fakulteta.jpg 1000w, https:\/\/centerslo.si\/en\/wp-content\/uploads\/sites\/2\/2025\/06\/Filozofska-fakulteta-300x200.jpg 300w, https:\/\/centerslo.si\/en\/wp-content\/uploads\/sites\/2\/2025\/06\/Filozofska-fakulteta-768x513.jpg 768w\" sizes=\"auto, (max-width: 1000px) 100vw, 1000px\" \/><\/a><\/figure>\n\n\n\n<p><strong><a href=\"https:\/\/www.google.com\/maps\/place\/Filozofska+fakulteta+Univerze+v+Ljubljani\/@46.0467202,14.4976225,17z\/data=!4m6!3m5!1s0x47652d6666114239:0xaee558fc1153eca1!8m2!3d46.0467641!4d14.500317!16s%2Fg%2F121ynbl8?entry=ttu\">Faculty of Arts<\/a><br \/><\/strong>A\u0161ker\u010deva 2<br \/>1000 Ljubljana<\/p>\n\n\n\n<figure class=\"wp-block-image size-full is-resized\"><a href=\"https:\/\/centerslo.si\/en\/wp-content\/uploads\/sites\/2\/2025\/06\/Pionirski-dom.jpg\"><img loading=\"lazy\" decoding=\"async\" width=\"1024\" height=\"768\" src=\"https:\/\/centerslo.si\/en\/wp-content\/uploads\/sites\/2\/2025\/06\/Pionirski-dom.jpg\" alt=\"\" class=\"wp-image-9053\" style=\"aspect-ratio:4\/3;object-fit:cover;width:456px;height:auto\" srcset=\"https:\/\/centerslo.si\/en\/wp-content\/uploads\/sites\/2\/2025\/06\/Pionirski-dom.jpg 1024w, https:\/\/centerslo.si\/en\/wp-content\/uploads\/sites\/2\/2025\/06\/Pionirski-dom-300x225.jpg 300w, https:\/\/centerslo.si\/en\/wp-content\/uploads\/sites\/2\/2025\/06\/Pionirski-dom-768x576.jpg 768w\" sizes=\"auto, (max-width: 1024px) 100vw, 1024px\" \/><\/a><\/figure>\n\n\n\n<p><strong><a href=\"https:\/\/www.google.com\/maps\/place\/Pionirski+dom,+1000+Ljubljana\/@46.0611009,14.5094102,19z\/data=!3m1!4b1!4m6!3m5!1s0x4765329a371fd943:0x4195e2fb7bd50a83!8m2!3d46.0611!4d14.5100539!16s%2Fg%2F11_t2fhtp?entry=ttu\">Pionirski dom<\/a><br \/><\/strong>Vilharjeva 15<br \/>1000 Ljubljana<\/p>\n\n\n\n<figure class=\"wp-block-image size-full is-resized\"><a href=\"https:\/\/centerslo.si\/en\/wp-content\/uploads\/sites\/2\/2025\/06\/Tobacna.png\"><img loading=\"lazy\" decoding=\"async\" width=\"698\" height=\"471\" src=\"https:\/\/centerslo.si\/en\/wp-content\/uploads\/sites\/2\/2025\/06\/Tobacna.png\" alt=\"\" class=\"wp-image-9052\" style=\"width:458px;height:auto\" srcset=\"https:\/\/centerslo.si\/en\/wp-content\/uploads\/sites\/2\/2025\/06\/Tobacna.png 698w, https:\/\/centerslo.si\/en\/wp-content\/uploads\/sites\/2\/2025\/06\/Tobacna-300x202.png 300w\" sizes=\"auto, (max-width: 698px) 100vw, 698px\" \/><\/a><\/figure>\n\n\n\n<p><strong><a href=\"https:\/\/www.google.si\/maps\/place\/faculty+of+art\/@46.0480907,14.4931729,19.25z\/data=!4m14!1m7!3m6!1s0x47652d5d00aecac9:0x6401cdb26ff98432!2sUpravna+enota+Ljubljana,+Sektor+za+upravne+notranje+zadeve!8m2!3d46.0482411!4d14.4933711!16s%2Fg%2F11_m3pkds!3m5!1s0x47652d40a80070f7:0x7a222fc629017dd4!8m2!3d46.0483283!4d14.4937076!16s%2Fg%2F11fdxclghy?hl=sl&amp;entry=ttu\">Toba\u010dna<\/a><br \/><\/strong>Toba\u010dna 5<br \/>1000 Ljubljana<\/p>\n","protected":false},"excerpt":{"rendered":"<p>Course Locations \u00a0 Faculty of ArtsA\u0161ker\u010deva 21000 Ljubljana Pionirski domVilharjeva 151000 Ljubljana Toba\u010dnaToba\u010dna 51000 Ljubljana<\/p>\n","protected":false},"author":10,"featured_media":0,"parent":677,"menu_order":2,"comment_status":"closed","ping_status":"closed","template":"page-content-menu.php","meta":{"_acf_changed":false,"footnotes":""},"class_list":["post-701","page","type-page","status-publish","hentry"],"acf":[],"_links":{"self":[{"href":"https:\/\/centerslo.si\/en\/wp-json\/wp\/v2\/pages\/701","targetHints":{"allow":["GET"]}}],"collection":[{"href":"https:\/\/centerslo.si\/en\/wp-json\/wp\/v2\/pages"}],"about":[{"href":"https:\/\/centerslo.si\/en\/wp-json\/wp\/v2\/types\/page"}],"author":[{"embeddable":true,"href":"https:\/\/centerslo.si\/en\/wp-json\/wp\/v2\/users\/10"}],"replies":[{"embeddable":true,"href":"https:\/\/centerslo.si\/en\/wp-json\/wp\/v2\/comments?post=701"}],"version-history":[{"count":6,"href":"https:\/\/centerslo.si\/en\/wp-json\/wp\/v2\/pages\/701\/revisions"}],"predecessor-version":[{"id":9054,"href":"https:\/\/centerslo.si\/en\/wp-json\/wp\/v2\/pages\/701\/revisions\/9054"}],"up":[{"embeddable":true,"href":"https:\/\/centerslo.si\/en\/wp-json\/wp\/v2\/pages\/677"}],"wp:attachment":[{"href":"https:\/\/centerslo.si\/en\/wp-json\/wp\/v2\/media?parent=701"}],"curies":[{"name":"wp","href":"https:\/\/api.w.org\/{rel}","templated":true}]}}