{"id":6634,"date":"2022-10-26T13:48:54","date_gmt":"2022-10-26T11:48:54","guid":{"rendered":"https:\/\/centerslo.si\/en\/?page_id=6634"},"modified":"2022-10-26T13:48:54","modified_gmt":"2022-10-26T11:48:54","slug":"zbirka-testov-za-izpit-iz-znanja-slovenscine-na-visoki-ravni","status":"publish","type":"page","link":"https:\/\/centerslo.si\/en\/books\/textbooks-and-handbooks\/handbooks\/zbirka-testov-za-izpit-iz-znanja-slovenscine-na-visoki-ravni\/","title":{"rendered":"Zbirka testov za izpit iz znanja sloven\u0161\u010dine na visoki ravni"},"content":{"rendered":"<h1>Zbirka testov za izpit iz znanja sloven\u0161\u010dine na visoki ravni<\/h1>\n<div class=\"grid highlight\">\n<div class=\"col span_1_of_3\"><img loading=\"lazy\" decoding=\"async\" class=\"wp-image-6633 size-medium alignnone\" src=\"https:\/\/centerslo.si\/en\/wp-content\/uploads\/sites\/2\/2022\/10\/Visoka-raven_naslovnica-205x300.jpg\" alt=\"\" width=\"205\" height=\"300\" srcset=\"https:\/\/centerslo.si\/en\/wp-content\/uploads\/sites\/2\/2022\/10\/Visoka-raven_naslovnica-205x300.jpg 205w, https:\/\/centerslo.si\/en\/wp-content\/uploads\/sites\/2\/2022\/10\/Visoka-raven_naslovnica-768x1122.jpg 768w, https:\/\/centerslo.si\/en\/wp-content\/uploads\/sites\/2\/2022\/10\/Visoka-raven_naslovnica-701x1024.jpg 701w, https:\/\/centerslo.si\/en\/wp-content\/uploads\/sites\/2\/2022\/10\/Visoka-raven_naslovnica.jpg 1268w\" sizes=\"auto, (max-width: 205px) 100vw, 205px\" \/><\/div>\n<div class=\"col span_2_of_3\">\n<p><strong>ZBIRKA TESTOV ZA IZPIT IZ ZNANJA SLOVEN\u0160\u010cINE NA VISOKI RAVNI<br \/>\n<\/strong><\/p>\n<p><strong> Author: <br \/>\nIna Ferbe\u017ear (ur.) <\/strong><\/p>\n<p><a class=\"btn black\" href=\"https:\/\/centerslo.si\/wp-content\/uploads\/2022\/10\/Zbirka-testov_visoka_vsebina.pdf\">Download PDF<\/a><\/p>\n<p><a class=\"btn black\" href=\"https:\/\/centerslo.si\/?page_id=21189&amp;preview=true\" target=\"_blank\" rel=\"noopener\">Listen<\/a><\/p>\n<\/div>\n<\/div>\n<hr \/>\n<h3>ZBIRKE TESTOV ZA IZPITE IZ ZNANJA SLOVEN\u0160\u010cINE<\/h3>\n<ul>\n<li><strong>Izpit iz znanja sloven\u0161\u010dine na osnovni ravni<\/strong><\/li>\n<li><strong>Izpit iz znanja sloven\u0161\u010dine na srednji ravni<\/strong><\/li>\n<li><strong>Izpit iz znanja sloven\u0161\u010dine na visoki ravni<\/strong><\/li>\n<\/ul>\n<p>The collections of tests in preparation for the Slovene exam at elementary, intermediate and advanced level was produced by the Examination Centre of the Centre for Slovene as a Second\/Foreign Language. They are intended for anyone whose first language is not Slovene but who needs a recognised document or certificate attesting to their knowledge of Slovene. This series of publications provides an opportunity for intensive preparation for the exam at all three levels, offering all the relevant information about registering for the exam, presenting individual tasks and the exam as a whole, as well as sample texts for practice.<\/p>\n","protected":false},"excerpt":{"rendered":"<p>Zbirka testov za izpit iz znanja sloven\u0161\u010dine na visoki ravni ZBIRKA TESTOV ZA IZPIT IZ ZNANJA SLOVEN\u0160\u010cINE NA VISOKI RAVNI Author: Ina Ferbe\u017ear (ur.) Download PDF Listen ZBIRKE TESTOV ZA IZPITE IZ ZNANJA SLOVEN\u0160\u010cINE Izpit iz znanja sloven\u0161\u010dine na osnovni ravni Izpit iz znanja sloven\u0161\u010dine na srednji ravni Izpit iz znanja sloven\u0161\u010dine na visoki ravni [&hellip;]<\/p>\n","protected":false},"author":122,"featured_media":0,"parent":261,"menu_order":0,"comment_status":"closed","ping_status":"closed","template":"page-content-menu.php","meta":{"_acf_changed":false,"footnotes":""},"class_list":["post-6634","page","type-page","status-publish","hentry"],"acf":[],"_links":{"self":[{"href":"https:\/\/centerslo.si\/en\/wp-json\/wp\/v2\/pages\/6634","targetHints":{"allow":["GET"]}}],"collection":[{"href":"https:\/\/centerslo.si\/en\/wp-json\/wp\/v2\/pages"}],"about":[{"href":"https:\/\/centerslo.si\/en\/wp-json\/wp\/v2\/types\/page"}],"author":[{"embeddable":true,"href":"https:\/\/centerslo.si\/en\/wp-json\/wp\/v2\/users\/122"}],"replies":[{"embeddable":true,"href":"https:\/\/centerslo.si\/en\/wp-json\/wp\/v2\/comments?post=6634"}],"version-history":[{"count":1,"href":"https:\/\/centerslo.si\/en\/wp-json\/wp\/v2\/pages\/6634\/revisions"}],"predecessor-version":[{"id":6635,"href":"https:\/\/centerslo.si\/en\/wp-json\/wp\/v2\/pages\/6634\/revisions\/6635"}],"up":[{"embeddable":true,"href":"https:\/\/centerslo.si\/en\/wp-json\/wp\/v2\/pages\/261"}],"wp:attachment":[{"href":"https:\/\/centerslo.si\/en\/wp-json\/wp\/v2\/media?parent=6634"}],"curies":[{"name":"wp","href":"https:\/\/api.w.org\/{rel}","templated":true}]}}