{"id":5972,"date":"2021-11-25T12:02:20","date_gmt":"2021-11-25T11:02:20","guid":{"rendered":"https:\/\/centerslo.si\/en\/?page_id=5972"},"modified":"2026-01-12T08:36:59","modified_gmt":"2026-01-12T07:36:59","slug":"desetnica-povodni-moz-lepa-vida","status":"publish","type":"page","link":"https:\/\/centerslo.si\/en\/books\/graded-readers\/desetnica-povodni-moz-lepa-vida\/","title":{"rendered":"Desetnica, Povodni mo\u017e, Lepa Vida"},"content":{"rendered":"<h1>Desetnica, Povodni mo\u017e, Lepa Vida<\/h1>\n<div class=\"grid highlight\">\n<div class=\"col span_1_of_3\">\n<p><img loading=\"lazy\" decoding=\"async\" class=\"alignnone wp-image-5973 size-medium\" src=\"https:\/\/centerslo.si\/en\/wp-content\/uploads\/sites\/2\/2021\/11\/DESETNICA_naslovka-194x300.jpg\" alt=\"\" width=\"194\" height=\"300\" srcset=\"https:\/\/centerslo.si\/en\/wp-content\/uploads\/sites\/2\/2021\/11\/DESETNICA_naslovka-194x300.jpg 194w, https:\/\/centerslo.si\/en\/wp-content\/uploads\/sites\/2\/2021\/11\/DESETNICA_naslovka-768x1189.jpg 768w, https:\/\/centerslo.si\/en\/wp-content\/uploads\/sites\/2\/2021\/11\/DESETNICA_naslovka-661x1024.jpg 661w, https:\/\/centerslo.si\/en\/wp-content\/uploads\/sites\/2\/2021\/11\/DESETNICA_naslovka.jpg 1594w\" sizes=\"auto, (max-width: 194px) 100vw, 194px\" \/><\/p>\n<\/div>\n<div class=\"col span_2_of_3\">\n<p><strong>Desetnica, Povodni mo\u017e, Lepa Vida<br \/>\n<\/strong>level\u00a0<strong>3<\/strong>\u00a0 (for readers with at least A2)<\/p>\n<p>Adapted by: Tja\u0161a Ali\u010d, Tina Jugovi\u0107, Matej Klemen, Magda Lojk<\/p>\n<p><a class=\"btn orange\" href=\"https:\/\/knjigarna.uni-lj.si\/Zul\/1003563\" target=\"_blank\" rel=\"noopener\">Buy<\/a><\/p>\n<p><a class=\"btn black\" href=\"https:\/\/issuu.com\/znanstvenazalozbaff\/docs\/desetnica_c\" target=\"_blank\" rel=\"noopener\">Browse<\/a><\/p>\n<p><a class=\"btn black\" href=\"https:\/\/centerslo.si\/wp-content\/uploads\/2022\/02\/DESETNICA-POVODNI-MOZ-LEPA-VIDA_Slovenscina-po-korakih_mp3.mp3\" target=\"_blank\" rel=\"noopener\">Listen<\/a><\/p>\n<\/div>\n<\/div>\n<p>Read three stories about the women who left home and set off on an unknown journey. What sort of life awaits the youngest daughter\u00a0Marjetica, the beautiful Ur\u0161ka and the young\u00a0mother Vida?<br \/>\nStories are based on folk songs and the works of France Pre\u0161eren and Fran Mil\u010dinski.<br \/>\nIn the book, there are also <strong>comprehension<\/strong> and <strong>vocabulary<\/strong> <strong>exercises<\/strong>.<\/p>\n<hr \/>\n","protected":false},"excerpt":{"rendered":"<p>Desetnica, Povodni mo\u017e, Lepa Vida Desetnica, Povodni mo\u017e, Lepa Vida level\u00a03\u00a0 (for readers with at least A2) Adapted by: Tja\u0161a Ali\u010d, Tina Jugovi\u0107, Matej Klemen, Magda Lojk Buy Browse Listen Read three stories about the women who left home and set off on an unknown journey. What sort of life awaits the youngest daughter\u00a0Marjetica, the [&hellip;]<\/p>\n","protected":false},"author":120,"featured_media":0,"parent":5752,"menu_order":1,"comment_status":"closed","ping_status":"closed","template":"","meta":{"_acf_changed":false,"footnotes":""},"class_list":["post-5972","page","type-page","status-publish","hentry"],"acf":[],"_links":{"self":[{"href":"https:\/\/centerslo.si\/en\/wp-json\/wp\/v2\/pages\/5972","targetHints":{"allow":["GET"]}}],"collection":[{"href":"https:\/\/centerslo.si\/en\/wp-json\/wp\/v2\/pages"}],"about":[{"href":"https:\/\/centerslo.si\/en\/wp-json\/wp\/v2\/types\/page"}],"author":[{"embeddable":true,"href":"https:\/\/centerslo.si\/en\/wp-json\/wp\/v2\/users\/120"}],"replies":[{"embeddable":true,"href":"https:\/\/centerslo.si\/en\/wp-json\/wp\/v2\/comments?post=5972"}],"version-history":[{"count":8,"href":"https:\/\/centerslo.si\/en\/wp-json\/wp\/v2\/pages\/5972\/revisions"}],"predecessor-version":[{"id":9761,"href":"https:\/\/centerslo.si\/en\/wp-json\/wp\/v2\/pages\/5972\/revisions\/9761"}],"up":[{"embeddable":true,"href":"https:\/\/centerslo.si\/en\/wp-json\/wp\/v2\/pages\/5752"}],"wp:attachment":[{"href":"https:\/\/centerslo.si\/en\/wp-json\/wp\/v2\/media?parent=5972"}],"curies":[{"name":"wp","href":"https:\/\/api.w.org\/{rel}","templated":true}]}}