{"id":5856,"date":"2021-10-11T16:03:27","date_gmt":"2021-10-11T14:03:27","guid":{"rendered":"https:\/\/centerslo.si\/en\/?page_id=5856"},"modified":"2026-01-09T14:41:25","modified_gmt":"2026-01-09T13:41:25","slug":"slovenscina-1-slovnicne-tabele-in-vaje","status":"publish","type":"page","link":"https:\/\/centerslo.si\/en\/books\/textbooks-and-handbooks\/beginner-level\/slovenscina-1-slovnicne-tabele-in-vaje\/","title":{"rendered":"Sloven\u0161\u010dina 1+, Slovni\u010dne tabele in vaje"},"content":{"rendered":"<h1>SLOVEN\u0160\u010cINA 1+, Slovni\u010dne tabele in vaje<\/h1>\n<div class=\"grid highlight\">\n<div class=\"col span_1_of_3\"><a href=\"https:\/\/centerslo.si\/en\/wp-content\/uploads\/sites\/2\/2021\/10\/Sloven\u0161\u010dina-1_naslovnica_jpg.jpg\"><img loading=\"lazy\" decoding=\"async\" class=\"alignnone size-medium wp-image-5868\" src=\"https:\/\/centerslo.si\/en\/wp-content\/uploads\/sites\/2\/2021\/10\/Sloven\u0161\u010dina-1_naslovnica_jpg-212x300.jpg\" alt=\"\" width=\"212\" height=\"300\" srcset=\"https:\/\/centerslo.si\/en\/wp-content\/uploads\/sites\/2\/2021\/10\/Sloven\u0161\u010dina-1_naslovnica_jpg-212x300.jpg 212w, https:\/\/centerslo.si\/en\/wp-content\/uploads\/sites\/2\/2021\/10\/Sloven\u0161\u010dina-1_naslovnica_jpg-768x1086.jpg 768w, https:\/\/centerslo.si\/en\/wp-content\/uploads\/sites\/2\/2021\/10\/Sloven\u0161\u010dina-1_naslovnica_jpg-724x1024.jpg 724w, https:\/\/centerslo.si\/en\/wp-content\/uploads\/sites\/2\/2021\/10\/Sloven\u0161\u010dina-1_naslovnica_jpg.jpg 1240w\" sizes=\"auto, (max-width: 212px) 100vw, 212px\" \/><\/a><\/div>\n<div class=\"col span_2_of_3\">\n<p><strong>SLOVEN\u0160\u010cINA 1+<br \/>\n<\/strong>Slovni\u010dne tabele in vaje za ju\u017enoslovanske govorce sloven\u0161\u010dine kot drugega jezika<\/p>\n<p>Authors: Mojca Stritar Ku\u010duk, Helena \u0160ter<\/p>\n<p><a class=\"btn orange\" href=\"https:\/\/knjigarna.uni-lj.si\/Zul\/sloven%C5%A1%C4%8Dine-kot-drugega-jezika-1003560\" target=\"_blank\" rel=\"noopener\">Buy<\/a><\/p>\n<p><a class=\"btn black\" href=\"https:\/\/centerslo.si\/knjige\/ucbeniki-in-prirocniki\/osnovna-stopnja\/slovenscina-1-slovnicne-tabele-in-vaje_pdf\/\" target=\"_blank\" rel=\"noopener\">Browse<\/a><\/p>\n<\/div>\n<\/div>\n<p><em>Sloven\u0161\u010dina 1+<\/em><\/p>\n<p><em>Sloven\u0161\u010dina 1+<\/em> is a set of learning materials prepared for international students who in their first year at the University of Ljubljana have classes in the lectureship for Slovene as a Foreign Language. Since the great majority of the students are from Bosnia and Herzegovina, Macedonia, Croatia, Serbia or Macedonia, there is an emphasis on issues of relevance to speakers of South Slav languages. <em>Sloven\u0161\u010dina 1+<\/em> is designed for 90\u2013120 contact hours of Slovene, although highly motivated users can of course work through it more quickly.<\/p>\n<p>The first part \u2013 <em>Grammar tables and exercises for South Slav speakers of Slovene as a Foreign Language \u2013 <\/em>contains the basic grammatical content that such speakers encounter in the first stage of learning. The main focus is on morphological as well as syntactical questions. The chapters are arranged in terms of parts of speech, but the order of treatment of the material is decided by the teacher, who supplements the grammar tables with further explanations. The tables themselves offer only a basic explanation, or make it easier to remember the rules.<\/p>\n<p>Language learning should never be limited only to grammar, and so the second part of <em>Sloven\u0161\u010dina 1+<\/em> offers communication-oriented materials with communicative patterns, vocabulary exercises and text examples.<\/p>\n<p><img loading=\"lazy\" decoding=\"async\" class=\"alignnone  wp-image-23156\" src=\"https:\/\/centerslo.si\/wp-content\/uploads\/2024\/01\/Slovenscina_1_naslovnice_1-300x210.jpg\" alt=\"\" width=\"246\" height=\"172\" \/><\/p>\n<p><a href=\"https:\/\/centerslo.si\/en\/wp-content\/uploads\/sites\/2\/2024\/05\/brumen_priznanje_brumen_recognition_2024_horizontal_positive_rgb.png\"><img loading=\"lazy\" decoding=\"async\" class=\"alignnone  wp-image-7739\" src=\"https:\/\/centerslo.si\/en\/wp-content\/uploads\/sites\/2\/2024\/05\/brumen_priznanje_brumen_recognition_2024_horizontal_positive_rgb-300x89.png\" alt=\"\" width=\"263\" height=\"78\" srcset=\"https:\/\/centerslo.si\/en\/wp-content\/uploads\/sites\/2\/2024\/05\/brumen_priznanje_brumen_recognition_2024_horizontal_positive_rgb-300x89.png 300w, https:\/\/centerslo.si\/en\/wp-content\/uploads\/sites\/2\/2024\/05\/brumen_priznanje_brumen_recognition_2024_horizontal_positive_rgb-1024x303.png 1024w, https:\/\/centerslo.si\/en\/wp-content\/uploads\/sites\/2\/2024\/05\/brumen_priznanje_brumen_recognition_2024_horizontal_positive_rgb-768x227.png 768w, https:\/\/centerslo.si\/en\/wp-content\/uploads\/sites\/2\/2024\/05\/brumen_priznanje_brumen_recognition_2024_horizontal_positive_rgb.png 1035w\" sizes=\"auto, (max-width: 263px) 100vw, 263px\" \/><\/a><\/p>\n<hr \/>\n<p>See also:<\/p>\n<p><a href=\"https:\/\/centerslo.si\/en\/books\/textbooks-and-handbooks\/beginner-level\/slovenscina-1\/\"><img loading=\"lazy\" decoding=\"async\" class=\"alignnone  wp-image-22559\" src=\"https:\/\/centerslo.si\/wp-content\/uploads\/2023\/10\/S-plus_Besedila-1.1_ovitek-205x300.jpg\" alt=\"\" width=\"130\" height=\"190\" \/><\/a>\u00a0<a href=\"https:\/\/centerslo.si\/en\/books\/textbooks-and-handbooks\/beginner-level\/slovenscina-1-besedila-in-besedisce-za-juznoslovanske-govorce-slovenscine-kot-drugega-jezika-1-2\/\"><img loading=\"lazy\" decoding=\"async\" class=\"alignnone  wp-image-7454\" src=\"https:\/\/centerslo.si\/en\/wp-content\/uploads\/sites\/2\/2024\/01\/Besedila-1.2_ovitek--213x300.png\" alt=\"\" width=\"133\" height=\"187\" srcset=\"https:\/\/centerslo.si\/en\/wp-content\/uploads\/sites\/2\/2024\/01\/Besedila-1.2_ovitek--213x300.png 213w, https:\/\/centerslo.si\/en\/wp-content\/uploads\/sites\/2\/2024\/01\/Besedila-1.2_ovitek--768x1082.png 768w, https:\/\/centerslo.si\/en\/wp-content\/uploads\/sites\/2\/2024\/01\/Besedila-1.2_ovitek--727x1024.png 727w, https:\/\/centerslo.si\/en\/wp-content\/uploads\/sites\/2\/2024\/01\/Besedila-1.2_ovitek-.png 1036w\" sizes=\"auto, (max-width: 133px) 100vw, 133px\" \/><\/a><\/p>\n","protected":false},"excerpt":{"rendered":"<p>SLOVEN\u0160\u010cINA 1+, Slovni\u010dne tabele in vaje SLOVEN\u0160\u010cINA 1+ Slovni\u010dne tabele in vaje za ju\u017enoslovanske govorce sloven\u0161\u010dine kot drugega jezika Authors: Mojca Stritar Ku\u010duk, Helena \u0160ter Buy Browse Sloven\u0161\u010dina 1+ Sloven\u0161\u010dina 1+ is a set of learning materials prepared for international students who in their first year at the University of Ljubljana have classes in the [&hellip;]<\/p>\n","protected":false},"author":21,"featured_media":0,"parent":170,"menu_order":0,"comment_status":"closed","ping_status":"closed","template":"","meta":{"_acf_changed":false,"footnotes":""},"class_list":["post-5856","page","type-page","status-publish","hentry"],"acf":[],"_links":{"self":[{"href":"https:\/\/centerslo.si\/en\/wp-json\/wp\/v2\/pages\/5856","targetHints":{"allow":["GET"]}}],"collection":[{"href":"https:\/\/centerslo.si\/en\/wp-json\/wp\/v2\/pages"}],"about":[{"href":"https:\/\/centerslo.si\/en\/wp-json\/wp\/v2\/types\/page"}],"author":[{"embeddable":true,"href":"https:\/\/centerslo.si\/en\/wp-json\/wp\/v2\/users\/21"}],"replies":[{"embeddable":true,"href":"https:\/\/centerslo.si\/en\/wp-json\/wp\/v2\/comments?post=5856"}],"version-history":[{"count":10,"href":"https:\/\/centerslo.si\/en\/wp-json\/wp\/v2\/pages\/5856\/revisions"}],"predecessor-version":[{"id":9743,"href":"https:\/\/centerslo.si\/en\/wp-json\/wp\/v2\/pages\/5856\/revisions\/9743"}],"up":[{"embeddable":true,"href":"https:\/\/centerslo.si\/en\/wp-json\/wp\/v2\/pages\/170"}],"wp:attachment":[{"href":"https:\/\/centerslo.si\/en\/wp-json\/wp\/v2\/media?parent=5856"}],"curies":[{"name":"wp","href":"https:\/\/api.w.org\/{rel}","templated":true}]}}