{"id":5756,"date":"2021-07-21T14:34:04","date_gmt":"2021-07-21T12:34:04","guid":{"rendered":"https:\/\/centerslo.si\/en\/?page_id=5756"},"modified":"2026-01-12T08:40:36","modified_gmt":"2026-01-12T07:40:36","slug":"martin-krpan","status":"publish","type":"page","link":"https:\/\/centerslo.si\/en\/books\/graded-readers\/martin-krpan\/","title":{"rendered":"Martin Krpan"},"content":{"rendered":"<h1>Fran Levstik: Martin Krpan<\/h1>\n<div class=\"grid highlight\">\n<div class=\"col span_1_of_3\">\n<p><img loading=\"lazy\" decoding=\"async\" class=\"size-medium wp-image-19306\" src=\"https:\/\/centerslo.si\/wp-content\/uploads\/2021\/07\/KRPAN_naslovkaFINAL-01-193x300.png\" alt=\"\" width=\"193\" height=\"300\" \/><\/p>\n<\/div>\n<div class=\"col span_2_of_3\">\n<p><strong>Fran Levstik: Martin Krpan<\/strong><strong><br \/>\n<\/strong>level\u00a0<strong>3<\/strong>\u00a0 (for readers with at least A2+)<\/p>\n<p>Adapted by: Bo\u0161tjan Bo\u017ei\u010d, Jernej Klju\u010dev\u0161ek, Ivana Petric Lasnik, Petra Seitl<\/p>\n<p><a class=\"btn orange\" href=\"https:\/\/knjigarna.uni-lj.si\/Zul\/1003561\" target=\"_blank\" rel=\"noopener\">Buy<\/a><\/p>\n<p><a class=\"btn black\" href=\"https:\/\/issuu.com\/znanstvenazalozbaff\/docs\/martin12\" target=\"_blank\" rel=\"noopener\">Browse<\/a><\/p>\n<p><a class=\"btn black\" href=\"https:\/\/centerslo.si\/wp-content\/uploads\/2022\/02\/MARTIN-KRPAN_Slovenscina-po-korakih_mp3.mp3\" target=\"_blank\" rel=\"noopener\">Listen<\/a><\/p>\n<\/div>\n<\/div>\n<p>Martin Krpan is a story about the most famous Slovene hero who fights the terrible giant Brdavs and saves the empire.<br \/>\nIn the book, there are also <strong>comprehension<\/strong> and <strong>vocabulary<\/strong> <strong>exercises<\/strong>.<\/p>\n<hr \/>\n","protected":false},"excerpt":{"rendered":"<p>Fran Levstik: Martin Krpan Fran Levstik: Martin Krpan level\u00a03\u00a0 (for readers with at least A2+) Adapted by: Bo\u0161tjan Bo\u017ei\u010d, Jernej Klju\u010dev\u0161ek, Ivana Petric Lasnik, Petra Seitl Buy Browse Listen Martin Krpan is a story about the most famous Slovene hero who fights the terrible giant Brdavs and saves the empire. In the book, there are [&hellip;]<\/p>\n","protected":false},"author":120,"featured_media":0,"parent":5752,"menu_order":2,"comment_status":"closed","ping_status":"closed","template":"","meta":{"_acf_changed":false,"footnotes":""},"class_list":["post-5756","page","type-page","status-publish","hentry"],"acf":[],"_links":{"self":[{"href":"https:\/\/centerslo.si\/en\/wp-json\/wp\/v2\/pages\/5756","targetHints":{"allow":["GET"]}}],"collection":[{"href":"https:\/\/centerslo.si\/en\/wp-json\/wp\/v2\/pages"}],"about":[{"href":"https:\/\/centerslo.si\/en\/wp-json\/wp\/v2\/types\/page"}],"author":[{"embeddable":true,"href":"https:\/\/centerslo.si\/en\/wp-json\/wp\/v2\/users\/120"}],"replies":[{"embeddable":true,"href":"https:\/\/centerslo.si\/en\/wp-json\/wp\/v2\/comments?post=5756"}],"version-history":[{"count":6,"href":"https:\/\/centerslo.si\/en\/wp-json\/wp\/v2\/pages\/5756\/revisions"}],"predecessor-version":[{"id":9762,"href":"https:\/\/centerslo.si\/en\/wp-json\/wp\/v2\/pages\/5756\/revisions\/9762"}],"up":[{"embeddable":true,"href":"https:\/\/centerslo.si\/en\/wp-json\/wp\/v2\/pages\/5752"}],"wp:attachment":[{"href":"https:\/\/centerslo.si\/en\/wp-json\/wp\/v2\/media?parent=5756"}],"curies":[{"name":"wp","href":"https:\/\/api.w.org\/{rel}","templated":true}]}}