{"id":4935,"date":"2020-07-05T00:17:33","date_gmt":"2020-07-04T22:17:33","guid":{"rendered":"https:\/\/centerslo.si\/en\/?page_id=4935"},"modified":"2023-07-18T10:25:53","modified_gmt":"2023-07-18T08:25:53","slug":"the-breakthrough-level-exam-sample-test-and-grading","status":"publish","type":"page","link":"https:\/\/centerslo.si\/en\/exams\/slovene-language-exams\/the-breakthrough-level-exam\/the-breakthrough-level-exam-sample-test-and-grading\/","title":{"rendered":"The Breakthrough Level Exam Sample Test and Grading"},"content":{"rendered":"<h2>The Breakthrough Level Exam Sample Test<\/h2>\n<ul>\n<li><a href=\"https:\/\/centerslo.si\/en\/wp-content\/uploads\/sites\/2\/2022\/01\/Vzor\u010dni-izpit-A1_branje.pdf\" target=\"_blank\" rel=\"noopener\"><strong>Reading<\/strong><\/a>\n<ul>\n<li><a href=\"https:\/\/centerslo.si\/en\/wp-content\/uploads\/sites\/2\/2020\/11\/Vzor\u010dni-izpit-A1_Branje_re\u0161itve.pdf\" target=\"_blank\" rel=\"noopener\">answer key<\/a><\/li>\n<\/ul>\n<\/li>\n<li><a href=\"https:\/\/centerslo.si\/en\/wp-content\/uploads\/sites\/2\/2020\/11\/Vzor\u010dni-izpit-A1_Poslu\u0161anje.pdf\" target=\"_blank\" rel=\"noopener\"><strong>Listening<\/strong><\/a>\n<ul>\n<li><a href=\"https:\/\/centerslo.si\/en\/wp-content\/uploads\/sites\/2\/2020\/08\/A1_poslu\u0161anje-posnetek.mp3\" target=\"_blank\" rel=\"noopener\">recording<\/a><\/li>\n<li><a href=\"https:\/\/centerslo.si\/en\/wp-content\/uploads\/sites\/2\/2020\/11\/Vzor\u010dni-izpit-A1_Poslu\u0161anje_re\u0161itve.pdf\" target=\"_blank\" rel=\"noopener\">answer key<\/a><\/li>\n<\/ul>\n<\/li>\n<li><a href=\"https:\/\/centerslo.si\/en\/wp-content\/uploads\/sites\/2\/2022\/09\/Vzor\u010dni-izpit-A1_branje-in-pisanje_.pdf\" target=\"_blank\" rel=\"noopener\"><strong>Reading and Writing<\/strong><\/a>\n<ul>\n<li><a href=\"https:\/\/centerslo.si\/en\/wp-content\/uploads\/sites\/2\/2020\/11\/Vzor\u010dni-izpit-A1_Branje-in-pisanje-\u2013-primer-pozitivno-ocenjenega-besedila.pdf\" target=\"_blank\" rel=\"noopener\">example of scored text A1 (positive)<\/a><\/li>\n<li><a href=\"https:\/\/centerslo.si\/en\/wp-content\/uploads\/sites\/2\/2021\/01\/Izpit-A1_Branje-in-pisanje_ocenjevalna-merila.pdf\" target=\"_blank\" rel=\"noopener\">grading scale<\/a>\u00a0\u00a0<\/li>\n<\/ul>\n<\/li>\n<li><a href=\"https:\/\/centerslo.si\/en\/wp-content\/uploads\/sites\/2\/2021\/08\/A1-ustno_vzorec.pdf\" target=\"_blank\" rel=\"noopener\"><strong>Speaking<\/strong><\/a>\n<ul>\n<li><a href=\"https:\/\/centerslo.si\/en\/wp-content\/uploads\/sites\/2\/2023\/07\/Lestvica-VSTOP_govorjenje.pdf\">grading scale<\/a><\/li>\n<\/ul>\n<\/li>\n<\/ul>\n<h2>Grading<\/h2>\n<p>Writing and speaking are rated in accordance with the rating scales of the programme Slovene as a Second and Foreign Language. To pass, the candidate must score at least 60% on each section of the exam. The final exam grade is descriptive: pass or fail. The competence level is A1.<\/p>\n","protected":false},"excerpt":{"rendered":"<p>The Breakthrough Level Exam Sample Test Reading answer key Listening recording answer key Reading and Writing example of scored text A1 (positive) grading scale\u00a0\u00a0 Speaking grading scale Grading Writing and speaking are rated in accordance with the rating scales of the programme Slovene as a Second and Foreign Language. To pass, the candidate must score [&hellip;]<\/p>\n","protected":false},"author":122,"featured_media":0,"parent":4933,"menu_order":0,"comment_status":"closed","ping_status":"closed","template":"page-content-menu-izpiti.php","meta":{"_acf_changed":false,"footnotes":""},"class_list":["post-4935","page","type-page","status-publish","hentry"],"acf":[],"_links":{"self":[{"href":"https:\/\/centerslo.si\/en\/wp-json\/wp\/v2\/pages\/4935","targetHints":{"allow":["GET"]}}],"collection":[{"href":"https:\/\/centerslo.si\/en\/wp-json\/wp\/v2\/pages"}],"about":[{"href":"https:\/\/centerslo.si\/en\/wp-json\/wp\/v2\/types\/page"}],"author":[{"embeddable":true,"href":"https:\/\/centerslo.si\/en\/wp-json\/wp\/v2\/users\/122"}],"replies":[{"embeddable":true,"href":"https:\/\/centerslo.si\/en\/wp-json\/wp\/v2\/comments?post=4935"}],"version-history":[{"count":13,"href":"https:\/\/centerslo.si\/en\/wp-json\/wp\/v2\/pages\/4935\/revisions"}],"predecessor-version":[{"id":7157,"href":"https:\/\/centerslo.si\/en\/wp-json\/wp\/v2\/pages\/4935\/revisions\/7157"}],"up":[{"embeddable":true,"href":"https:\/\/centerslo.si\/en\/wp-json\/wp\/v2\/pages\/4933"}],"wp:attachment":[{"href":"https:\/\/centerslo.si\/en\/wp-json\/wp\/v2\/media?parent=4935"}],"curies":[{"name":"wp","href":"https:\/\/api.w.org\/{rel}","templated":true}]}}