{"id":4765,"date":"2020-05-13T14:30:28","date_gmt":"2020-05-13T12:30:28","guid":{"rendered":"https:\/\/centerslo.si\/en\/?page_id=4765"},"modified":"2020-05-13T14:30:28","modified_gmt":"2020-05-13T12:30:28","slug":"curriculum","status":"publish","type":"page","link":"https:\/\/centerslo.si\/en\/for-children\/curriculum\/","title":{"rendered":"Curriculum"},"content":{"rendered":"<h3><a href=\"https:\/\/centerslo.si\/wp-content\/uploads\/2016\/08\/UN__dijaki_priseljenci.pdf\">U\u010dni na\u010drt za sloven\u0161\u010dino za dijake priseljence<\/a><\/h3>\n<hr \/>\n<h3><a href=\"http:\/\/www.zrss.si\/pdf\/Ucni-nacrt-dopolnilni-pouk-slovenscine.pdf\">U\u010dni na\u010drt za dopolnilni pouk sloven\u0161\u010dine v tujini<\/a><\/h3>\n<hr \/>\n<h3>U\u010dni na\u010drt za za\u010detni pouk sloven\u0161\u010dine za u\u010dence priseljence<\/h3>\n<ul class=\"list-items\">\n<li><a href=\"https:\/\/centerslo.si\/za-otroke\/ucni-nacrti\/ucni-nacrti-za-slovenscino-kot-drugi-tuji-jezik\/ucni-nacrt-za-zacetni-pouk-slovenscine-za-ucence-priseljence\/ucni-nacrt-za-zacetni-pouk-slovenscine-za-otroke-priseljence\/\"><img loading=\"lazy\" decoding=\"async\" class=\"alignnone size-medium wp-image-16952\" src=\"https:\/\/centerslo.si\/wp-content\/uploads\/2020\/04\/1_Naslovnica-Za\u010detni-pouk-sloven\u0161\u010dine-01-214x300.jpg\" alt=\"\" width=\"214\" height=\"300\" \/><\/a> <strong><a href=\"https:\/\/centerslo.si\/za-otroke\/ucni-nacrti\/ucni-nacrti-za-slovenscino-kot-drugi-tuji-jezik\/ucni-nacrt-za-zacetni-pouk-slovenscine-za-ucence-priseljence\/ucni-nacrt-za-zacetni-pouk-slovenscine-za-otroke-priseljence\/\">U\u010dni na\u010drt za prvo vzgojno-izobra\u017eevalno obdobje<\/a><\/strong><\/li>\n<li><a href=\"https:\/\/centerslo.si\/za-otroke\/ucni-nacrti\/ucni-nacrti-za-slovenscino-kot-drugi-tuji-jezik\/ucni-nacrt-za-zacetni-pouk-slovenscine-za-ucence-priseljence\/2-vzgojno-izobrazevalno-obdobje-2\/\"><img loading=\"lazy\" decoding=\"async\" class=\"alignnone size-medium wp-image-16953\" src=\"https:\/\/centerslo.si\/wp-content\/uploads\/2020\/04\/2_Naslovnica-Za\u010detni-pouk-sloven\u0161\u010dine-01-214x300.jpg\" alt=\"\" width=\"214\" height=\"300\" \/><\/a> <a href=\"https:\/\/centerslo.si\/za-otroke\/ucni-nacrti\/ucni-nacrti-za-slovenscino-kot-drugi-tuji-jezik\/ucni-nacrt-za-zacetni-pouk-slovenscine-za-ucence-priseljence\/2-vzgojno-izobrazevalno-obdobje-2\/\"><strong>U\u010dni na\u010drt za drugo vzgojno-izobra\u017eevalno obdobje<\/strong><\/a><\/li>\n<li><a href=\"https:\/\/centerslo.si\/za-otroke\/ucni-nacrti\/ucni-nacrti-za-slovenscino-kot-drugi-tuji-jezik\/ucni-nacrt-za-zacetni-pouk-slovenscine-za-ucence-priseljence\/3-vzgojno-izobrazevalno-obdobje\/\"><img loading=\"lazy\" decoding=\"async\" class=\"alignnone size-medium wp-image-16954\" src=\"https:\/\/centerslo.si\/wp-content\/uploads\/2020\/04\/3_Naslovnica-Za\u010detni-pouk-sloven\u0161\u010dine-01-214x300.jpg\" alt=\"\" width=\"214\" height=\"300\" \/><\/a> <a href=\"https:\/\/centerslo.si\/za-otroke\/ucni-nacrti\/ucni-nacrti-za-slovenscino-kot-drugi-tuji-jezik\/ucni-nacrt-za-zacetni-pouk-slovenscine-za-ucence-priseljence\/3-vzgojno-izobrazevalno-obdobje\/\"><strong>U\u010dni na\u010drt za tretje vzgojno-izobra\u017eevalno obdobje<\/strong><\/a><\/li>\n<\/ul>\n","protected":false},"excerpt":{"rendered":"<p>U\u010dni na\u010drt za sloven\u0161\u010dino za dijake priseljence U\u010dni na\u010drt za dopolnilni pouk sloven\u0161\u010dine v tujini U\u010dni na\u010drt za za\u010detni pouk sloven\u0161\u010dine za u\u010dence priseljence U\u010dni na\u010drt za prvo vzgojno-izobra\u017eevalno obdobje U\u010dni na\u010drt za drugo vzgojno-izobra\u017eevalno obdobje U\u010dni na\u010drt za tretje vzgojno-izobra\u017eevalno obdobje<\/p>\n","protected":false},"author":23,"featured_media":0,"parent":21,"menu_order":3,"comment_status":"closed","ping_status":"closed","template":"page-content-menu.php","meta":{"_acf_changed":false,"footnotes":""},"class_list":["post-4765","page","type-page","status-publish","hentry"],"acf":[],"_links":{"self":[{"href":"https:\/\/centerslo.si\/en\/wp-json\/wp\/v2\/pages\/4765","targetHints":{"allow":["GET"]}}],"collection":[{"href":"https:\/\/centerslo.si\/en\/wp-json\/wp\/v2\/pages"}],"about":[{"href":"https:\/\/centerslo.si\/en\/wp-json\/wp\/v2\/types\/page"}],"author":[{"embeddable":true,"href":"https:\/\/centerslo.si\/en\/wp-json\/wp\/v2\/users\/23"}],"replies":[{"embeddable":true,"href":"https:\/\/centerslo.si\/en\/wp-json\/wp\/v2\/comments?post=4765"}],"version-history":[{"count":2,"href":"https:\/\/centerslo.si\/en\/wp-json\/wp\/v2\/pages\/4765\/revisions"}],"predecessor-version":[{"id":4767,"href":"https:\/\/centerslo.si\/en\/wp-json\/wp\/v2\/pages\/4765\/revisions\/4767"}],"up":[{"embeddable":true,"href":"https:\/\/centerslo.si\/en\/wp-json\/wp\/v2\/pages\/21"}],"wp:attachment":[{"href":"https:\/\/centerslo.si\/en\/wp-json\/wp\/v2\/media?parent=4765"}],"curies":[{"name":"wp","href":"https:\/\/api.w.org\/{rel}","templated":true}]}}