{"id":443,"date":"2015-12-09T08:25:18","date_gmt":"2015-12-09T07:25:18","guid":{"rendered":"http:\/\/centerslo.si\/en\/?page_id=443"},"modified":"2026-02-20T14:03:06","modified_gmt":"2026-02-20T13:03:06","slug":"other-institutions","status":"publish","type":"page","link":"https:\/\/centerslo.si\/en\/exams\/examination-centre\/other-institutions\/","title":{"rendered":"Other Institutions"},"content":{"rendered":"<h1>Other Institutions<\/h1>\n<p>Exams of Slovene language\u00a0on <strong>Breakthrough and Basic Level<\/strong> can also be\u00a0taken at any of the following institutions in Slovenia:<\/p>\n<ul>\n<li><a href=\"https:\/\/www.azm-lu.si\/izpiti\/izpiti-iz-slovenscine-na-osnovni-ravni\/\" target=\"_blank\" rel=\"noopener\">Andrago\u0161ki zavod Maribor &#8211; Ljudska univerza<\/a><\/li>\n<li><a href=\"https:\/\/www.cene-stupar.si\/sl\/jezikovna-sola\/tecaj-slovenscine\/izpit-slo-na-osnovni-ravni\" target=\"_blank\" rel=\"noopener\">Cene \u0160tupar \u2013 CILJ, Ljubljana<\/a><\/li>\n<li><a href=\"https:\/\/www.cdi-univerzum.si\/izpit-iz-slovenscine\/\">Center za dopisno izobra\u017eevanje Univerzum, Ljubljana<\/a><\/li>\n<li><a href=\"https:\/\/www.lu-ajdovscina.si\/jeziki\/2013012314362584\/izpit_iz_slovenskega_jezika_na_osnovni_ravni\/\" target=\"_blank\" rel=\"noopener\">Ljudska univerza Ajdov\u0161\u010dina<\/a><\/li>\n<li><a href=\"http:\/\/www.lu-celje.si\/izpit-iz-slovenscine\/\">Ljudska univerza Celje<\/a><\/li>\n<li><a href=\"http:\/\/lu-koper.splet.arnes.si\/?page_id=42\" target=\"_blank\" rel=\"noopener\">Ljudska univerza Koper<\/a><\/li>\n<li><a href=\"https:\/\/www.luniverza.si\/jezikovna-sola\/jezikovna-sola\/izpiti-11910\/\" target=\"_blank\" rel=\"noopener\">Ljudska univerza Kranj<\/a><\/li>\n<li><a href=\"https:\/\/www.lukrsko.si\/izpiti-iz-znanja-slovenscine.html\" target=\"_blank\" rel=\"noopener\">Ljudska univerza Kr\u0161ko<\/a><\/li>\n<li><a href=\"https:\/\/www.lums.si\/\">Ljudska univerza Murska Sobota<\/a><\/li>\n<li><a href=\"http:\/\/www.lung.si\/\">Ljudska univerza Nova Gorica<\/a><\/li>\n<li><a href=\"https:\/\/www.lu-ptuj.si\/\">Ljudska univerza Ptuj<\/a><\/li>\n<li><a href=\"https:\/\/lu-rogaska.si\/\">Ljudska univerza Roga\u0161ka Slatina<\/a><\/li>\n<li><a href=\"http:\/\/www.lu-velenje.si\/izobrazevanja\/slovenscina-za-tujce\/izpit-iz-slovenscine-na-osnovni-ravni\" target=\"_blank\" rel=\"noopener\">Ljudska univerza Velenje<\/a><\/li>\n<li><a href=\"https:\/\/www.ric-nm.si\/si\/programi\/informacije-za-tujce\/izpiti-iz-znanja-slovenscine\/\">Razvojno izobra\u017eevalni center Novo mesto<\/a><\/li>\n<li><a href=\"https:\/\/www.upi.si\/page\/jezikovna-sola-slovenscina-za-tujce\/#izpit\" target=\"_blank\" rel=\"noopener\">UPI \u2013 Ljudska univerza \u017dalec<\/a><\/li>\n<li><a href=\"https:\/\/www.zlu.si\/\">Zasavska ljudska univerza Trbovlje<\/a><\/li>\n<li><a href=\"http:\/\/www.zik-crnomelj.eu\/\" target=\"_blank\" rel=\"noopener\">Zavod za izobra\u017eevanje in kulturo \u010crnomelj<\/a><\/li>\n<li><a href=\"https:\/\/www.lu-postojna.si\/objava\/707311\">Zavod Znanje Postojna<\/a><\/li>\n<\/ul>\n<p>In addition to the Centre for Slovene as a Second and Foreign Language, exams on <strong>Breakthrough Level<\/strong>\u00a0only can also be taken at:<\/p>\n<ul>\n<li><a href=\"https:\/\/www.scv.si\/izpit-iz-znanja-slovenscine-kot-drugega-in-tujega-jezika-na-vstopni-ravni-a1\/\">\u0160olski center Velenje<\/a><\/li>\n<\/ul>\n<p>In addition to the Center for Slovene as a Second and Foreign Language, exams on <strong>Basic Level<\/strong> only can also be taken at:<\/p>\n<ul>\n<li><a href=\"https:\/\/www.lura.si\/\">Ljudska univerza Ravne na Koro\u0161kem<\/a><\/li>\n<\/ul>\n","protected":false},"excerpt":{"rendered":"<p>Other Institutions Exams of Slovene language\u00a0on Breakthrough and Basic Level can also be\u00a0taken at any of the following institutions in Slovenia: Andrago\u0161ki zavod Maribor &#8211; Ljudska univerza Cene \u0160tupar \u2013 CILJ, Ljubljana Center za dopisno izobra\u017eevanje Univerzum, Ljubljana Ljudska univerza Ajdov\u0161\u010dina Ljudska univerza Celje Ljudska univerza Koper Ljudska univerza Kranj Ljudska univerza Kr\u0161ko Ljudska univerza [&hellip;]<\/p>\n","protected":false},"author":10,"featured_media":0,"parent":421,"menu_order":1,"comment_status":"closed","ping_status":"closed","template":"page-content-menu-izpiti.php","meta":{"_acf_changed":false,"footnotes":""},"class_list":["post-443","page","type-page","status-publish","hentry"],"acf":[],"_links":{"self":[{"href":"https:\/\/centerslo.si\/en\/wp-json\/wp\/v2\/pages\/443","targetHints":{"allow":["GET"]}}],"collection":[{"href":"https:\/\/centerslo.si\/en\/wp-json\/wp\/v2\/pages"}],"about":[{"href":"https:\/\/centerslo.si\/en\/wp-json\/wp\/v2\/types\/page"}],"author":[{"embeddable":true,"href":"https:\/\/centerslo.si\/en\/wp-json\/wp\/v2\/users\/10"}],"replies":[{"embeddable":true,"href":"https:\/\/centerslo.si\/en\/wp-json\/wp\/v2\/comments?post=443"}],"version-history":[{"count":36,"href":"https:\/\/centerslo.si\/en\/wp-json\/wp\/v2\/pages\/443\/revisions"}],"predecessor-version":[{"id":9915,"href":"https:\/\/centerslo.si\/en\/wp-json\/wp\/v2\/pages\/443\/revisions\/9915"}],"up":[{"embeddable":true,"href":"https:\/\/centerslo.si\/en\/wp-json\/wp\/v2\/pages\/421"}],"wp:attachment":[{"href":"https:\/\/centerslo.si\/en\/wp-json\/wp\/v2\/media?parent=443"}],"curies":[{"name":"wp","href":"https:\/\/api.w.org\/{rel}","templated":true}]}}