{"id":416,"date":"2015-12-07T10:19:23","date_gmt":"2015-12-07T09:19:23","guid":{"rendered":"http:\/\/centerslo.si\/en\/?page_id=416"},"modified":"2015-12-07T10:21:26","modified_gmt":"2015-12-07T09:21:26","slug":"world-festival-of-slovene-documentary-films-2012","status":"publish","type":"page","link":"https:\/\/centerslo.si\/en\/at-foreign-universities\/cultural-projects\/world-festival-of-slovene-documentary-films-2012\/","title":{"rendered":"World Festival of Slovene Documentary Films 2012"},"content":{"rendered":"<h1>World Festival of Slovene Documentary Films 2012<\/h1>\n<p><strong>Od 26. novembra do 3. decembra 2012<\/strong><\/p>\n<div class=\"highlight\">\n<div class=\"grid\">\n<div class=\"col span_1_of_3\"><img decoding=\"async\" class=\"alignnone size-full wp-image-4645\" src=\"https:\/\/centerslo.si\/wp-content\/uploads\/2015\/11\/sdsdf_cover_small.jpg\" alt=\"sdsdf_cover_small\" \/><\/div>\n<div class=\"col span_2_of_3\">\n<h3>The project in numbers<\/h3>\n<p><strong>9<\/strong> documentaries<br \/> <strong>99<\/strong> subtitle tracks<br \/> <strong>21<\/strong> languages<\/p>\n<p><strong>39<\/strong> teachers of Slovene, organizing the festival at different universities, who have helped the students to translate the films<br \/> <strong>69<\/strong> proof readers<br \/> <strong>260<\/strong> translators \u2013 all students of Slovene at universities around the world<\/p>\n<h3>FILMS<\/h3>\n<p><strong><a href=\"https:\/\/centerslo.si\/wp-content\/uploads\/2015\/11\/Fabiani-Plecnik.pdf\" target=\"_blank\"><i>Ple\u010dnik : Fabiani<\/i><\/a><\/strong> (architecture, art), <strong><a href=\"https:\/\/centerslo.si\/wp-content\/uploads\/2015\/11\/Toporisic.pdf\" target=\"_blank\"><i>Topori\u0161i\u010d &#8211; Samotni hodec skozi neprijazni \u010das<\/i><\/a><\/strong> (linguistics and science), <a href=\"https:\/\/centerslo.si\/wp-content\/uploads\/2015\/11\/Aleksandrinke.pdf\" target=\"_blank\"><strong><i>Aleksandrinke<\/i><\/strong><\/a>(Slovene women working abroad), <strong><a href=\"https:\/\/centerslo.si\/wp-content\/uploads\/2015\/11\/Gustincic.pdf\" target=\"_blank\"><i>20. stoletje Jurija Gustin\u010di\u010da<\/i><\/a><\/strong> (journalism, politics), <strong><a href=\"https:\/\/centerslo.si\/wp-content\/uploads\/2015\/11\/V_letu_hip_hopa.pdf\" target=\"_blank\"><i>V letu hip-hopa<\/i><\/a><\/strong> (rap music), <strong><a href=\"https:\/\/centerslo.si\/wp-content\/uploads\/2015\/11\/Mila.pdf\" target=\"_blank\"><i>Mila, na\u0161a Mila<\/i>\u00a0&#8211;\u00a0<em>Z okusom po grenkem<\/em><\/a><\/strong> (theatre, literature); <strong><a href=\"https:\/\/centerslo.si\/wp-content\/uploads\/2015\/11\/Kobilca.pdf\" target=\"_blank\"><i>Ivana\u00a0<\/i><em>Kobilca &#8211; portret slikarke<\/em><\/a><\/strong> (art, painting), <strong><a href=\"https:\/\/centerslo.si\/wp-content\/uploads\/2015\/11\/Ivo_Daneu.pdf\" target=\"_blank\"><i>Spomini med ko\u0161i &#8211; Ivo Daneu<\/i><\/a><\/strong> (sport) in <strong><a href=\"https:\/\/centerslo.si\/wp-content\/uploads\/2015\/11\/Presihajoce_jezero.pdf\" target=\"_blank\"><i>Zadnji \u010doln \u2013 Presihajo\u010de jezero<\/i><\/a><\/strong> (natural heritage, ethnology).<\/p>\n<\/div>\n<\/div>\n<\/div>\n<p>From 26 November to 3 December 2012, an important cultural and promotional project World Festival of Slovene Documentary Films will take place at more than 50 foreign universities where Slovene is taught or studied. 9 Slovene documentary films were translated into 21 different languages by 39 teachers of Slovene and their 260 students around the world. Slovene national television (RTV Slovenia) added subtitles in foreign languages to films and provided DVDs.<\/p>\n<p>The teachers of Slovene at foreign universities together with Slovene Embassies are preparing many cultural events with Slovene documentaries in the following days, and with those the festival will reach a wide audience: in addition to students and teachers at foreign universities, also representatives of the Slovene community, Slovene organisations, and the media are warmly invited to participate. The project is organized by the programme Slovene at Foreign Universities at the Centre for Slovene as a Second\/Foreign Language, Department for Slovene Studies, Faculty of Arts, University of Ljubljana.<\/p>\n<hr \/>\n<h2>About the project\u00a0&#8211; DOC, PDF and JPG files<\/h2>\n<p><strong>DOC<\/strong><\/p>\n<ul>\n<li><a href=\"https:\/\/centerslo.si\/wp-content\/uploads\/2015\/11\/plakat_2012.doc\" target=\"_blank\"><strong>Poster<\/strong><\/a><\/li>\n<\/ul>\n<p><strong>PDF<\/strong><\/p>\n<ul>\n<li><a href=\"https:\/\/centerslo.si\/wp-content\/uploads\/2015\/11\/mapa_A4.pdf\" target=\"_blank\">Folder<br \/> <\/a><\/li>\n<li><a href=\"https:\/\/centerslo.si\/wp-content\/uploads\/2015\/11\/ovitek-DVD.pdf\" target=\"_blank\">DVD Cover<\/a><\/li>\n<li><a href=\"https:\/\/centerslo.si\/wp-content\/uploads\/2015\/11\/Aleksandrinke.pdf\" target=\"_blank\">Aleksandrinke<\/a><\/li>\n<li><a href=\"https:\/\/centerslo.si\/wp-content\/uploads\/2015\/11\/Gustincic.pdf\" target=\"_blank\">20. stoletje Jurija Gustin\u010di\u010da<\/a><\/li>\n<li><a href=\"https:\/\/centerslo.si\/wp-content\/uploads\/2015\/11\/Fabiani-Plecnik.pdf\" target=\"_blank\">Fabiani : Ple\u010dnik<\/a><\/li>\n<li><a href=\"https:\/\/centerslo.si\/wp-content\/uploads\/2015\/11\/Kobilca.pdf\" target=\"_blank\">Ivana Kobilca &#8211; Portret slikarke<br \/> <\/a><\/li>\n<li><a href=\"https:\/\/centerslo.si\/wp-content\/uploads\/2015\/11\/Mila.pdf\" target=\"_blank\">Mila, na\u0161a Mila &#8211; Z okusom po grenkem<\/a><\/li>\n<li><a href=\"https:\/\/centerslo.si\/wp-content\/uploads\/2015\/11\/Presihajoce_jezero.pdf\" target=\"_blank\">Presihajo\u010de jezero &#8211; Zadnji \u010doln<\/a><\/li>\n<li><a href=\"https:\/\/centerslo.si\/wp-content\/uploads\/2015\/11\/Ivo_Daneu.pdf\" target=\"_blank\">Spomini med ko\u0161i &#8211; Ivo Daneu<\/a><\/li>\n<li><a href=\"https:\/\/centerslo.si\/wp-content\/uploads\/2015\/11\/Toporisic.pdf\" target=\"_blank\">Topori\u0161i\u010d &#8211; Samotni hodec skozi neprijazni \u010das<\/a><\/li>\n<li><a href=\"http:\/\/www.centerslo.net\/files\/file\/stu\/Svetovni%20dnevi%202012\/V%20letu%20hip%20hopa.pdf\">V letu hip hopa<\/a><\/li>\n<\/ul>\n<p><strong>JPG<\/strong><\/p>\n<ul>\n<li><a href=\"https:\/\/centerslo.si\/wp-content\/uploads\/2015\/11\/mapa_A4_Page_1.jpg\" target=\"_blank\">Folder, 1<sup>st<\/sup> page<\/a><\/li>\n<li><a href=\"https:\/\/centerslo.si\/wp-content\/uploads\/2015\/11\/mapa_A4_Page_2.jpg\" target=\"_blank\">Folder, 2<sup>nd<\/sup> page<\/a><\/li>\n<li><a href=\"https:\/\/centerslo.si\/wp-content\/uploads\/2015\/11\/mapa_A4_Page_3.jpg\" target=\"_blank\">Folder, 3<sup>rd<\/sup> page<\/a><\/li>\n<li><a href=\"https:\/\/centerslo.si\/wp-content\/uploads\/2015\/11\/mapa_A4_Page_4.jpg\" target=\"_blank\">Folder, 4<sup>th<\/sup> page<\/a><\/li>\n<li><a href=\"https:\/\/centerslo.si\/wp-content\/uploads\/2015\/11\/ovitek-DVD.jpg\" target=\"_blank\">DVD Cover<\/a><\/li>\n<\/ul>\n","protected":false},"excerpt":{"rendered":"<p>World Festival of Slovene Documentary Films 2012 Od 26. novembra do 3. decembra 2012 The project in numbers 9 documentaries 99 subtitle tracks 21 languages 39 teachers of Slovene, organizing the festival at different universities, who have helped the students to translate the films 69 proof readers 260 translators \u2013 all students of Slovene at [&hellip;]<\/p>\n","protected":false},"author":10,"featured_media":0,"parent":403,"menu_order":0,"comment_status":"closed","ping_status":"closed","template":"page-content-menu.php","meta":{"_acf_changed":false,"footnotes":""},"class_list":["post-416","page","type-page","status-publish","hentry"],"acf":[],"_links":{"self":[{"href":"https:\/\/centerslo.si\/en\/wp-json\/wp\/v2\/pages\/416","targetHints":{"allow":["GET"]}}],"collection":[{"href":"https:\/\/centerslo.si\/en\/wp-json\/wp\/v2\/pages"}],"about":[{"href":"https:\/\/centerslo.si\/en\/wp-json\/wp\/v2\/types\/page"}],"author":[{"embeddable":true,"href":"https:\/\/centerslo.si\/en\/wp-json\/wp\/v2\/users\/10"}],"replies":[{"embeddable":true,"href":"https:\/\/centerslo.si\/en\/wp-json\/wp\/v2\/comments?post=416"}],"version-history":[{"count":3,"href":"https:\/\/centerslo.si\/en\/wp-json\/wp\/v2\/pages\/416\/revisions"}],"predecessor-version":[{"id":419,"href":"https:\/\/centerslo.si\/en\/wp-json\/wp\/v2\/pages\/416\/revisions\/419"}],"up":[{"embeddable":true,"href":"https:\/\/centerslo.si\/en\/wp-json\/wp\/v2\/pages\/403"}],"wp:attachment":[{"href":"https:\/\/centerslo.si\/en\/wp-json\/wp\/v2\/media?parent=416"}],"curies":[{"name":"wp","href":"https:\/\/api.w.org\/{rel}","templated":true}]}}