{"id":403,"date":"2015-12-07T08:51:52","date_gmt":"2015-12-07T07:51:52","guid":{"rendered":"http:\/\/centerslo.si\/en\/?page_id=403"},"modified":"2020-01-21T14:41:45","modified_gmt":"2020-01-21T13:41:45","slug":"cultural-projects","status":"publish","type":"page","link":"https:\/\/centerslo.si\/en\/at-foreign-universities\/cultural-projects\/","title":{"rendered":"Cultural projects"},"content":{"rendered":"<h1>Cultural projects<\/h1>\n<div class=\"highlight\">Although class teaching, together with mentoring of the students, is the most important aspect of the teachers\u2019 work, they are also representatives of Slovenia, who provide their students with information about Slovene culture and topical events in Slovenia. At most lectureships there are every year various cultural events for which teachers often obtain sponsorship from Slovene companies abroad and funds from public calls for applications, while the STU also covers some of the costs: film evenings featuring films from the Slovenian Film Centre (SFC), literary evenings and translation workshops, visits by Slovene writers, musicians etc., and lecturers from Slovene universities, other events with financial support from the Slovenian Book Agency (JAK) and some publishing houses. Alongside these events, teachers together with their students often prepare printed materials, and the Slovene embassies also make their contribution. Every year, students from some lectureships have the opportunity to go on excursions to Slovenia.<\/div>\n<hr \/>\n<h2>World Festival Projects<\/h2>\n<ul>\n<li><a href=\"#2019\"><strong>2019 &#8211; World Festival of Slovene Science and Arts &#8211; 100th Anniversary of the University of Ljubljana<\/strong><\/a><\/li>\n<li><a href=\"https:\/\/centerslo.si\/en\/at-foreign-universities\/cultural-projects\/#Cankar\">2018 \u2013 World Festival of Ivan Cankar<\/a><\/li>\n<li><span style=\"color: #ff6600;\">2016 \u2013 World Festival of Slovene Culture<\/span><\/li>\n<li><span style=\"color: #ff6600;\">2014 \u2013 World Festival of Slovene Language:\u00a0<i>\u017depna sloven\u0161\u010dina\u00a0<\/i><\/span><\/li>\n<li><a href=\"#2012\">2012 \u2013 World Festival of Slovene Documentary Films<\/a><\/li>\n<li><a href=\"#2010\">2010 \u2013 World Festival of Contemporary Slovene Literature<\/a><\/li>\n<li><a href=\"#2008\">2008 \u2013 World Festival of Slovene Literature on Film<\/a><\/li>\n<li><a href=\"#2006\">2006 \u2013 World Festival of Slovene Literature<\/a><\/li>\n<li><a href=\"#2005\">2005 \u2013 International Promotion of Slovene Films<\/a><\/li>\n<li><a href=\"#2004\">2004 \u2013 Translation of Slovene Literary Texts<\/a><\/li>\n<\/ul>\n<p>Since 2004, a number of projects for the promotion of culture have taken place every year or every two years at all the foreign universities where Slovene is taught. There have so far been five of these, the last four under the shared title of World Festival. The purpose of the projects is to promote links between Slovene Studies departments around the world and cooperation among teachers of Slovene at foreign universities, and with Slovenia. The projects aim to present as widely as possible Slovene language, literature and culture, and to promote Slovene at foreign universities where the language is taught and more widely where there are Slovene communities.<\/p>\n<p>Project guidelines are always decided at meetings of teachers, who are often the project initiators. The projects are coordinated by the STU programme at the Centre for Slovene, where various experts prepare common publications and promotional materials, provide films, and so on. In Slovene Studies departments, teachers and students prepare events for the central week of the project, which is always in late November or early December in the year of the project. During this week, at universities across the world, many such events unfold. Project preparations last throughout the year, with teachers and students translating literature, subtitling films, agreeing guest visits from Slovenia, and organising workshops and literary evenings.<\/p>\n<p>Financial support for the projects is partly ensured by the Ministry for Education, Science and Sport, while further resources are obtained through the participation of different institutions. Slovene embassies around the world prepare receptions and help organise events to which they invite Slovenes living abroad, emigrants and Slovenes in border areas of neighbouring countries. The Slovene national television and radio stations are also actively involved.<\/p>\n<p>&nbsp;<\/p>\n<hr \/>\n<h3><a id=\"2019\"><\/a>2019\u2013\u00a0World Festival of Slovene Science and Arts\u00a0\u2013\u00a0100th Anniversary of the University of Ljubljana\u00a0 \u00a0<\/h3>\n<h3><a href=\"https:\/\/centerslo.si\/en\/wp-content\/uploads\/sites\/2\/2019\/12\/STU-2019_banner-EN-1.png\"><img loading=\"lazy\" decoding=\"async\" class=\"alignnone size-medium wp-image-4318\" src=\"https:\/\/centerslo.si\/en\/wp-content\/uploads\/sites\/2\/2019\/12\/STU-2019_banner-EN-1-300x97.png\" alt=\"\" width=\"300\" height=\"97\" srcset=\"https:\/\/centerslo.si\/en\/wp-content\/uploads\/sites\/2\/2019\/12\/STU-2019_banner-EN-1-300x97.png 300w, https:\/\/centerslo.si\/en\/wp-content\/uploads\/sites\/2\/2019\/12\/STU-2019_banner-EN-1.png 733w\" sizes=\"auto, (max-width: 300px) 100vw, 300px\" \/><\/a><\/h3>\n<p>Between 2 and 6 December 2019 there were more around 90 events taking place at more than 50 universities around the world under the title <em>World Festival of Slovene Science and Arts<\/em> celebrating <em>100th anniversary of the University of Ljubljana<\/em>, the first Slovene university. Numerous events were prepared by the teachers and coworkers of the programme Slovene at Foreign Universities, together with the students of Slovene, and in cooperation with foreign universities and diplomatic representatives of the Republic of Slovenia.\u00a0<\/p>\n<p>The preparations for the project started a year ahead, in the academic year 2018\/2019, when the teachers and heads of the Slovene studies at the universities around the world prepared articles about the status of the Slovene Studies at their universities, its development, and present and past teachers and professors. They described extracurricular activities, and presented many achievements &#8211; dissertations, translations, teaching and study materials, scientific monographic publications. A special publication <em>Slovene and Slovene studies at the universites abroad<\/em> with the 59 such describtions was printed in Slovene in November 2019, available also <strong><a href=\"https:\/\/centerslo.si\/wp-content\/uploads\/2019\/12\/Zbornik-Slovenscina-in-slovenistike-Svetovni-dnevi-2019.pdf\">here<\/a>.<\/strong><\/p>\n<p><strong><a href=\"https:\/\/centerslo.si\/wp-content\/uploads\/2019\/12\/VSIDOGODKISvetovni-dnevi2019_3.pdf\">More about the events (in Slovene)<\/a><\/strong><\/p>\n<p>&nbsp;<\/p>\n<h3><a id=\"Cankar\"><\/a>2018 \u2013 World Festival of Ivan Cankar<\/h3>\n<h3><a href=\"https:\/\/centerslo.si\/en\/wp-content\/uploads\/sites\/2\/2018\/11\/STU-Ivan-Cankar_banerji_850x300_ang.png\"><img loading=\"lazy\" decoding=\"async\" class=\"alignnone size-medium wp-image-3546\" src=\"https:\/\/centerslo.si\/en\/wp-content\/uploads\/sites\/2\/2018\/11\/STU-Ivan-Cankar_banerji_850x300_ang-300x106.png\" alt=\"\" width=\"300\" height=\"106\" srcset=\"https:\/\/centerslo.si\/en\/wp-content\/uploads\/sites\/2\/2018\/11\/STU-Ivan-Cankar_banerji_850x300_ang-300x106.png 300w, https:\/\/centerslo.si\/en\/wp-content\/uploads\/sites\/2\/2018\/11\/STU-Ivan-Cankar_banerji_850x300_ang-768x271.png 768w, https:\/\/centerslo.si\/en\/wp-content\/uploads\/sites\/2\/2018\/11\/STU-Ivan-Cankar_banerji_850x300_ang-1024x361.png 1024w\" sizes=\"auto, (max-width: 300px) 100vw, 300px\" \/><\/a><\/h3>\n<p>The project will take place from 3 to 9 December 2018 at more than 50 universities around the world where Slovene is taught. The central part of the events will be the introduction of\u00a0<em>Antologija literature Ivana Cankarja\u00a0s prevodi v tuje jezike<\/em> (<em>Anthology of Ivan Cankar&#8217;s Literature with Translations into Foreign Languages<\/em>) that was just published, with the translations carried out by the teachers of Slovene\u00a0and their students, and established translators into 21 languages. In the project participated 42 universities around the world, 45 teachers of Slovene, 218 translators and 42 language consultats. The <em>Anthology<\/em> was edited and printed by the Centre. Also the vents will be dedicated to two new documentaries about Ivana Cankar\u00a0<em>Tiso\u010d ur bridkosti za eno uro veselja<\/em>\u00a0(2018, director Du\u0161an Moravec, scenario Matja\u017e Pikalo), and\u00a0<em>Cankar<\/em>\u00a0(2018, director and scenario Amir Muratovi\u0107).<\/p>\n<h3><a href=\"https:\/\/centerslo.si\/na-tujih-univerzah\/kulturni-projekti\/#Cankar\">More &#8230;<\/a><\/h3>\n<h3>\u00a0<\/h3>\n<h3>2016 \u2013 World Festival of Slovene Culture<\/h3>\n<h3><strong><a href=\"https:\/\/centerslo.si\/wp-content\/uploads\/2015\/10\/Slovene-Culture-booklet.pdf\" target=\"_blank\" rel=\"noopener noreferrer\">English version of the booklet (by David Limon)<\/a><\/strong><\/h3>\n<p><a href=\"https:\/\/centerslo.si\/wp-content\/uploads\/2015\/10\/Svetovni-dnevi-kulture_splet_nova-1.pdf\" target=\"_blank\" rel=\"noopener noreferrer\"><img loading=\"lazy\" decoding=\"async\" class=\"alignnone wp-image-9805\" src=\"https:\/\/centerslo.si\/wp-content\/uploads\/2015\/10\/slo-na-tujih-univerzah_kultura_naslovnica-211x300.jpg\" sizes=\"auto, (max-width: 285px) 100vw, 285px\" srcset=\"https:\/\/centerslo.si\/wp-content\/uploads\/2015\/10\/slo-na-tujih-univerzah_kultura_naslovnica-211x300.jpg 211w, https:\/\/centerslo.si\/wp-content\/uploads\/2015\/10\/slo-na-tujih-univerzah_kultura_naslovnica-768x1090.jpg 768w, https:\/\/centerslo.si\/wp-content\/uploads\/2015\/10\/slo-na-tujih-univerzah_kultura_naslovnica-722x1024.jpg 722w\" alt=\"slo-na-tujih-univerzah_kultura_naslovnica\" width=\"285\" height=\"405\" \/><\/a><\/p>\n<h3>__________________________________________________<\/h3>\n<h3>2014 \u2013 World Festival of Slovene Language: <em>\u017depna sloven\u0161\u010dina<\/em><\/h3>\n<p>The project was carried out from 1 to 5 December 2014 at more than 50 universities around the world where Slovene is taught. The central part of the events was the introduction of the bilingual booklets <em>\u017depna sloven\u0161\u010dina<\/em> (<em>Pocket Slovene<\/em>) that were translated by the Slovene teachers and their students, and established translators into 22 foreign languages. In the project participated more than 45 teachers, 220 translators and 43 language consultats. Booklets were edited and printed by the Centre.<\/p>\n<p><a href=\"https:\/\/centerslo.si\/na-tujih-univerzah\/kulturni-projekti\/svetovni-dnevi-slovenskega-jezika-2014\/\"><img decoding=\"async\" class=\"alignnone wp-image-1736 size-medium\" src=\"https:\/\/centerslo.si\/wp-content\/uploads\/2015\/10\/naslovnica-zepna-ang.jpg\" alt=\"naslovnica-zepna-ang\" \/><\/a><\/p>\n<div class=\"grid\">\n<div class=\"col span_2_of_3\">\n<p>Booklets <em>\u017depna sloven\u0161\u010dina<\/em>\u00a0(130 pages) are printed in the following languages: English, Argentinian Spanish, Bulgarian, Czech, French, Croatian, Italian, Japanese, Chinese, Lithuanian, Hungarian, Macedonian, German, Dutch, Polish, Portuguese, Romanian, Russian, Slovak, Serbian, Spanish, Ukrainian.<\/p>\n<\/div>\n<\/div>\n<p>The booklets are aimed to help visitors with their first contact with Slovene, Slovenia and Slovene Culture.<\/p>\n<p>__________________________________________________________________<\/p>\n<h3><a id=\"2012\"><\/a>2012 \u2013 World Festival of Slovene Documentary Films<\/h3>\n<p><a href=\"https:\/\/centerslo.si\/en\/at-foreign-universities\/cultural-projects\/world-festival-of-slovene-documentary-films-2012\/\"><img decoding=\"async\" class=\"alignnone wp-image-1733\" src=\"https:\/\/centerslo.si\/wp-content\/uploads\/2015\/10\/sdsdf-300x100.jpg\" alt=\"sdsdf\" \/><\/a><\/p>\n<p><a href=\"https:\/\/centerslo.si\/en\/at-foreign-universities\/cultural-projects\/world-festival-of-slovene-documentary-films-2012\/\">More&#8230;<\/a><\/p>\n<hr \/>\n<h3><a id=\"2010\"><\/a>2010 \u2013 World Festival of Contemporary Slovene Literature<\/h3>\n<p>This project included the publishing of the Anthology of Contemporary Slovene Literature, which incorporates samples of the work of 66 contemporary Slovene writers from the period 1980 to 2010. At Slovene Studies departments worldwide texts were translated into foreign languages from the Anthology, and guest visits, literary evenings and workshops were organised in the week from 29th November to 3rd December 2010. Through this project, contemporary Slovene writing was presented to foreign publics to encourage them to read and translate. These activities will continue in the coming years.<\/p>\n<div class=\"grid\">\n<div class=\"col span_1_of_3\">\n<p><img decoding=\"async\" class=\"alignnone wp-image-1735\" src=\"https:\/\/centerslo.si\/wp-content\/uploads\/2015\/10\/sdssl-213x300.jpg\" alt=\"sdssl\" \/><\/p>\n<\/div>\n<div class=\"col span_2_of_3\">\n<p><strong>Editors:<\/strong><br \/>\nA. Zupan Sosi\u010d,<br \/>\nM. Nidorfer \u0160i\u0161kovi\u010d,<br \/>\nD. Huber<\/p>\n<p><strong>Released:<\/strong> 2010<br \/>\n<strong>Pages:<\/strong> 196<br \/>\n<strong>Binding:<\/strong> brochure<br \/>\n<strong>ISBN:<\/strong> 978-961-237-3849<\/p>\n<\/div>\n<\/div>\n<hr \/>\n<h3><a id=\"2008\"><\/a>2008 \u2013 World Festival of Slovene Literature on Film<\/h3>\n<p>From 1 to 5 December 2008, there were showings around the world of Slovene films based on Slovene literary works. The project introduced to the widest possible public quality Slovene authors and successful film productions based on literary works. In this way we marked both the Slovene six-month presidency of the EU, as well as the European Year of Intercultural Dialogue. The following films were shown, contributed by the Slovenian Film Centre: Cockerel\u2019s Breakfast (from the novel of the same name by Feri Lain\u0161\u010dek; 2007), Sweet Dreams (scenario by Miha Mazzini; 2001) and Ringing in the Head (from the novel of the same name by Drago Jan\u010dar; 2002), plus the short films Vertigo Bird and A Child in Time. The Radio-Television Slovenia organisation also contributed to the lectureships in 2008 a documentary film about Primo\u017e Trubar entitled The Way, with the showing of which we marked the 500th anniversary of his birth.<\/p>\n<p><img decoding=\"async\" class=\"alignnone wp-image-1734\" src=\"https:\/\/centerslo.si\/wp-content\/uploads\/2015\/10\/sdslf-219x300.jpg\" alt=\"sdslf\" \/><\/p>\n<hr \/>\n<h3><a id=\"2006\"><\/a>2006 \u2013 World Festival of Slovene Literature<\/h3>\n<p>From 20 to 25 November 2006, an important cultural and promotional project, World Festival of Slovene Literature, was carried out within the framework of the STU programme at foreign universities: 38 leading Slovene authors made guest appearances at 53 foreign universities where Slovene lectureships or courses are based. Teachers of Slovene at foreign universities worked with the authors to prepare the visits (both their content and organisation) and cultural events, and they also translated works of literature with their students. The festival reached a wide audience: in addition to students and teachers at foreign universities, representatives of the Slovene community and Slovene organisations abroad, representatives of foreign publishing houses and the media. More than 3,000 people attended the festival. The Almanac World Festival of Slovene Literature was published in Slovene and English, presenting contemporary Slovene literary activities and 38 representative authors.<\/p>\n<p><a href=\"https:\/\/centerslo.si\/na-tujih-univerzah\/kulturni-projekti\/svetovni-dnevi-slovenske-literature\/\"><img decoding=\"async\" class=\"alignnone wp-image-1732\" src=\"https:\/\/centerslo.si\/wp-content\/uploads\/2015\/10\/dsl-300x209.jpg\" alt=\"dsl\" \/><\/a><br \/>\n<a href=\"https:\/\/centerslo.si\/en\/at-foreign-universities\/cultural-projects\/world-festival-of-slovene-literature-2006\/\">Almanac<\/a><\/p>\n<hr \/>\n<h3><a id=\"2005\"><\/a>2005 \u2013 International Promotion of Slovene Films<\/h3>\n<p>In 2005 we celebrated the 100th anniversary of the Slovene film with the teachers of Slovene at foreign universities and Slovene diplomatic missions, within the framework of the International Promotion of Slovene Films project in collaboration with the Slovenian Film Centre. With screenings of four Slovene films (Dancing in the Rain, Cheese and Jam, Rustling Landscapes, Out of the East) and the publication of an information brochure, Slovene film and culture were presented to wider audiences at a number of universities. The project was carried out in the week from 21 to 24 November 2005 at 53 universities. Over 5,000 people viewed the films (20\u2013200 per film) and the project received a great response in both the Slovene and foreign media; this was the biggest promotional project of Slovene culture ever undertaken.<\/p>\n<p><img decoding=\"async\" class=\"alignnone size-full wp-image-1731\" src=\"https:\/\/centerslo.si\/wp-content\/uploads\/2015\/10\/dsf.jpg\" alt=\"dsf\" \/><\/p>\n<hr \/>\n<h3><a id=\"2004\"><\/a>2004 \u2013 Translation of Slovene Literary Texts<\/h3>\n<p><span style=\"line-height: 1.5;\">In 2004, STU organised at lectureships the project Translation of Slovene Literary Texts. A collection bearing the same title, including translations into 18 languages, was published on the occasion of a meeting of teachers in December 2004. The scope of the project is best shown by the collection, featuring excerpts from selected award winning modern authors \u2013 Erika Vouk, Iztok Osojnik, Toma\u017e Letnar, Mare Cestnik, Maja Gal \u0160tromar, Dragica Poto\u010dnjak and Vinko O\u0161lak.<\/span><\/p>\n<p><span style=\"line-height: 1.5;\">As many as 32 Slovene teachers abroad participated in the project; the texts were translated by 103 students, and the translations were edited by 33 experts, mostly from language departments at the Faculty of Arts of the University of Ljubljana. The positive result of the project was not just the publication of the collection of translations and the promotion of Slovene literature, but also links that were formed between teachers and numerous students of Slovene, while it was also a good indicator of the interest in Slovene language, literature and culture among students of Slovene abroad.<\/span><\/p>\n<div class=\"grid\">\n<div class=\"col span_1_of_3\">\n<p><img decoding=\"async\" class=\"alignnone size-full wp-image-1730\" src=\"https:\/\/centerslo.si\/wp-content\/uploads\/2015\/10\/stu-prevajanja.jpg\" alt=\"stu-prevajanja\" \/><\/p>\n<\/div>\n<div class=\"col span_2_of_3\">\n<p><strong>Editors:<\/strong><br \/>\nS. Kranjc,<br \/>\nM. Nidorfer \u0160i\u0161kovi\u010d<\/p>\n<p><strong>Released:<\/strong> 2004<br \/>\n<strong>Pages:<\/strong> 509<br \/>\n<strong>binding:<\/strong> brochure<br \/>\n<strong>ISBN:<\/strong> 961-237-108-3<\/p>\n<\/div>\n<\/div>\n","protected":false},"excerpt":{"rendered":"<p>Cultural projects Although class teaching, together with mentoring of the students, is the most important aspect of the teachers\u2019 work, they are also representatives of Slovenia, who provide their students with information about Slovene culture and topical events in Slovenia. At most lectureships there are every year various cultural events for which teachers often obtain [&hellip;]<\/p>\n","protected":false},"author":10,"featured_media":0,"parent":12,"menu_order":2,"comment_status":"closed","ping_status":"closed","template":"page-content-menu.php","meta":{"_acf_changed":false,"footnotes":""},"class_list":["post-403","page","type-page","status-publish","hentry"],"acf":[],"_links":{"self":[{"href":"https:\/\/centerslo.si\/en\/wp-json\/wp\/v2\/pages\/403","targetHints":{"allow":["GET"]}}],"collection":[{"href":"https:\/\/centerslo.si\/en\/wp-json\/wp\/v2\/pages"}],"about":[{"href":"https:\/\/centerslo.si\/en\/wp-json\/wp\/v2\/types\/page"}],"author":[{"embeddable":true,"href":"https:\/\/centerslo.si\/en\/wp-json\/wp\/v2\/users\/10"}],"replies":[{"embeddable":true,"href":"https:\/\/centerslo.si\/en\/wp-json\/wp\/v2\/comments?post=403"}],"version-history":[{"count":38,"href":"https:\/\/centerslo.si\/en\/wp-json\/wp\/v2\/pages\/403\/revisions"}],"predecessor-version":[{"id":4468,"href":"https:\/\/centerslo.si\/en\/wp-json\/wp\/v2\/pages\/403\/revisions\/4468"}],"up":[{"embeddable":true,"href":"https:\/\/centerslo.si\/en\/wp-json\/wp\/v2\/pages\/12"}],"wp:attachment":[{"href":"https:\/\/centerslo.si\/en\/wp-json\/wp\/v2\/media?parent=403"}],"curies":[{"name":"wp","href":"https:\/\/api.w.org\/{rel}","templated":true}]}}