{"id":39,"date":"2015-10-29T08:39:27","date_gmt":"2015-10-29T07:39:27","guid":{"rendered":"http:\/\/centerslo.si\/en\/?page_id=39"},"modified":"2016-01-14T13:23:48","modified_gmt":"2016-01-14T12:23:48","slug":"books","status":"publish","type":"page","link":"https:\/\/centerslo.si\/en\/books\/","title":{"rendered":"Books"},"content":{"rendered":"<div class=\"module accordion\">\n<h2 class=\"module-title gray-dark\">Textbooks and Handbooks<\/h2>\n<div class=\"module-content\">\n<ul class=\"accordion\">\n<li class=\"open\">\n<h3>Textbooks<\/h3>\n<div class=\"accordion-content\">\n<h4><a href=\"https:\/\/centerslo.si\/en\/books\/textbooks-and-handbooks\/beginner-level\/\">Beginner Level<\/a><\/h4>\n<p>The course books for learning Slovene as a second or foreign language at the beginners and elementary level enable learners to reach levels A1 and A2 of the <em>Common European Framework<\/em> <em>of Reference for Languages<\/em>. They have been designed in accordance with the latest didactic approaches and the practical experience of courseware authors. Some course books form a series and continue at the intermediate and advanced levels; they are supplemented by teachers\u2019 books or interactive content.<\/p>\n<h4><a href=\"https:\/\/centerslo.si\/en\/books\/textbooks-and-handbooks\/intermediate-level\/\">Intermediate Level<\/a><\/h4>\n<p>The course books for learning Slovene as a second or foreign language at intermediate level allows learners to achieve levels B1 and B2 on the <em>Common European Framework of Reference for Languages<\/em>. They incorporate the latest didactic approaches developed at the Centre, as well as the practical experience of courseware authors and teachers on courses and at Slovene lectureships abroad. Some course books and materials are a part of a series that includes elementary and advanced levels, and are supplemented by teachers\u2019 books or interactive content.<\/p>\n<h4><a href=\"https:\/\/centerslo.si\/en\/books\/textbooks-and-handbooks\/advanced-level\/\">Advanced Level<\/a><\/h4>\n<p>The course books for learning Slovene as a second or foreign language enable learners to reach levels C1 and C2 on the <em>Common European Framework of Reference for Languages<\/em>. They are the result of academic findings and contemporary didactic approaches, and written by experienced authors. In addition, they are supplemented by cultural content. Some course books and materials are part of a series that includes the elementary and intermediate levels.<\/p>\n<\/div>\n<div class=\"accordion-content\">\n<h4><a href=\"https:\/\/centerslo.si\/en\/books\/textbooks-and-handbooks\/handbooks\/\">Teachers\u2019 books and teaching materials<\/a><\/h4>\n<p>Priro\u010dniki za u\u010ditelje ponujajo nasvete, kako \u010dim bolje izkoristiti u\u010dbeni\u0161ke vsebine, prina\u0161ajo tudi slikovno gradivo in dodatne vaje ter nasvete za realizacijo posameznih vsebin. Dostopni so brezpla\u010dno in v elektronski obliki. Razli\u010dna u\u010dna gradiva so primerna kot dopolnitev k u\u010dbeni\u0161kim kompletom ali kot samostojna gradiva za pou\u010devanje, popestritev ure ali ponovitev dolo\u010denih slovni\u010dnih vsebin<\/p>\n<h4><a href=\"https:\/\/centerslo.si\/en\/books\/textbooks-and-handbooks\/e-i-materials-2\/\">e- \/ i-materials<\/a><\/h4>\n<p>Na podro\u010dju e-\/i-gradiv sledimo sodobnim zalo\u017eni\u0161kim trendom s pripravo dodatnih gradiv, ki so lahko dopolnitev obstoje\u010dim u\u010dnim gradivom ali samostojno gradivo za za\u010detno u\u010denje.<\/p>\n<\/div>\n<\/li>\n<li>\n<h3>Materials<\/h3>\n<div class=\"accordion-content\">\n<h4><a href=\"https:\/\/centerslo.si\/en\/books\/materials\/ssjlk-publications\/\">SSJLK<\/a><\/h4>\n<p>To support the <em>Seminar of Slovene Language, Literature and Culture<\/em> there is a publication featuring articles on the selected theme. These present the ideas of the invited authors from a linguistic, literary or cultural-historic point of view.<\/p>\n<h4><a href=\"https:\/\/centerslo.si\/en\/books\/materials\/symposium-publications\/\">Symposium Obdobja<\/a><\/h4>\n<p>The publication <em>Obdobja<\/em> includes academic articles by Slovene and foreign linguists, literary theorists and researchers in other humanities disciplines, reflecting on the theme selected for the international Obdobja Symposium.<\/p>\n<\/div>\n<\/li>\n<\/ul>\n<\/div>\n<\/div>\n","protected":false},"excerpt":{"rendered":"<p>Textbooks and Handbooks Textbooks Beginner Level The course books for learning Slovene as a second or foreign language at the beginners and elementary level enable learners to reach levels A1 and A2 of the Common European Framework of Reference for Languages. They have been designed in accordance with the latest didactic approaches and the practical [&hellip;]<\/p>\n","protected":false},"author":1,"featured_media":0,"parent":0,"menu_order":0,"comment_status":"closed","ping_status":"closed","template":"page-knjige.php","meta":{"_acf_changed":false,"footnotes":""},"class_list":["post-39","page","type-page","status-publish","hentry"],"acf":[],"_links":{"self":[{"href":"https:\/\/centerslo.si\/en\/wp-json\/wp\/v2\/pages\/39","targetHints":{"allow":["GET"]}}],"collection":[{"href":"https:\/\/centerslo.si\/en\/wp-json\/wp\/v2\/pages"}],"about":[{"href":"https:\/\/centerslo.si\/en\/wp-json\/wp\/v2\/types\/page"}],"author":[{"embeddable":true,"href":"https:\/\/centerslo.si\/en\/wp-json\/wp\/v2\/users\/1"}],"replies":[{"embeddable":true,"href":"https:\/\/centerslo.si\/en\/wp-json\/wp\/v2\/comments?post=39"}],"version-history":[{"count":12,"href":"https:\/\/centerslo.si\/en\/wp-json\/wp\/v2\/pages\/39\/revisions"}],"predecessor-version":[{"id":1334,"href":"https:\/\/centerslo.si\/en\/wp-json\/wp\/v2\/pages\/39\/revisions\/1334"}],"wp:attachment":[{"href":"https:\/\/centerslo.si\/en\/wp-json\/wp\/v2\/media?parent=39"}],"curies":[{"name":"wp","href":"https:\/\/api.w.org\/{rel}","templated":true}]}}