{"id":3893,"date":"2019-05-27T13:26:17","date_gmt":"2019-05-27T11:26:17","guid":{"rendered":"https:\/\/centerslo.si\/en\/?page_id=3893"},"modified":"2019-07-11T09:50:45","modified_gmt":"2019-07-11T07:50:45","slug":"accommodation","status":"publish","type":"page","link":"https:\/\/centerslo.si\/en\/exams\/alte-ljubljana\/accommodation\/","title":{"rendered":"Accommodation"},"content":{"rendered":"<h1>Accommodation<\/h1>\n<p>You can find many different types of accommodations in Ljubljana:<\/p>\n<ul>\n<li>Hotels, hostels, campsites, apartments, etc.: <a href=\"http:\/\/www.visitljubljana.com\/en\/accommodation\">visitljubljana.com\/en<\/a><\/li>\n<li>Short term house rental: <a href=\"http:\/\/www.airbnb.com\">airbnb.com<\/a><\/li>\n<li>Apartments for rent: <a href=\"http:\/\/www.realestate-slovenia.info\">realestate-slovenia.info<\/a><\/li>\n<li>Housing platform for exchange students: <a href=\"http:\/\/www.housinganywhere.com\">housinganywhere.com<\/a><\/li>\n<li>Homestay accommodation: <a href=\"http:\/\/www.homestaybooking.com\">homestaybooking.com<\/a><\/li>\n<\/ul>\n<p>Please note: accommodation prices exclude Ljubljana city tax (\u20ac3.13 per night per person).<\/p>\n<h2>Special offers<\/h2>\n<p>Some accommodation providers in the city centre offer special prices for conference attendees. <a href=\"https:\/\/www.google.com\/maps\/d\/u\/1\/edit?mid=1vVe4EtM_VfXrWe-55a0696GQRUPVSRvP&amp;ll=46.05224212932313%2C14.509213950000003&amp;z=16\" target=\"_blank\" rel=\"noopener\">Show map<\/a><\/p>\n<h3>Hostel<\/h3>\n<h4>Celica, Metelkova ulica 8 (<a href=\"http:\/\/www.hostelcelica.com\/en\">www.hostelcelica.com<\/a>)<\/h4>\n<p>Spend the night behind bars. Twenty former prison cells have been converted into unique artistic hostel rooms, each and every one of them with a specific story and an amazing concept. Hostel Celica is more than a Ljubljana hostel \u2013 it\u2019s a city attraction. More information: <a href=\"http:\/\/www.hostelcelica.com\/en\">www.hostelcelica.com<\/a><\/p>\n<p>Walking distance to the venue: 1.400 m; <a href=\"https:\/\/centerslo.si\/en\/exams\/alte-ljubljana\/getting-around-ljubljana\" target=\"_blank\" rel=\"noopener\">city bus<\/a>: <span title=\"Walk 280 m to the bus station Fri\u0161kovec, take the city bus nr. 2 (direction Nove Jar\u0161e), leave after 8 stops (approx. 16 minutes) at the bus station Lutkovno gledali\u0161\u010de, walk 180 m to the venue.\">nr. 2.<\/span><\/p>\n<p>Prices (without discount):<\/p>\n<ul>\n<li>Cell; 2\u20133 beds: \u20ac22\u201326<\/li>\n<li>Room; 3\u20135 beds: \u20ac21\u201323<\/li>\n<li>Dormitory; 7\u201312 beds: \u20ac17\u201320<\/li>\n<\/ul>\n<p>Reservations: <a href=\"mailto:recepcija@hostelcelica.com\">recepcija@hostelcelica.com<\/a>, 20% discount on accommodation with booking reference <em>ALTELJ<\/em>.<\/p>\n<h3>Apartments<\/h3>\n<h4>Hi\u0161a pod gradom, Streli\u0161ka ulica 10 (<a href=\"https:\/\/www.hisapodgradom.si\/apartmaji\/en\">www.hisapodgradom.si<\/a>)<\/h4>\n<p>Fully furnished apartments in an old historical house located just under the Ljubljana Castle, providing you everything you need for a carefree stay.<\/p>\n<p>Walking distance to the venue: 350 m.<\/p>\n<p>Reservations: <a href=\"mailto:apartments@hisapodgradom.si\">apartments@hisapodgradom.si<\/a>, 10% discount on accommodation, 10% discount on food and drinks in the restaurant <a href=\"https:\/\/www.hisapodgradom.si\/gostilna\/eng\">Hi\u0161a pod gradom<\/a> with ALTE nametag.<\/p>\n<h3>Bed &amp; Breakfast\u00a0<\/h3>\n<h4>B&amp;B Atticus, Poljanska cesta 6 (<a href=\"https:\/\/www.atticus.si\/en-us\">www.atticus.si<\/a>)<\/h4>\n<p>Walking distance to the venue: 200 m.<\/p>\n<p>Reservations: <a href=\"mailto:booking@atticus.si\">booking@atticus.si<\/a>, 15% discount on accommodation with booking reference <em>ALTELJ<\/em>.<\/p>\n<h4>B&amp;B Hotel Ljubljana Park, Bleiweisova cesta 30 (<a href=\"https:\/\/www.hotelpark.si\/en\/\">www.hotelpark.si<\/a>)<\/h4>\n<p>Walking distance to the venue: 500 m.<\/p>\n<p>Prices (including breakfast):<\/p>\n<ul>\n<li>Superior, single use: \u20ac80<\/li>\n<li>Superior, double use: \u20ac90<\/li>\n<\/ul>\n<p>Reservations (by 1 September 2019): <a href=\"mailto:sales-ljubljana@hotelbb.com\">sales-ljubljana@hotelbb.com<\/a>, booking reference: <em>ALTELJ<\/em>.<\/p>\n<h3>Hotels<\/h3>\n<h4>Hotel Emonec, Wolfova ulica 12 (<a href=\"https:\/\/www.hotel-emonec.com\/\">www.hotel-emonec.com<\/a>)<\/h4>\n<p>Walking distance to the venue: 550 m; you can also take <a href=\"https:\/\/centerslo.si\/en\/exams\/alte-ljubljana\/getting-around-ljubljana\" target=\"_blank\" rel=\"noopener\">Kavalir<\/a>.<\/p>\n<p>Prices (including breakfast):<\/p>\n<ul>\n<li>Single bed: \u20ac55\u201360<\/li>\n<li>Double bed: \u20ac65\u201372<\/li>\n<\/ul>\n<p>Reservations: <a href=\"mailto:hotelemonec@siol.net\">hotelemonec@siol.net<\/a>, booking reference: <em>Alte konferenca<\/em>.<\/p>\n<h4>City Hotel Ljubljana, Dalmatinova 15 (<a href=\"http:\/\/www.cityhotel.si\/\">www.cityhotel.si<\/a>)<\/h4>\n<p>Walking distance to the venue: 400 m.<\/p>\n<p>Prices (including breakfast):<\/p>\n<ul>\n<li>Standard, singe use: \u20ac65<\/li>\n<li>Comfort, single use: \u20ac75 \u20ac<\/li>\n<li>Extra charge for double use: \u20ac10<\/li>\n<\/ul>\n<p>Reservations (by 10 October 2019): <a href=\"https:\/\/www.cityhotel.si\/events\/eid\/281\">www.cityhotel.si<\/a>.<\/p>\n<h4>Hotel Lev, Vo\u0161njakova ulica 1 (<a href=\"https:\/\/www.union-hotels.eu\/\">www.union-hotels.eu<\/a>)<\/h4>\n<p>Walking distance to the venue: 1.000 m; <a href=\"https:\/\/centerslo.si\/en\/exams\/alte-ljubljana\/getting-around-ljubljana\" target=\"_blank\" rel=\"noopener\">city bus<\/a>: nr. <span title=\"Walk 350 m to the bus station Ajdov\u0161\u010dina, take the city bus nr. 2 (direction Nove Jar\u0161e), leave after 5 stops (approx. 9 minutes) at the bus station Lutkovno gledali\u0161\u010de, walk 180 m to the venue.\">2 <\/span>, <span title=\"Walk 350 m to the bus station Dalmatinova, take the city bus nr. 13 (direction Sostro), leave after 2 stops (approx. 4 minutes) at the bus station Zmajski most, walk 110 m to the venue.\">13<\/span> or <span title=\"Walk 350 m to the bus station Dalmatinova, take the city bus nr. 20 (direction Fu\u017eine), leave after 2 stops (approx. 4 minutes) at the bus station Zmajski most, walk 110 m to the venue.\">20.<\/span><\/p>\n<p>Prices (including buffet-style breakfast):<\/p>\n<ul>\n<li>Premier, single use: \u20ac65<\/li>\n<li>Premier, double use: \u20ac75<\/li>\n<\/ul>\n<p>More information: <a href=\"https:\/\/centerslo.si\/en\/wp-content\/uploads\/sites\/2\/2019\/05\/ALTE-Conf-LEV.pdf\">ALTE-LEV.pdf<\/a><\/p>\n<p>Reservations (by 6 September 2019): <a href=\"https:\/\/reservations.travelclick.com\/86073?groupID=2559839\">https:\/\/reservations.travelclick.com<\/a>\u00a0or\u00a0<a href=\"mailto:eva.kersinar@union-hotels.eu\">eva.kersinar@union-hotels.eu<\/a><\/p>\n<h4>Hotel Mrak, Rimska cesta 4 (<a href=\"https:\/\/hotelmrak.si\/\">https:\/\/hotelmrak.si<\/a>)<\/h4>\n<p>Walking distance to the venue: 1.100 m; <a href=\"https:\/\/centerslo.si\/en\/exams\/alte-ljubljana\/getting-around-ljubljana\" target=\"_blank\" rel=\"noopener\">city bus<\/a>: <span title=\"Walk 190 m to the bus station Kri\u017eanke, take the city bus nr. 2 (direction Nove Jar\u0161e), leave after 2 stops (approx. 4 minutes) at the bus station Lutkovno gledali\u0161\u010de, walk 180 m to the venue.\">nr. 2.<\/span><\/p>\n<p>Prices:<\/p>\n<ul>\n<li>Double room for single use: \u20ac70<\/li>\n<li>Double room: \u20ac88<\/li>\n<\/ul>\n<p>Reservations (by 1 September 2019):\u00a0<a href=\"mailto:info@hotelmrak.si\">info@hotelmrak.si<\/a>\u00a0(<a href=\"https:\/\/centerslo.si\/en\/wp-content\/uploads\/sites\/2\/2019\/05\/PRIJAVNI-OBRAZEC-HOTEL-MRAK-ALTELJ.doc\">application form<\/a>, <a href=\"https:\/\/centerslo.si\/en\/wp-content\/uploads\/sites\/2\/2019\/05\/Hotel-Mrak-credit-card.pdf\">credit card authorisation<\/a>).<\/p>\n<h4>Best Western Premier Hotel Slon, Slovenska cesta 34 (<a href=\"https:\/\/www.hotelslon.com\/en-gb\">www.hotelslon.com<\/a>)<\/h4>\n<p>Walking distance to the venue: 700 m; <a href=\"https:\/\/centerslo.si\/en\/exams\/alte-ljubljana\/getting-around-ljubljana\" target=\"_blank\" rel=\"noopener\">city bus<\/a>: nr. <span title=\"Walk 160 m to the bus station Konzorcij, take the city bus nr. 2 (direction Nove Jar\u0161e), leave after 4 stops (approx. 7 minutes) at the bus station Lutkovno gledali\u0161\u010de, walk 180 m to the venue.\">2<\/span>,\u00a0<span title=\"Walk 280 m to the bus station Dalmatinova, take the city bus nr. 13 (direction Sostro), leave after 2 stops (approx. 4 minutes) at the bus station Zmajski most, walk 110 m to the venue.\">13<\/span> or <span title=\"Walk 280 m to the bus station Dalmatinova, take the city bus nr. 20 (direction Fu\u017eine), leave after 2 stops (approx. 4 minutes) at the bus station Zmajski most, walk 110 m to the venue.\">20<\/span>; you can also take <a href=\"https:\/\/centerslo.si\/en\/exams\/alte-ljubljana\/getting-around-ljubljana\" target=\"_blank\" rel=\"noopener\">Kavalir<\/a>.<\/p>\n<p>Prices (including breakfast):<\/p>\n<ul>\n<li>Economy: \u20ac94 per person<\/li>\n<li>Comfort: \u20ac106 per person<\/li>\n<li>Comfort: \u20ac116 for 2 people<\/li>\n<\/ul>\n<p>Reservations: <a href=\"https:\/\/reservations.travelclick.com\/102655?userType=GRP\">https:\/\/reservations.travelclick.com<\/a>, booking reference: <em>ALTELJ<\/em>.<\/p>\n<h4>Grand hotel Union, Miklo\u0161i\u010deva cesta 1 (<a href=\"https:\/\/www.union-hotels.eu\/\">www.union-hotels.eu<\/a>)<\/h4>\n<p>Walking distance to the venue: 600 m; you can also take <a href=\"https:\/\/centerslo.si\/en\/exams\/alte-ljubljana\/getting-around-ljubljana\" target=\"_blank\" rel=\"noopener\">Kavalir<\/a>.<\/p>\n<p>Prices (including buffet-style breakfast):<\/p>\n<ul>\n<li>Comfort, single use: \u20ac130<\/li>\n<li>Comfort, double use: \u20ac145<\/li>\n<\/ul>\n<p>More information: <a href=\"https:\/\/centerslo.si\/en\/wp-content\/uploads\/sites\/2\/2019\/05\/ALTE-Conf-GHU.pdf\">ALTE-GHU.pdf<\/a><\/p>\n<p>Reservations (by 6 September 2019): <a href=\"https:\/\/reservations.travelclick.com\/76847?groupID=2559842\">https:\/\/reservations.travelclick.com<\/a>\u00a0or\u00a0<a href=\"mailto:eva.kersinar@union-hotels.eu\">eva.kersinar@union-hotels.eu<\/a><\/p>\n<h4>InterContinental Hotel Ljubljana, Slovenska cesta 59 (<a href=\"https:\/\/www.intercontinental.com\/hotels\/gb\/en\/ljubljana\/ljuha\/hoteldetail\">https:\/\/www.intercontinental.com<\/a>)<\/h4>\n<p>Walking distance to the venue: 1.000 m; <a href=\"https:\/\/centerslo.si\/en\/exams\/alte-ljubljana\/getting-around-ljubljana\" target=\"_blank\" rel=\"noopener\">city bus<\/a>: nr. <span title=\"Walk 350 m to the bus station Ajdov\u0161\u010dina, take the city bus nr. 2 (direction Nove Jar\u0161e), leave after 5 stops (approx. 9 minutes) at the bus station Lutkovno gledali\u0161\u010de, walk 180 m to the venue.\">2 <\/span>, <span title=\"Walk 350 m to the bus station Dalmatinova, take the city bus nr. 13 (direction Sostro), leave after 2 stops (approx. 4 minutes) at the bus station Zmajski most, walk 110 m to the venue.\">13<\/span> or <span title=\"Walk 350 m to the bus station Dalmatinova, take the city bus nr. 20 (direction Fu\u017eine), leave after 2 stops (approx. 4 minutes) at the bus station Zmajski most, walk 110 m to the venue.\">20.<\/span><\/p>\n<p>Price (including breakfast):<\/p>\n<ul>\n<li>\u20ac150<\/li>\n<\/ul>\n<p>Reservations (by 4 September 2019): <a href=\"mailto:ljubljana.reservations@ihg.com\">ljubljana.reservations@ihg.com<\/a>, booking reference: <em>FiloBooking-L9O<\/em>.<\/p>\n","protected":false},"excerpt":{"rendered":"<p>Accommodation You can find many different types of accommodations in Ljubljana: Hotels, hostels, campsites, apartments, etc.: visitljubljana.com\/en Short term house rental: airbnb.com Apartments for rent: realestate-slovenia.info Housing platform for exchange students: housinganywhere.com Homestay accommodation: homestaybooking.com Please note: accommodation prices exclude Ljubljana city tax (\u20ac3.13 per night per person). Special offers Some accommodation providers in the [&hellip;]<\/p>\n","protected":false},"author":111,"featured_media":0,"parent":3879,"menu_order":2,"comment_status":"closed","ping_status":"closed","template":"page-content-menu-izpiti.php","meta":{"_acf_changed":false,"footnotes":""},"class_list":["post-3893","page","type-page","status-publish","hentry"],"acf":[],"_links":{"self":[{"href":"https:\/\/centerslo.si\/en\/wp-json\/wp\/v2\/pages\/3893","targetHints":{"allow":["GET"]}}],"collection":[{"href":"https:\/\/centerslo.si\/en\/wp-json\/wp\/v2\/pages"}],"about":[{"href":"https:\/\/centerslo.si\/en\/wp-json\/wp\/v2\/types\/page"}],"author":[{"embeddable":true,"href":"https:\/\/centerslo.si\/en\/wp-json\/wp\/v2\/users\/111"}],"replies":[{"embeddable":true,"href":"https:\/\/centerslo.si\/en\/wp-json\/wp\/v2\/comments?post=3893"}],"version-history":[{"count":33,"href":"https:\/\/centerslo.si\/en\/wp-json\/wp\/v2\/pages\/3893\/revisions"}],"predecessor-version":[{"id":4116,"href":"https:\/\/centerslo.si\/en\/wp-json\/wp\/v2\/pages\/3893\/revisions\/4116"}],"up":[{"embeddable":true,"href":"https:\/\/centerslo.si\/en\/wp-json\/wp\/v2\/pages\/3879"}],"wp:attachment":[{"href":"https:\/\/centerslo.si\/en\/wp-json\/wp\/v2\/media?parent=3893"}],"curies":[{"name":"wp","href":"https:\/\/api.w.org\/{rel}","templated":true}]}}