{"id":3795,"date":"2019-03-28T14:40:16","date_gmt":"2019-03-28T13:40:16","guid":{"rendered":"https:\/\/centerslo.si\/en\/?page_id=3795"},"modified":"2025-06-17T14:25:15","modified_gmt":"2025-06-17T12:25:15","slug":"sample-test","status":"publish","type":"page","link":"https:\/\/centerslo.si\/en\/exams\/slovene-language-exams\/the-intermediate-level-exam\/sample-test\/","title":{"rendered":"The Intermediate Level Exam Sample Test and Grading"},"content":{"rendered":"<h2>The Intermediate Level Exam Sample Test<\/h2>\n<ul>\n<li><strong><a href=\"https:\/\/centerslo.si\/wp-content\/uploads\/2023\/12\/Vzorec_vi\u0161ja_Branje.pdf\" target=\"_blank\" rel=\"noopener\">Reading<\/a><\/strong>\n<ul>\n<li><a href=\"https:\/\/centerslo.si\/wp-content\/uploads\/2023\/12\/Vzorec_vi\u0161ja_Branje_re\u0161itve.pdf\" target=\"_blank\" rel=\"noopener\">answer key<\/a><\/li>\n<\/ul>\n<\/li>\n<li><a href=\"https:\/\/centerslo.si\/wp-content\/uploads\/2023\/12\/Vzorec_vi\u0161ja_Poslu\u0161anje.pdf\" target=\"_blank\" rel=\"noopener\"><strong>Listening<\/strong><\/a>\n<ul>\n<li><a href=\"https:\/\/centerslo.si\/wp-content\/uploads\/2023\/12\/VS-vzorec_vse-skupaj.mp3\" target=\"_blank\" rel=\"noopener\">recording<\/a><\/li>\n<li><a href=\"https:\/\/centerslo.si\/wp-content\/uploads\/2023\/12\/Vzorec_vi\u0161ja_Poslu\u0161anje_re\u0161itve.pdf\" target=\"_blank\" rel=\"noopener\">answer key<\/a><\/li>\n<\/ul>\n<\/li>\n<li><strong><a href=\"https:\/\/centerslo.si\/wp-content\/uploads\/2023\/01\/Vis_B2_prakticno-besedilo_nova-oblika.pdf\" target=\"_blank\" rel=\"noopener\">Writing<\/a><\/strong>\n<ul>\n<li><a href=\"https:\/\/centerslo.si\/wp-content\/uploads\/2022\/06\/Ocenjevalna-merila_Pisanje.pdf\" target=\"_blank\" rel=\"noopener\">grading scale<\/a><\/li>\n<li><a href=\"https:\/\/centerslo.si\/wp-content\/uploads\/2023\/01\/Vis_B2_prakticno-besedilo_nova-oblika.pdf\">example of a scored text (B2) &#8211; practical text<\/a><\/li>\n<li><a href=\"https:\/\/centerslo.si\/wp-content\/uploads\/2023\/01\/Vis_pod-B2_prakti\u010dno-besedilo_nova-oblika.pdf\">example of a scored text (negative) &#8211; practical text<\/a><\/li>\n<li><a href=\"https:\/\/centerslo.si\/en\/wp-content\/uploads\/sites\/2\/2023\/03\/Vis_B2_esej_nova-oblika.pdf\" target=\"_blank\" rel=\"noopener\">example of a scored text (B2) &#8211; an essay<\/a><\/li>\n<li><a href=\"https:\/\/centerslo.si\/en\/wp-content\/uploads\/sites\/2\/2023\/03\/Vis_pod-B2_esej_nova-oblika.pdf\" target=\"_blank\" rel=\"noopener\">example of a scored text (negative) &#8211; an essay<\/a><\/li>\n<\/ul>\n<\/li>\n<li><strong><a href=\"https:\/\/centerslo.si\/wp-content\/uploads\/2025\/06\/Govorjenje_vzorec_junij_2025.pdf\" target=\"_blank\" rel=\"noopener\">Speaking<\/a><\/strong>\n<ul>\n<li>\u00a0<a href=\"https:\/\/centerslo.si\/wp-content\/uploads\/2022\/06\/Ocenjevalna-merila_Govorjenje.pdf\">grading scale<\/a><\/li>\n<\/ul>\n<\/li>\n<\/ul>\n<h2>Grading<\/h2>\n<p>Writing and speaking are rated in accordance with the rating scales of the programme Slovene as a Second and Foreign Language. To pass, the candidate must score at least 60% on each section of the exam. The final exam grade is descriptive: pass or fail. The competence level is B2.<\/p>\n","protected":false},"excerpt":{"rendered":"<p>The Intermediate Level Exam Sample Test Reading answer key Listening recording answer key Writing grading scale example of a scored text (B2) &#8211; practical text example of a scored text (negative) &#8211; practical text example of a scored text (B2) &#8211; an essay example of a scored text (negative) &#8211; an essay Speaking \u00a0grading scale [&hellip;]<\/p>\n","protected":false},"author":111,"featured_media":0,"parent":461,"menu_order":0,"comment_status":"closed","ping_status":"closed","template":"page-content-menu-izpiti.php","meta":{"_acf_changed":false,"footnotes":""},"class_list":["post-3795","page","type-page","status-publish","hentry"],"acf":[],"_links":{"self":[{"href":"https:\/\/centerslo.si\/en\/wp-json\/wp\/v2\/pages\/3795","targetHints":{"allow":["GET"]}}],"collection":[{"href":"https:\/\/centerslo.si\/en\/wp-json\/wp\/v2\/pages"}],"about":[{"href":"https:\/\/centerslo.si\/en\/wp-json\/wp\/v2\/types\/page"}],"author":[{"embeddable":true,"href":"https:\/\/centerslo.si\/en\/wp-json\/wp\/v2\/users\/111"}],"replies":[{"embeddable":true,"href":"https:\/\/centerslo.si\/en\/wp-json\/wp\/v2\/comments?post=3795"}],"version-history":[{"count":17,"href":"https:\/\/centerslo.si\/en\/wp-json\/wp\/v2\/pages\/3795\/revisions"}],"predecessor-version":[{"id":8975,"href":"https:\/\/centerslo.si\/en\/wp-json\/wp\/v2\/pages\/3795\/revisions\/8975"}],"up":[{"embeddable":true,"href":"https:\/\/centerslo.si\/en\/wp-json\/wp\/v2\/pages\/461"}],"wp:attachment":[{"href":"https:\/\/centerslo.si\/en\/wp-json\/wp\/v2\/media?parent=3795"}],"curies":[{"name":"wp","href":"https:\/\/api.w.org\/{rel}","templated":true}]}}