{"id":2970,"date":"2018-02-14T10:37:48","date_gmt":"2018-02-14T09:37:48","guid":{"rendered":"http:\/\/centerslo.si\/en\/?page_id=2970"},"modified":"2026-01-08T14:37:51","modified_gmt":"2026-01-08T13:37:51","slug":"2970-2","status":"publish","type":"page","link":"https:\/\/centerslo.si\/en\/books\/textbooks-and-handbooks\/beginner-level\/2970-2\/","title":{"rendered":"\u010cas za sloven\u0161\u010dino 2"},"content":{"rendered":"<h1>\u010cas za sloven\u0161\u010dino 2<\/h1>\n<div class=\"grid highlight\">\n<div class=\"col span_1_of_2\">\n<div class=\"grid\">\n<div class=\"col span_1_of_2\"><a href=\"https:\/\/centerslo.si\/en\/wp-content\/uploads\/sites\/2\/2015\/12\/Cas-za-slovenscino-2_U.jpg\"><img loading=\"lazy\" decoding=\"async\" class=\"alignnone wp-image-2968 size-medium\" src=\"https:\/\/centerslo.si\/en\/wp-content\/uploads\/sites\/2\/2015\/12\/Cas-za-slovenscino-2_U-211x300.jpg\" alt=\"\" width=\"211\" height=\"300\" srcset=\"https:\/\/centerslo.si\/en\/wp-content\/uploads\/sites\/2\/2015\/12\/Cas-za-slovenscino-2_U-211x300.jpg 211w, https:\/\/centerslo.si\/en\/wp-content\/uploads\/sites\/2\/2015\/12\/Cas-za-slovenscino-2_U-768x1093.jpg 768w, https:\/\/centerslo.si\/en\/wp-content\/uploads\/sites\/2\/2015\/12\/Cas-za-slovenscino-2_U-720x1024.jpg 720w, https:\/\/centerslo.si\/en\/wp-content\/uploads\/sites\/2\/2015\/12\/Cas-za-slovenscino-2_U.jpg 783w\" sizes=\"auto, (max-width: 211px) 100vw, 211px\" \/><\/a><\/div>\n<div class=\"col span_1_of_2\"><a href=\"https:\/\/centerslo.si\/en\/wp-content\/uploads\/sites\/2\/2018\/02\/Cas-za-slovenscino-2_DZ.jpg\"><img loading=\"lazy\" decoding=\"async\" class=\"alignnone wp-image-2971 size-medium\" src=\"https:\/\/centerslo.si\/en\/wp-content\/uploads\/sites\/2\/2018\/02\/Cas-za-slovenscino-2_DZ-211x300.jpg\" alt=\"\" width=\"211\" height=\"300\" srcset=\"https:\/\/centerslo.si\/en\/wp-content\/uploads\/sites\/2\/2018\/02\/Cas-za-slovenscino-2_DZ-211x300.jpg 211w, https:\/\/centerslo.si\/en\/wp-content\/uploads\/sites\/2\/2018\/02\/Cas-za-slovenscino-2_DZ-768x1091.jpg 768w, https:\/\/centerslo.si\/en\/wp-content\/uploads\/sites\/2\/2018\/02\/Cas-za-slovenscino-2_DZ-721x1024.jpg 721w, https:\/\/centerslo.si\/en\/wp-content\/uploads\/sites\/2\/2018\/02\/Cas-za-slovenscino-2_DZ.jpg 784w\" sizes=\"auto, (max-width: 211px) 100vw, 211px\" \/><\/a><\/div>\n<\/div>\n<\/div>\n<div class=\"col span_1_of_2\">\n<p><strong>\u010cAS ZA SLOVEN\u0160\u010cINO 2<\/strong><br \/>\nTextbook\/workbook for teenagers;<\/p>\n<p>Authors: Mihaela Knez, Damjana Kern, Matej Klemen, Tja\u0161a Ali\u010d<\/p>\n<p><a class=\"btn orange\" href=\"https:\/\/knjigarna.uni-lj.si\/Zul\/1005939\" target=\"_blank\" rel=\"noopener\">Buy &#8211; Textbook<\/a><\/p>\n<p><a class=\"btn black\" href=\"https:\/\/centerslo.si\/knjige\/ucbeniki-in-prirocniki\/osnovna-stopnja\/cas-za-slovenscino-2\/cas-za-slovenscino-2-ucbenik\/\" target=\"_blank\" rel=\"noopener\">Browse &#8211; Textbook<\/a><\/p>\n<p><a class=\"btn black\" href=\"https:\/\/centerslo.si\/knjige\/ucbeniki-in-prirocniki\/osnovna-stopnja\/cas-za-slovenscino-2\/cas-za-slovenscino-2-ucbenik\/cas-za-slovenscino-2-posnetki\/\" target=\"_blank\" rel=\"noopener\">Listen &#8211; Textbook<\/a><\/p>\n<p><a class=\"btn orange\" href=\"https:\/\/knjigarna.uni-lj.si\/Zul\/drugega-in-tujega-jezika-za-najstnike-1005940\" target=\"_blank\" rel=\"noopener\">Buy &#8211; Workbook<\/a><\/p>\n<p><a class=\"btn black\" href=\"https:\/\/centerslo.si\/knjige\/ucbeniki-in-prirocniki\/osnovna-stopnja\/cas-za-slovenscino-2\/cas-za-slovenscino-2-delovni-zvezek\/\" target=\"_blank\" rel=\"noopener\">Browse &#8211; Workbook<\/a><\/p>\n<\/div>\n<\/div>\n<p>The textbook set <strong><em>\u010cas za sloven\u0161\u010dino 2<\/em>, <\/strong>made up of a text book, a workbook and a CD, is aimed at youngsters from age 12 who are beginners in Slovene but who can already communicate at CEFR level A1. The content relates mainly to the everyday life of young people, as well as life in Slovenia. There are five extensive units with numerous themes where learners learn how to introduce themselves and their families, relatives and friends; to describe what they do at school and in their spare time; to describe key events in their lives, their home and the place they live; to communicate in typical situations, such as shopping, ordering food, visiting the doctor; to simply express wishes, interests, opinions, agreeing and disagreeing, giving simple advice, comparing things, inviting and accepting invitations, describing their immediate and wider environment, what tasks they have at home and in school, what health and other issues they have; and finally to ask about these things and to write simple texts about them. The material is meant for use in class: there are 80 hours of material for speakers of Slavic languages and around 180 hours for those who speak more distant languages. The language level learners are expected to achieve by using the material is roughly A1 on the Common European Framework of Reference A2.<\/p>\n<hr \/>\n<p>See also:<\/p>\n<p><a href=\"https:\/\/centerslo.si\/en\/books\/textbooks-and-handbooks\/beginner-level\/cas-za-slovenscino-1\/\"><img loading=\"lazy\" decoding=\"async\" class=\"alignnone wp-image-2975\" src=\"https:\/\/centerslo.si\/en\/wp-content\/uploads\/sites\/2\/2018\/02\/\u010das-za-sloven\u0161\u010dino1-ucb.png\" alt=\"\" width=\"137\" height=\"194\" srcset=\"https:\/\/centerslo.si\/en\/wp-content\/uploads\/sites\/2\/2018\/02\/\u010das-za-sloven\u0161\u010dino1-ucb.png 645w, https:\/\/centerslo.si\/en\/wp-content\/uploads\/sites\/2\/2018\/02\/\u010das-za-sloven\u0161\u010dino1-ucb-212x300.png 212w\" sizes=\"auto, (max-width: 137px) 100vw, 137px\" \/><\/a><\/p>\n","protected":false},"excerpt":{"rendered":"<p>\u010cas za sloven\u0161\u010dino 2 \u010cAS ZA SLOVEN\u0160\u010cINO 2 Textbook\/workbook for teenagers; Authors: Mihaela Knez, Damjana Kern, Matej Klemen, Tja\u0161a Ali\u010d Buy &#8211; Textbook Browse &#8211; Textbook Listen &#8211; Textbook Buy &#8211; Workbook Browse &#8211; Workbook The textbook set \u010cas za sloven\u0161\u010dino 2, made up of a text book, a workbook and a CD, is aimed [&hellip;]<\/p>\n","protected":false},"author":23,"featured_media":0,"parent":170,"menu_order":0,"comment_status":"closed","ping_status":"closed","template":"","meta":{"_acf_changed":false,"footnotes":""},"class_list":["post-2970","page","type-page","status-publish","hentry"],"acf":[],"_links":{"self":[{"href":"https:\/\/centerslo.si\/en\/wp-json\/wp\/v2\/pages\/2970","targetHints":{"allow":["GET"]}}],"collection":[{"href":"https:\/\/centerslo.si\/en\/wp-json\/wp\/v2\/pages"}],"about":[{"href":"https:\/\/centerslo.si\/en\/wp-json\/wp\/v2\/types\/page"}],"author":[{"embeddable":true,"href":"https:\/\/centerslo.si\/en\/wp-json\/wp\/v2\/users\/23"}],"replies":[{"embeddable":true,"href":"https:\/\/centerslo.si\/en\/wp-json\/wp\/v2\/comments?post=2970"}],"version-history":[{"count":11,"href":"https:\/\/centerslo.si\/en\/wp-json\/wp\/v2\/pages\/2970\/revisions"}],"predecessor-version":[{"id":9732,"href":"https:\/\/centerslo.si\/en\/wp-json\/wp\/v2\/pages\/2970\/revisions\/9732"}],"up":[{"embeddable":true,"href":"https:\/\/centerslo.si\/en\/wp-json\/wp\/v2\/pages\/170"}],"wp:attachment":[{"href":"https:\/\/centerslo.si\/en\/wp-json\/wp\/v2\/media?parent=2970"}],"curies":[{"name":"wp","href":"https:\/\/api.w.org\/{rel}","templated":true}]}}