{"id":290,"date":"2015-12-02T10:32:16","date_gmt":"2015-12-02T09:32:16","guid":{"rendered":"http:\/\/centerslo.si\/en\/?page_id=290"},"modified":"2026-01-22T10:00:08","modified_gmt":"2026-01-22T09:00:08","slug":"slovnicne-preglednice-slovenskega-jezika","status":"publish","type":"page","link":"https:\/\/centerslo.si\/en\/books\/textbooks-and-handbooks\/handbooks\/slovnicne-preglednice-slovenskega-jezika\/","title":{"rendered":"Slovni\u010dne preglednice slovenskega jezika"},"content":{"rendered":"<h1>Oblike v oblakih, slovni\u010dne preglednice<\/h1>\n<div class=\"grid highlight\">\n<div class=\"col span_1_of_2\"><img loading=\"lazy\" decoding=\"async\" class=\"alignnone  wp-image-2111\" src=\"https:\/\/centerslo.si\/en\/wp-content\/uploads\/sites\/2\/2015\/12\/Oblike-v-oblakih_tabele_ovitek.jpg\" alt=\"\" width=\"225\" height=\"300\" \/><img loading=\"lazy\" decoding=\"async\" class=\"alignnone  wp-image-2110\" src=\"https:\/\/centerslo.si\/en\/wp-content\/uploads\/sites\/2\/2015\/12\/OVO_zgibanka_ovitek.jpg\" width=\"225\" height=\"142\" \/><\/p>\n<\/div>\n<div class=\"col span_1_of_2\">\n<p><strong>OBLIKE V OBLAKIH, SLOVNI\u010cNE PREGLEDNICE in IZBOR SLOVNI\u010cNIH PREGLEDNIC (zgibanka)<br \/>\n<\/strong><\/p>\n<p>Authors: Mihaela Knez, Andreja Ponikvar, Tanja Jerman<\/p>\n<p><a class=\"btn orange\" href=\"https:\/\/knjigarna.uni-lj.si\/Zul\/1006173\">Buy<\/a><\/p>\n<p><a class=\"btn black\" href=\"https:\/\/centerslo.si\/knjige\/ucbeniki-in-prirocniki\/prirocniki-in-ucno-gradivo\/oblike-v-oblakih-slovnicne-preglednice-pdf\/\" target=\"_blank\" rel=\"noopener\">Browse<\/a><\/p>\n<p><a class=\"btn orange\" href=\"https:\/\/knjigarna.uni-lj.si\/Zul\/1001400\" target=\"_blank\" rel=\"noopener\">Buy &#8211; izbor<\/a><\/p>\n<\/div>\n<\/div>\n<p><strong><em>Oblike v oblakih <\/em><\/strong>is a clear and user-friendly survey of Slovene grammar. It is intended for all those learning Slovene as a second or foreign language at any level, since it covers both basic morphological patterns, as well as elements of syntax that are usually dealt with at a higher level. The main chapters are colour coded and equipped with cross-references on every page to make it easier for users to find their way around the material.<\/p>\n<p><strong><em>Oblike v oblakih <\/em><\/strong>is designed to be of assistance to pupils and students of Slovene when searching for or checking the right grammatical forms that have been discussed in class. It contains the most essential explanations and some chapters have examples of use. The grammar survey is also aimed at teachers of Slovene as a second or foreign language, since its selection of examples will help them when preparing their own exercises.<\/p>\n<hr \/>\n","protected":false},"excerpt":{"rendered":"<p>Oblike v oblakih, slovni\u010dne preglednice OBLIKE V OBLAKIH, SLOVNI\u010cNE PREGLEDNICE in IZBOR SLOVNI\u010cNIH PREGLEDNIC (zgibanka) Authors: Mihaela Knez, Andreja Ponikvar, Tanja Jerman Buy Browse Buy &#8211; izbor Oblike v oblakih is a clear and user-friendly survey of Slovene grammar. It is intended for all those learning Slovene as a second or foreign language at any [&hellip;]<\/p>\n","protected":false},"author":10,"featured_media":0,"parent":261,"menu_order":11,"comment_status":"closed","ping_status":"closed","template":"page-content-menu.php","meta":{"_acf_changed":false,"footnotes":""},"class_list":["post-290","page","type-page","status-publish","hentry"],"acf":[],"_links":{"self":[{"href":"https:\/\/centerslo.si\/en\/wp-json\/wp\/v2\/pages\/290","targetHints":{"allow":["GET"]}}],"collection":[{"href":"https:\/\/centerslo.si\/en\/wp-json\/wp\/v2\/pages"}],"about":[{"href":"https:\/\/centerslo.si\/en\/wp-json\/wp\/v2\/types\/page"}],"author":[{"embeddable":true,"href":"https:\/\/centerslo.si\/en\/wp-json\/wp\/v2\/users\/10"}],"replies":[{"embeddable":true,"href":"https:\/\/centerslo.si\/en\/wp-json\/wp\/v2\/comments?post=290"}],"version-history":[{"count":15,"href":"https:\/\/centerslo.si\/en\/wp-json\/wp\/v2\/pages\/290\/revisions"}],"predecessor-version":[{"id":9824,"href":"https:\/\/centerslo.si\/en\/wp-json\/wp\/v2\/pages\/290\/revisions\/9824"}],"up":[{"embeddable":true,"href":"https:\/\/centerslo.si\/en\/wp-json\/wp\/v2\/pages\/261"}],"wp:attachment":[{"href":"https:\/\/centerslo.si\/en\/wp-json\/wp\/v2\/media?parent=290"}],"curies":[{"name":"wp","href":"https:\/\/api.w.org\/{rel}","templated":true}]}}