{"id":284,"date":"2015-12-02T10:30:59","date_gmt":"2015-12-02T09:30:59","guid":{"rendered":"http:\/\/centerslo.si\/en\/?page_id=284"},"modified":"2026-01-09T15:13:54","modified_gmt":"2026-01-09T14:13:54","slug":"pot-do-izpita-iz-slovenscine","status":"publish","type":"page","link":"https:\/\/centerslo.si\/en\/books\/textbooks-and-handbooks\/advanced-level\/pot-do-izpita-iz-slovenscine\/","title":{"rendered":"Pot do izpita iz sloven\u0161\u010dine"},"content":{"rendered":"<h1>Pot do izpita iz sloven\u0161\u010dine<\/h1>\n<div class=\"grid highlight\">\n<div class=\"col span_1_of_3\"><img decoding=\"async\" class=\"alignnone size-full wp-image-1953\" src=\"https:\/\/centerslo.si\/wp-content\/uploads\/2015\/10\/ucbenik-pod-do-izpita-iz-slovenscine.jpg\" alt=\"ucbenik-pod-do-izpita-iz-slovenscine\" \/><\/div>\n<div class=\"col span_2_of_3\">\n<p><strong>POT DO IZPITA IZ SLOVEN\u0160\u010cINE<\/strong><br \/>\nHandbook<\/p>\n<p>Authors: Damjana Kern, Mojca Stritar, Damjan Huber, Tja\u0161a Ali\u010d, Tanja Jerman<\/p>\n<p><a class=\"btn orange\" href=\"https:\/\/knjigarna.uni-lj.si\/Zul\/1001087\" target=\"_blank\" rel=\"noopener\">Buy<\/a><\/p>\n<p><a class=\"btn black\" href=\"https:\/\/centerslo.si\/knjige\/ucbeniki-in-prirocniki\/izpopolnjevalna-stopnja\/pot-do-izpita-iz-slovenscine\/pot-izpita-iz-slovenscine\/\" target=\"_blank\" rel=\"noopener\">Browse<\/a><\/p>\n<p><a class=\"btn black\" href=\"https:\/\/centerslo.si\/knjige\/ucbeniki-in-prirocniki\/izpopolnjevalna-stopnja\/pot-do-izpita-iz-slovenscine\/pot-izpita-posnetki\/\" target=\"_blank\" rel=\"noopener\">Listen<\/a><\/p>\n<\/div>\n<\/div>\n<p>The textbook <em>Pot do izpita iz sloven\u0161\u010dine<\/em> (Preparing for the Slovene Examination. Text book for the examination in Slovene at intermediate and advanced levels) enables intensive preparation for the examination in Slovene at intermediate and advanced levels, while supplementing existing materials (<em>Zbirka testov na osnovni<\/em>, <i>srednji in visoki ravni<\/i>\u00a0(The Collection of Tests at Basic, Intermediate and Advanced Level)). A number of examination tasks at two levels of difficulty help simulate the exam situation and can be of great help either with self-directed study or in organised exam preparation.<\/p>\n<p>The book is divided into five sections for reading, listening, grammar, writing and speaking, corresponding to different parts of the examination. There is also a section for the revision and reinforcement of those grammatical structures that have been shown to cause most problems to those taking the examination.<\/p>\n<div>Different sections include different kinds of examination tasks, with texts covering the eight thematic areas that are also part of the programme<em>Sloven\u0161\u010dina za tujce <\/em>(Slovene for Foreigners) and which are included in the Slovene examination. The book also includes a key to exercises and a transcript of spoken texts.<\/div>\n<hr \/>\n","protected":false},"excerpt":{"rendered":"<p>Pot do izpita iz sloven\u0161\u010dine POT DO IZPITA IZ SLOVEN\u0160\u010cINE Handbook Authors: Damjana Kern, Mojca Stritar, Damjan Huber, Tja\u0161a Ali\u010d, Tanja Jerman Buy Browse Listen The textbook Pot do izpita iz sloven\u0161\u010dine (Preparing for the Slovene Examination. Text book for the examination in Slovene at intermediate and advanced levels) enables intensive preparation for the examination [&hellip;]<\/p>\n","protected":false},"author":10,"featured_media":0,"parent":218,"menu_order":8,"comment_status":"closed","ping_status":"closed","template":"page-content-menu.php","meta":{"_acf_changed":false,"footnotes":""},"class_list":["post-284","page","type-page","status-publish","hentry"],"acf":[],"_links":{"self":[{"href":"https:\/\/centerslo.si\/en\/wp-json\/wp\/v2\/pages\/284","targetHints":{"allow":["GET"]}}],"collection":[{"href":"https:\/\/centerslo.si\/en\/wp-json\/wp\/v2\/pages"}],"about":[{"href":"https:\/\/centerslo.si\/en\/wp-json\/wp\/v2\/types\/page"}],"author":[{"embeddable":true,"href":"https:\/\/centerslo.si\/en\/wp-json\/wp\/v2\/users\/10"}],"replies":[{"embeddable":true,"href":"https:\/\/centerslo.si\/en\/wp-json\/wp\/v2\/comments?post=284"}],"version-history":[{"count":15,"href":"https:\/\/centerslo.si\/en\/wp-json\/wp\/v2\/pages\/284\/revisions"}],"predecessor-version":[{"id":9752,"href":"https:\/\/centerslo.si\/en\/wp-json\/wp\/v2\/pages\/284\/revisions\/9752"}],"up":[{"embeddable":true,"href":"https:\/\/centerslo.si\/en\/wp-json\/wp\/v2\/pages\/218"}],"wp:attachment":[{"href":"https:\/\/centerslo.si\/en\/wp-json\/wp\/v2\/media?parent=284"}],"curies":[{"name":"wp","href":"https:\/\/api.w.org\/{rel}","templated":true}]}}