{"id":282,"date":"2015-12-02T10:30:29","date_gmt":"2015-12-02T09:30:29","guid":{"rendered":"http:\/\/centerslo.si\/en\/?page_id=282"},"modified":"2022-10-26T13:57:48","modified_gmt":"2022-10-26T11:57:48","slug":"zbirke-testov-za-izpite-iz-znanja-slovenscine","status":"publish","type":"page","link":"https:\/\/centerslo.si\/en\/books\/textbooks-and-handbooks\/handbooks\/zbirke-testov-za-izpite-iz-znanja-slovenscine\/","title":{"rendered":"Zbirke testov za izpite iz znanja sloven\u0161\u010dine na osnovni ravni"},"content":{"rendered":"<h1>Zbirka testov za izpit iz znanja sloven\u0161\u010dine na osnovni ravni<\/h1>\n<div class=\"grid highlight\">\n<div class=\"col span_1_of_3\"><img decoding=\"async\" class=\"alignnone size-full wp-image-2054\" src=\"https:\/\/centerslo.si\/wp-content\/uploads\/2015\/10\/prirocnik-zbirke-testov-za-izpite-iz-znanja-slovenscine.jpg\" alt=\"prirocnik-zbirke-testov-za-izpite-iz-znanja-slovenscine\" \/><\/div>\n<div class=\"col span_2_of_3\">\n<p><strong>ZBIRKA TESTOV ZA IZPIT IZ ZNANJA SLOVEN\u0160\u010cINE NA OSNOVNI RAVNI<br \/>\n<\/strong><\/p>\n<p><strong> Author:<br \/>\nIna Ferbe\u017ear (ur.) <\/strong><\/p>\n<p><a class=\"btn black\" href=\"https:\/\/centerslo.si\/wp-content\/uploads\/2015\/10\/Zbirka-testov_osnovna_vsebina.pdf\">Download PDF<\/a><\/p>\n<p><a class=\"btn black\" href=\"https:\/\/centerslo.si\/knjige\/ucbeniki-in-prirocniki\/prirocniki-in-ucno-gradivo\/zbirke-testov-za-izpite-iz-znanja-slovenscine\/zbirka-testov_osnovna-raven-posnetki\/\" target=\"_blank\" rel=\"noopener\">Listen<\/a><\/p>\n<\/div>\n<\/div>\n<hr \/>\n<h3>ZBIRKE TESTOV ZA IZPITE IZ ZNANJA SLOVEN\u0160\u010cINE<\/h3>\n<ul>\n<li><strong>Izpit iz znanja sloven\u0161\u010dine na osnovni ravni<\/strong><\/li>\n<li><strong>Izpit iz znanja sloven\u0161\u010dine na srednji ravni<\/strong><\/li>\n<li><strong>Izpit iz znanja sloven\u0161\u010dine na visoki ravni<\/strong><\/li>\n<\/ul>\n<p>The collections of tests in preparation for the Slovene exam at elementary, intermediate and advanced level was produced by the Examination Centre of the Centre for Slovene as a Second\/Foreign Language. They are intended for anyone whose first language is not Slovene but who needs a recognised document or certificate attesting to their knowledge of Slovene. This series of publications provides an opportunity for intensive preparation for the exam at all three levels, offering all the relevant information about registering for the exam, presenting individual tasks and the exam as a whole, as well as sample texts for practice.<\/p>\n","protected":false},"excerpt":{"rendered":"<p>Zbirka testov za izpit iz znanja sloven\u0161\u010dine na osnovni ravni ZBIRKA TESTOV ZA IZPIT IZ ZNANJA SLOVEN\u0160\u010cINE NA OSNOVNI RAVNI Author: Ina Ferbe\u017ear (ur.) Download PDF Listen ZBIRKE TESTOV ZA IZPITE IZ ZNANJA SLOVEN\u0160\u010cINE Izpit iz znanja sloven\u0161\u010dine na osnovni ravni Izpit iz znanja sloven\u0161\u010dine na srednji ravni Izpit iz znanja sloven\u0161\u010dine na visoki ravni [&hellip;]<\/p>\n","protected":false},"author":10,"featured_media":0,"parent":261,"menu_order":7,"comment_status":"closed","ping_status":"closed","template":"page-content-menu.php","meta":{"_acf_changed":false,"footnotes":""},"class_list":["post-282","page","type-page","status-publish","hentry"],"acf":[],"_links":{"self":[{"href":"https:\/\/centerslo.si\/en\/wp-json\/wp\/v2\/pages\/282","targetHints":{"allow":["GET"]}}],"collection":[{"href":"https:\/\/centerslo.si\/en\/wp-json\/wp\/v2\/pages"}],"about":[{"href":"https:\/\/centerslo.si\/en\/wp-json\/wp\/v2\/types\/page"}],"author":[{"embeddable":true,"href":"https:\/\/centerslo.si\/en\/wp-json\/wp\/v2\/users\/10"}],"replies":[{"embeddable":true,"href":"https:\/\/centerslo.si\/en\/wp-json\/wp\/v2\/comments?post=282"}],"version-history":[{"count":8,"href":"https:\/\/centerslo.si\/en\/wp-json\/wp\/v2\/pages\/282\/revisions"}],"predecessor-version":[{"id":6639,"href":"https:\/\/centerslo.si\/en\/wp-json\/wp\/v2\/pages\/282\/revisions\/6639"}],"up":[{"embeddable":true,"href":"https:\/\/centerslo.si\/en\/wp-json\/wp\/v2\/pages\/261"}],"wp:attachment":[{"href":"https:\/\/centerslo.si\/en\/wp-json\/wp\/v2\/media?parent=282"}],"curies":[{"name":"wp","href":"https:\/\/api.w.org\/{rel}","templated":true}]}}