{"id":2760,"date":"2017-11-13T14:24:43","date_gmt":"2017-11-13T13:24:43","guid":{"rendered":"http:\/\/centerslo.si\/en\/?page_id=2760"},"modified":"2026-01-27T09:03:28","modified_gmt":"2026-01-27T08:03:28","slug":"cas-za-slovenscino-1","status":"publish","type":"page","link":"https:\/\/centerslo.si\/en\/books\/textbooks-and-handbooks\/beginner-level\/cas-za-slovenscino-1\/","title":{"rendered":"\u010cas za sloven\u0161\u010dino 1"},"content":{"rendered":"<h1>\u010cas za sloven\u0161\u010dino 1<\/h1>\n<div class=\"grid highlight\">\n<div class=\"col span_1_of_2\">\n<div class=\"grid\">\n<div class=\"col span_1_of_2\"><img loading=\"lazy\" decoding=\"async\" class=\"alignnone wp-image-12146 size-medium\" src=\"https:\/\/centerslo.si\/wp-content\/uploads\/2015\/10\/Cas-za-slovenscino-1_ucbenik_ovitek-210x300.jpg\" alt=\"\" width=\"210\" height=\"300\" \/><\/div>\n<div class=\"col span_1_of_2\"><img loading=\"lazy\" decoding=\"async\" class=\"alignnone wp-image-12145 size-medium\" src=\"https:\/\/centerslo.si\/wp-content\/uploads\/2015\/10\/Cas-za-slovenscino-1_DZ_ovitek-210x300.jpg\" alt=\"\" width=\"210\" height=\"300\" \/><\/div>\n<\/div>\n<\/div>\n<div class=\"col span_1_of_2\">\n<p><strong>\u010cAS ZA SLOVEN\u0160\u010cINO 1<\/strong><br \/>\nTextbook\/workbook for teenagers;<\/p>\n<p>Authors: Mihaela Knez, Damjana Kern, Matej Klemen, Tja\u0161a Ali\u010d<\/p>\n<p><a class=\"btn orange\" href=\"https:\/\/knjigarna.uni-lj.si\/Zul\/1006000\" target=\"_blank\" rel=\"noopener\">Buy &#8211; Textbook<\/a><\/p>\n<p><a class=\"btn black\" href=\"https:\/\/centerslo.si\/knjige\/ucbeniki-in-prirocniki\/osnovna-stopnja\/cas-za-slovenscino-1\/ucbenik-cas-za-slovenscino-1\/\" target=\"_blank\" rel=\"noopener\">Browse &#8211; Textbook<\/a><\/p>\n<p><a class=\"btn black\" href=\"https:\/\/centerslo.si\/knjige\/ucbeniki-in-prirocniki\/osnovna-stopnja\/cas-za-slovenscino-1\/ucbenik-cas-za-slovenscino-1\/cas-za-slovenscino-1-posnetki\/\" target=\"_blank\" rel=\"noopener\">Listen &#8211; Textbook<\/a><\/p>\n<p><a class=\"btn orange\" href=\"https:\/\/knjigarna.uni-lj.si\/Zul\/1006001\" target=\"_blank\" rel=\"noopener\">Buy &#8211; Workbook<\/a><\/p>\n<p><a class=\"btn black\" href=\"https:\/\/centerslo.si\/knjige\/ucbeniki-in-prirocniki\/osnovna-stopnja\/cas-za-slovenscino-1\/delovni-zvezek-cas-za-slovenscino-1\/\" target=\"_blank\" rel=\"noopener\">Browse &#8211; Workbook<\/a><\/p>\n<\/div>\n<\/div>\n<p>The textbook set <strong><em>\u010cas za sloven\u0161\u010dino 1<\/em><\/strong> is aimed at youngsters from age 12 who are at beginners level in Slovene. It is made up of a text book and a workbook. The content relates mainly to school and social life, as well as life in Slovenia. There are five extensive units with numerous themes where learners learn how to introduce themselves and their families, their school environment, to communicate in typical school situations, to describe a regular day and what they do in their spare time, as well as how to ask others about these things. With the help of examples and model texts they also learn how to write short narratives about themselves and very simple texts. The material is meant for use in class: there are 80 hours of material for speakers of Slavic languages and around 180 hours for those who speak more distant languages. The language level learners are expected to achieve by using the material is roughly A1 on the Common European Framework of Reference.<\/p>\n<hr \/>\n<p>See also:<\/p>\n<p><a href=\"https:\/\/centerslo.si\/en\/books\/textbooks-and-handbooks\/beginner-level\/2970-2\/\"><img loading=\"lazy\" decoding=\"async\" class=\"alignnone wp-image-2968\" src=\"https:\/\/centerslo.si\/en\/wp-content\/uploads\/sites\/2\/2015\/12\/Cas-za-slovenscino-2_U.jpg\" alt=\"\" width=\"137\" height=\"195\" srcset=\"https:\/\/centerslo.si\/en\/wp-content\/uploads\/sites\/2\/2015\/12\/Cas-za-slovenscino-2_U.jpg 783w, https:\/\/centerslo.si\/en\/wp-content\/uploads\/sites\/2\/2015\/12\/Cas-za-slovenscino-2_U-211x300.jpg 211w, https:\/\/centerslo.si\/en\/wp-content\/uploads\/sites\/2\/2015\/12\/Cas-za-slovenscino-2_U-768x1093.jpg 768w, https:\/\/centerslo.si\/en\/wp-content\/uploads\/sites\/2\/2015\/12\/Cas-za-slovenscino-2_U-720x1024.jpg 720w\" sizes=\"auto, (max-width: 137px) 100vw, 137px\" \/><\/a><\/p>\n","protected":false},"excerpt":{"rendered":"<p>\u010cas za sloven\u0161\u010dino 1 \u010cAS ZA SLOVEN\u0160\u010cINO 1 Textbook\/workbook for teenagers; Authors: Mihaela Knez, Damjana Kern, Matej Klemen, Tja\u0161a Ali\u010d Buy &#8211; Textbook Browse &#8211; Textbook Listen &#8211; Textbook Buy &#8211; Workbook Browse &#8211; Workbook The textbook set \u010cas za sloven\u0161\u010dino 1 is aimed at youngsters from age 12 who are at beginners level in [&hellip;]<\/p>\n","protected":false},"author":23,"featured_media":0,"parent":170,"menu_order":0,"comment_status":"closed","ping_status":"closed","template":"","meta":{"_acf_changed":false,"footnotes":""},"class_list":["post-2760","page","type-page","status-publish","hentry"],"acf":[],"_links":{"self":[{"href":"https:\/\/centerslo.si\/en\/wp-json\/wp\/v2\/pages\/2760","targetHints":{"allow":["GET"]}}],"collection":[{"href":"https:\/\/centerslo.si\/en\/wp-json\/wp\/v2\/pages"}],"about":[{"href":"https:\/\/centerslo.si\/en\/wp-json\/wp\/v2\/types\/page"}],"author":[{"embeddable":true,"href":"https:\/\/centerslo.si\/en\/wp-json\/wp\/v2\/users\/23"}],"replies":[{"embeddable":true,"href":"https:\/\/centerslo.si\/en\/wp-json\/wp\/v2\/comments?post=2760"}],"version-history":[{"count":12,"href":"https:\/\/centerslo.si\/en\/wp-json\/wp\/v2\/pages\/2760\/revisions"}],"predecessor-version":[{"id":9847,"href":"https:\/\/centerslo.si\/en\/wp-json\/wp\/v2\/pages\/2760\/revisions\/9847"}],"up":[{"embeddable":true,"href":"https:\/\/centerslo.si\/en\/wp-json\/wp\/v2\/pages\/170"}],"wp:attachment":[{"href":"https:\/\/centerslo.si\/en\/wp-json\/wp\/v2\/media?parent=2760"}],"curies":[{"name":"wp","href":"https:\/\/api.w.org\/{rel}","templated":true}]}}