{"id":276,"date":"2015-12-02T10:29:09","date_gmt":"2015-12-02T09:29:09","guid":{"rendered":"http:\/\/centerslo.si\/en\/?page_id=276"},"modified":"2016-01-14T11:25:58","modified_gmt":"2016-01-14T10:25:58","slug":"slovenska-beseda-v-zivo-1a","status":"publish","type":"page","link":"https:\/\/centerslo.si\/en\/books\/textbooks-and-handbooks\/handbooks\/slovenska-beseda-v-zivo-1a\/","title":{"rendered":"Slovenska beseda v \u017eivo 1a"},"content":{"rendered":"<h1>Priro\u010dnik za u\u010ditelje k u\u010dbeniku Slovenska beseda v \u017eivo 1a<\/h1>\n<div class=\"grid highlight\">\n<div class=\"col span_1_of_3\"><img decoding=\"async\" class=\"alignnone size-full wp-image-2056\" src=\"https:\/\/centerslo.si\/wp-content\/uploads\/2015\/10\/prirocnik-slovenska-beseda-v-zivo-1a.jpg\" alt=\"prirocnik-slovenska-beseda-v-zivo-1a\" \/><\/div>\n<div class=\"col span_2_of_3\">\n<p><strong>SLOVENSKA BESEDA V \u017dIVO 1a<\/strong><br \/> Priro\u010dnik za u\u010ditelje<\/p>\n<p><strong>Authors: Andreja Markovi\u010d, Mojca Stritar Ku\u010duk <\/strong><\/p>\n<p><a class=\"btn black\" href=\"https:\/\/centerslo.si\/wp-content\/uploads\/2015\/10\/SBZ-1a_Prirocnik-za-ucitelje_nova.pdf\" target=\"_blank\">Download PDF<\/a><\/p>\n<\/div>\n<\/div>\n<hr \/>\n<h2>Content<\/h2>\n<p>Uvod in Pristopi k posameznim delom enote <a class=\"pdf\" href=\"https:\/\/centerslo.si\/wp-content\/uploads\/2015\/10\/Prir_SBZ-1a_-1_del_Uvod1.pdf\" target=\"_blank\">Download PDF<\/a><\/p>\n<p>Delo s posameznimi enotami in Dodatni projekti <a class=\"pdf\" href=\"https:\/\/centerslo.si\/wp-content\/uploads\/2015\/10\/Prir_SBZ-1a_2_del_Enote_nova.pdf\" target=\"_blank\">Download PDF<\/a><\/p>\n<p>Seznam besed <a class=\"pdf\" href=\"https:\/\/centerslo.si\/wp-content\/uploads\/2015\/10\/Prir_SBZ-1a_3_del_Seznam-besed.pdf\" target=\"_blank\">Download PDF<\/a><\/p>\n<p>Ponovitvene enote in samoevalvacija <a class=\"pdf\" href=\"https:\/\/centerslo.si\/wp-content\/uploads\/2015\/10\/Prir_SBZ-1a_4_del_Ponovitev.pdf\" target=\"_blank\">Download PDF<\/a><\/p>\n<p>Re\u0161itve nalog iz u\u010dbenika <a class=\"pdf\" href=\"https:\/\/centerslo.si\/wp-content\/uploads\/2015\/10\/Prir_SBZ-1a_5_del_Resitve.pdf\" target=\"_blank\">Download PDF<\/a><\/p>\n<p>Gradivo za fotokopiranje <a class=\"pdf\" href=\"https:\/\/centerslo.si\/wp-content\/uploads\/2015\/10\/Prir_SBZ-1a_6_del_Gradivo-za-fotokopiranje.pdf\" target=\"_blank\">Download PDF<\/a><\/p>\n<h3>Slovenska beseda v \u017eivo 1a: Priro\u010dnik za u\u010ditelje<\/h3>\n<p>The handbook is for teachers using the coursebook <em>Slovenska beseda v \u017eivo 1a<\/em>. It contains useful advice for novice teachers as well as for experienced language lecturers. The revision units and photocopiable material represent a valuable addition to the handbook and coursebook.<\/p>\n<hr \/>\n<p>See also:<\/p>\n<p><a href=\"https:\/\/centerslo.si\/en\/books\/textbooks-and-handbooks\/beginner-level\/slovenska-beseda-v-zivo-1a\/\"><img loading=\"lazy\" decoding=\"async\" class=\"alignnone  wp-image-1966\" src=\"https:\/\/centerslo.si\/wp-content\/uploads\/2015\/10\/ucbenik-slovenska-beseda-v-zivo-1a.jpg\" alt=\"ucbenik-slovenska-beseda-v-zivo-1a\" width=\"125\" height=\"181\" \/><\/a>\u00a0 <a href=\"https:\/\/centerslo.si\/en\/books\/textbooks-and-handbooks\/beginner-level\/slovenska-beseda-v-zivo-1a\/\"><img loading=\"lazy\" decoding=\"async\" class=\"alignnone  wp-image-1965\" src=\"https:\/\/centerslo.si\/wp-content\/uploads\/2015\/10\/ucbenik-slovenska-beseda-v-zivo-1a-delovni-zvezek.jpg\" alt=\"ucbenik-slovenska-beseda-v-zivo-1a-delovni-zvezek\" width=\"125\" height=\"181\" \/><\/a>\u00a0 <a href=\"https:\/\/centerslo.si\/en\/books\/textbooks-and-handbooks\/beginner-level\/slovenska-beseda-v-zivo-1b\/\"><img loading=\"lazy\" decoding=\"async\" class=\"alignnone  wp-image-1963\" src=\"https:\/\/centerslo.si\/wp-content\/uploads\/2015\/10\/ucbenik-slovenska-beseda-v-zivo-1b.jpg\" alt=\"ucbenik-slovenska-beseda-v-zivo-1b\" width=\"125\" height=\"181\" \/><\/a>\u00a0 <a href=\"https:\/\/centerslo.si\/en\/books\/textbooks-and-handbooks\/beginner-level\/slovenska-beseda-v-zivo-1b\/\"><img loading=\"lazy\" decoding=\"async\" class=\"alignnone  wp-image-1962\" src=\"https:\/\/centerslo.si\/wp-content\/uploads\/2015\/10\/ucbenik-slovenska-beseda-v-zivo-1b-delovni-zvezek.jpg\" alt=\"ucbenik-slovenska-beseda-v-zivo-1b-delovni-zvezek\" width=\"125\" height=\"181\" \/><\/a>\u00a0 <a href=\"https:\/\/centerslo.si\/en\/books\/textbooks-and-handbooks\/intermediate-level\/slovenska-beseda-v-zivo-2\/\"><img loading=\"lazy\" decoding=\"async\" class=\"alignnone  wp-image-1961\" src=\"https:\/\/centerslo.si\/wp-content\/uploads\/2015\/10\/ucbenik-slovenska-beseda-v-zivo-2.jpg\" alt=\"ucbenik-slovenska-beseda-v-zivo-2\" width=\"125\" height=\"181\" \/><\/a>\u00a0 <a href=\"https:\/\/centerslo.si\/en\/books\/textbooks-and-handbooks\/intermediate-level\/slovenska-beseda-v-zivo-2\/\"><img loading=\"lazy\" decoding=\"async\" class=\"alignnone  wp-image-1960\" src=\"https:\/\/centerslo.si\/wp-content\/uploads\/2015\/10\/ucbenik-slovenska-beseda-v-zivo-2-delovni-zvezek.jpg\" alt=\"ucbenik-slovenska-beseda-v-zivo-2-delovni-zvezek\" width=\"125\" height=\"181\" \/><\/a>\u00a0<\/p>\n<p><a href=\"https:\/\/centerslo.si\/en\/books\/textbooks-and-handbooks\/intermediate-level\/slovenska-beseda-v-zivo-3a\/\"><img loading=\"lazy\" decoding=\"async\" class=\"alignnone  wp-image-1959\" src=\"https:\/\/centerslo.si\/wp-content\/uploads\/2015\/10\/ucbenik-slovenska-beseda-v-zivo-3a.jpg\" alt=\"ucbenik-slovenska-beseda-v-zivo-3a\" width=\"125\" height=\"181\" \/><\/a>\u00a0 <a href=\"https:\/\/centerslo.si\/en\/books\/textbooks-and-handbooks\/intermediate-level\/slovenska-beseda-v-zivo-3a\/\"><img loading=\"lazy\" decoding=\"async\" class=\"alignnone  wp-image-1958\" src=\"https:\/\/centerslo.si\/wp-content\/uploads\/2015\/10\/ucbenik-slovenska-beseda-v-zivo-3a-delovni-zvezek.jpg\" alt=\"ucbenik-slovenska-beseda-v-zivo-3a-delovni-zvezek\" width=\"125\" height=\"181\" \/><\/a>\u00a0 <a href=\"https:\/\/centerslo.si\/en\/books\/textbooks-and-handbooks\/advanced-level\/slovenska-beseda-v-zivo-3b\/\"><img loading=\"lazy\" decoding=\"async\" class=\"alignnone  wp-image-1957\" src=\"https:\/\/centerslo.si\/wp-content\/uploads\/2015\/10\/ucbenik-slovenska-beseda-v-zivo-3b.jpg\" alt=\"ucbenik-slovenska-beseda-v-zivo-3b\" width=\"125\" height=\"181\" \/><\/a><a href=\"https:\/\/centerslo.si\/knjige\/ucbeniki-in-prirocniki\/izpopolnjevalna-stopnja\/slovenska-beseda-v-zivo-3b\/\">\u00a0 <\/a><a href=\"https:\/\/centerslo.si\/en\/books\/textbooks-and-handbooks\/advanced-level\/slovenska-beseda-v-zivo-3b\/\"><img loading=\"lazy\" decoding=\"async\" class=\"alignnone  wp-image-1956\" src=\"https:\/\/centerslo.si\/wp-content\/uploads\/2015\/10\/ucbenik-slovenska-beseda-v-zivo-3b-delovni-zvezek.jpg\" alt=\"ucbenik-slovenska-beseda-v-zivo-3b-delovni-zvezek\" width=\"125\" height=\"181\" \/><\/a><\/p>\n<p>Teachers\u2019 books:<\/p>\n<p><a href=\"https:\/\/centerslo.si\/en\/books\/textbooks-and-handbooks\/handbooks\/prirocnik-slovenska-beseda-v-zivo-1b\/\"><img loading=\"lazy\" decoding=\"async\" class=\"alignnone wp-image-3342 \" src=\"https:\/\/centerslo.si\/wp-content\/uploads\/2015\/11\/prirocnik-slovenska-beseda-v-zivo-1b.jpg\" alt=\"Slovenska beseda v \u017eivo 1b - Priro\u010dnik za u\u010ditelje\" width=\"125\" height=\"181\" \/><\/a>\u00a0 <a href=\"https:\/\/centerslo.si\/en\/books\/textbooks-and-handbooks\/handbooks\/slovenska-beseda-v-zivo-2\/\"><img loading=\"lazy\" decoding=\"async\" class=\"alignnone  wp-image-2055\" src=\"https:\/\/centerslo.si\/wp-content\/uploads\/2015\/10\/prirocnik-slovenska-beseda-v-zivo-2.jpg\" alt=\"prirocnik-slovenska-beseda-v-zivo-2\" width=\"125\" height=\"181\" \/><\/a><\/p>\n","protected":false},"excerpt":{"rendered":"<p>Priro\u010dnik za u\u010ditelje k u\u010dbeniku Slovenska beseda v \u017eivo 1a SLOVENSKA BESEDA V \u017dIVO 1a Priro\u010dnik za u\u010ditelje Authors: Andreja Markovi\u010d, Mojca Stritar Ku\u010duk Download PDF Content Uvod in Pristopi k posameznim delom enote Download PDF Delo s posameznimi enotami in Dodatni projekti Download PDF Seznam besed Download PDF Ponovitvene enote in samoevalvacija Download PDF [&hellip;]<\/p>\n","protected":false},"author":10,"featured_media":0,"parent":261,"menu_order":4,"comment_status":"closed","ping_status":"closed","template":"page-content-menu.php","meta":{"_acf_changed":false,"footnotes":""},"class_list":["post-276","page","type-page","status-publish","hentry"],"acf":[],"_links":{"self":[{"href":"https:\/\/centerslo.si\/en\/wp-json\/wp\/v2\/pages\/276","targetHints":{"allow":["GET"]}}],"collection":[{"href":"https:\/\/centerslo.si\/en\/wp-json\/wp\/v2\/pages"}],"about":[{"href":"https:\/\/centerslo.si\/en\/wp-json\/wp\/v2\/types\/page"}],"author":[{"embeddable":true,"href":"https:\/\/centerslo.si\/en\/wp-json\/wp\/v2\/users\/10"}],"replies":[{"embeddable":true,"href":"https:\/\/centerslo.si\/en\/wp-json\/wp\/v2\/comments?post=276"}],"version-history":[{"count":8,"href":"https:\/\/centerslo.si\/en\/wp-json\/wp\/v2\/pages\/276\/revisions"}],"predecessor-version":[{"id":1289,"href":"https:\/\/centerslo.si\/en\/wp-json\/wp\/v2\/pages\/276\/revisions\/1289"}],"up":[{"embeddable":true,"href":"https:\/\/centerslo.si\/en\/wp-json\/wp\/v2\/pages\/261"}],"wp:attachment":[{"href":"https:\/\/centerslo.si\/en\/wp-json\/wp\/v2\/media?parent=276"}],"curies":[{"name":"wp","href":"https:\/\/api.w.org\/{rel}","templated":true}]}}