{"id":2756,"date":"2017-11-13T14:11:47","date_gmt":"2017-11-13T13:11:47","guid":{"rendered":"http:\/\/centerslo.si\/en\/?page_id=2756"},"modified":"2023-08-24T18:04:32","modified_gmt":"2023-08-24T16:04:32","slug":"teachers-book-kriz-kraz","status":"publish","type":"page","link":"https:\/\/centerslo.si\/en\/books\/textbooks-and-handbooks\/handbooks\/teachers-book-kriz-kraz\/","title":{"rendered":"Teacher&#8217;s Book Kri\u017e kra\u017e"},"content":{"rendered":"<h1><strong>Teacher&#8217;s Book<\/strong> Kri\u017e kra\u017e<\/h1>\n<div class=\"grid highlight\">\n<div class=\"col span_1_of_3\"><img loading=\"lazy\" decoding=\"async\" class=\"alignnone wp-image-12153 size-medium\" src=\"https:\/\/centerslo.si\/wp-content\/uploads\/2017\/11\/Kriz-kraz-1_prirocnik_ovitek-204x300.jpg\" alt=\"\" width=\"204\" height=\"300\" \/><\/div>\n<div class=\"col span_2_of_3\">\n<p><strong>KRI\u017d KRA\u017d<br \/>\n<\/strong>Teacher&#8217;s Book<\/p>\n<p>Authors: Mihaela Knez, Matej Klemen, Tja\u0161a Ali\u010d, Damjana Kern<\/p>\n<p><a class=\"btn orange\" href=\"https:\/\/knjigarna.uni-lj.si\/sl-SI\/product\/kri%C5%BE-kra%C5%BE-1---priro%C4%8Dnik-za-u%C4%8Ditelje\/1001476\" target=\"_blank\" rel=\"noopener\">Buy<\/a><\/p>\n<p><a class=\"btn black\" href=\"https:\/\/centerslo.si\/knjige\/ucbeniki-in-prirocniki\/prirocniki-in-ucno-gradivo\/prirocnik-za-ucitelje-kriz-kraz\/prirocnik-za-ucitelje-kriz-kraz\/\" target=\"_blank\" rel=\"noopener\">Browse<\/a><\/p>\n<p><a class=\"btn black\" href=\"https:\/\/centerslo.si\/wp-content\/uploads\/2016\/04\/Kriz-kraz-prirocnik_A4-WEB.pdf\" target=\"_blank\" rel=\"noopener\">Download pdf<\/a><\/p>\n<\/div>\n<\/div>\n<p>A teacher&#8217;s book to accompany the textbook <strong>Kri\u017e kra\u017e. <\/strong>Begins with some general guidelines and approaches to working with young children, and then describes the activities that can accompany the units. To each unit are added some templates for different language games. \u00a0<\/p>\n","protected":false},"excerpt":{"rendered":"<p>Teacher&#8217;s Book Kri\u017e kra\u017e KRI\u017d KRA\u017d Teacher&#8217;s Book Authors: Mihaela Knez, Matej Klemen, Tja\u0161a Ali\u010d, Damjana Kern Buy Browse Download pdf A teacher&#8217;s book to accompany the textbook Kri\u017e kra\u017e. Begins with some general guidelines and approaches to working with young children, and then describes the activities that can accompany the units. To each unit [&hellip;]<\/p>\n","protected":false},"author":23,"featured_media":0,"parent":261,"menu_order":0,"comment_status":"closed","ping_status":"closed","template":"","meta":{"_acf_changed":false,"footnotes":""},"class_list":["post-2756","page","type-page","status-publish","hentry"],"acf":[],"_links":{"self":[{"href":"https:\/\/centerslo.si\/en\/wp-json\/wp\/v2\/pages\/2756","targetHints":{"allow":["GET"]}}],"collection":[{"href":"https:\/\/centerslo.si\/en\/wp-json\/wp\/v2\/pages"}],"about":[{"href":"https:\/\/centerslo.si\/en\/wp-json\/wp\/v2\/types\/page"}],"author":[{"embeddable":true,"href":"https:\/\/centerslo.si\/en\/wp-json\/wp\/v2\/users\/23"}],"replies":[{"embeddable":true,"href":"https:\/\/centerslo.si\/en\/wp-json\/wp\/v2\/comments?post=2756"}],"version-history":[{"count":6,"href":"https:\/\/centerslo.si\/en\/wp-json\/wp\/v2\/pages\/2756\/revisions"}],"predecessor-version":[{"id":7177,"href":"https:\/\/centerslo.si\/en\/wp-json\/wp\/v2\/pages\/2756\/revisions\/7177"}],"up":[{"embeddable":true,"href":"https:\/\/centerslo.si\/en\/wp-json\/wp\/v2\/pages\/261"}],"wp:attachment":[{"href":"https:\/\/centerslo.si\/en\/wp-json\/wp\/v2\/media?parent=2756"}],"curies":[{"name":"wp","href":"https:\/\/api.w.org\/{rel}","templated":true}]}}