{"id":2741,"date":"2017-11-13T12:55:18","date_gmt":"2017-11-13T11:55:18","guid":{"rendered":"http:\/\/centerslo.si\/en\/?page_id=2741"},"modified":"2026-01-08T14:11:02","modified_gmt":"2026-01-08T13:11:02","slug":"kriz-kraz","status":"publish","type":"page","link":"https:\/\/centerslo.si\/en\/books\/textbooks-and-handbooks\/beginner-level\/kriz-kraz\/","title":{"rendered":"Kri\u017e kra\u017e"},"content":{"rendered":"<h1>KRI\u017d KRA\u017d<\/h1>\n<div class=\"grid highlight\">\n<div class=\"col span_1_of_3\"><img loading=\"lazy\" decoding=\"async\" class=\"alignnone size-medium wp-image-12154\" src=\"https:\/\/centerslo.si\/wp-content\/uploads\/2017\/11\/Kriz-kraz-1_ucbenik_ovitek-204x300.jpg\" alt=\"\" width=\"204\" height=\"300\" \/><\/div>\n<div class=\"col span_2_of_3\">\n<p><strong>KRI\u017d KRA\u017d<br \/>\n<\/strong>Authors: Mihaela Knez, Matej Klemen, Tja\u0161a Ali\u010d, Damjana Kern<\/p>\n<p><a class=\"btn orange\" href=\"https:\/\/knjigarna.uni-lj.si\/Zul\/jezika-za-neopismenjene-otroke-1005066\" target=\"_blank\" rel=\"noopener\">Buy<\/a><\/p>\n<p><a class=\"btn black\" href=\"https:\/\/centerslo.si\/knjige\/ucbeniki-in-prirocniki\/osnovna-stopnja\/kriz-kraz\/kriz-kraz\/\" target=\"_blank\" rel=\"noopener\">Browse<\/a><\/p>\n<p><a class=\"btn black\" href=\"https:\/\/centerslo.si\/knjige\/ucbeniki-in-prirocniki\/osnovna-stopnja\/kriz-kraz\/kriz-kraz-posnetki\/\" target=\"_blank\" rel=\"noopener\">Listen<\/a><\/p>\n<\/div>\n<\/div>\n<p>The text book <strong>Kri\u017e kra\u017e<\/strong>\u00a0offers beginners material for learning Slovene as a second or foreign language. It is aimed at children aged 5 and 6 who are not yet able to read and write, or are only just learning. With some adjustments, it can also be used for slightly younger or older children. There are 12 units dealing with things that children encounter every day. Learners acquire basic vocabulary and selected communication patterns. Each theme is covered by a progressive sequence of six to thirteen activities that complememnt each other. How to implement the activities is covered in the teacher&#8217;s book. The language level learners are expected to achieve by doing the activities is roughly A1 on the Common European Framework of Reference.<\/p>\n<hr \/>\n<p>See also: Teacher&#8217;s Book<\/p>\n<p><a href=\"https:\/\/centerslo.si\/knjige\/ucbeniki-in-prirocniki\/prirocniki-in-ucno-gradivo\/prirocnik-za-ucitelje-kriz-kraz\/\"><img loading=\"lazy\" decoding=\"async\" class=\"alignnone wp-image-12153 \" src=\"https:\/\/centerslo.si\/wp-content\/uploads\/2017\/11\/Kriz-kraz-1_prirocnik_ovitek-204x300.jpg\" alt=\"\" width=\"130\" height=\"191\" \/><\/a><\/p>\n","protected":false},"excerpt":{"rendered":"<p>KRI\u017d KRA\u017d KRI\u017d KRA\u017d Authors: Mihaela Knez, Matej Klemen, Tja\u0161a Ali\u010d, Damjana Kern Buy Browse Listen The text book Kri\u017e kra\u017e\u00a0offers beginners material for learning Slovene as a second or foreign language. It is aimed at children aged 5 and 6 who are not yet able to read and write, or are only just learning. [&hellip;]<\/p>\n","protected":false},"author":23,"featured_media":0,"parent":170,"menu_order":0,"comment_status":"closed","ping_status":"closed","template":"","meta":{"_acf_changed":false,"footnotes":""},"class_list":["post-2741","page","type-page","status-publish","hentry"],"acf":[],"_links":{"self":[{"href":"https:\/\/centerslo.si\/en\/wp-json\/wp\/v2\/pages\/2741","targetHints":{"allow":["GET"]}}],"collection":[{"href":"https:\/\/centerslo.si\/en\/wp-json\/wp\/v2\/pages"}],"about":[{"href":"https:\/\/centerslo.si\/en\/wp-json\/wp\/v2\/types\/page"}],"author":[{"embeddable":true,"href":"https:\/\/centerslo.si\/en\/wp-json\/wp\/v2\/users\/23"}],"replies":[{"embeddable":true,"href":"https:\/\/centerslo.si\/en\/wp-json\/wp\/v2\/comments?post=2741"}],"version-history":[{"count":11,"href":"https:\/\/centerslo.si\/en\/wp-json\/wp\/v2\/pages\/2741\/revisions"}],"predecessor-version":[{"id":9727,"href":"https:\/\/centerslo.si\/en\/wp-json\/wp\/v2\/pages\/2741\/revisions\/9727"}],"up":[{"embeddable":true,"href":"https:\/\/centerslo.si\/en\/wp-json\/wp\/v2\/pages\/170"}],"wp:attachment":[{"href":"https:\/\/centerslo.si\/en\/wp-json\/wp\/v2\/media?parent=2741"}],"curies":[{"name":"wp","href":"https:\/\/api.w.org\/{rel}","templated":true}]}}