{"id":270,"date":"2015-12-02T10:26:27","date_gmt":"2015-12-02T09:26:27","guid":{"rendered":"http:\/\/centerslo.si\/en\/?page_id=270"},"modified":"2026-01-22T09:56:30","modified_gmt":"2026-01-22T08:56:30","slug":"slika-jezika","status":"publish","type":"page","link":"https:\/\/centerslo.si\/en\/books\/textbooks-and-handbooks\/handbooks\/slika-jezika\/","title":{"rendered":"Slika jezika"},"content":{"rendered":"<h1>Slika jezika<\/h1>\n<div class=\"grid highlight\">\n<div class=\"col span_1_of_2\"><img loading=\"lazy\" decoding=\"async\" class=\"alignnone  wp-image-2111\" src=\"https:\/\/centerslo.si\/wp-content\/uploads\/2015\/10\/slika_jezika_wide.jpg\" alt=\"slika_jezika_wide\" width=\"336\" height=\"251\" \/><img loading=\"lazy\" decoding=\"async\" class=\"alignnone  wp-image-2110\" src=\"https:\/\/centerslo.si\/wp-content\/uploads\/2015\/10\/fotke-za-sliko-jezika-300x188.jpg\" alt=\"fotke za sliko jezika\" width=\"336\" height=\"210\" \/><\/p>\n<\/div>\n<div class=\"col span_1_of_2\">\n<p><strong>SLIKA JEZIKA<\/strong><\/p>\n<p><strong>Slikovno gradivo za pou\u010devanje sloven\u0161\u010dine kot drugega\/tujega jezika<\/strong><\/p>\n<p>Authors: Mihaela Knez, Matej Klemen, Damjana Kern, Tja\u0161a Ali\u010d, Katja Kralj, Andreja Markovi\u010d, Sta\u0161a Pisek, Mojca Stritar<\/p>\n<p><a class=\"btn orange\" href=\"https:\/\/knjigarna.uni-lj.si\/Zul\/1002756\" target=\"_blank\" rel=\"noopener\">Buy<\/a><\/p>\n<\/div>\n<\/div>\n<p>The pictorial material <em>Slika jezika<\/em> (Picture of the language) is a didactic aid in the form of cards that facilitate relaxed learning of vocabulary and linguistic patterns in Slovene as a second or foreign language classes.<\/p>\n<p>It comprises 1882 word and picture cards, divided into 18 groups. Each group includes the names of basic notions in a particular theme. With the cards comes a teacher\u2019s book which presents a number of suggestions for activities or games using the cards.<\/p>\n<p>The pictorial material is aimed at teacher-led class work where learners play an active role. It is particularly useful when the teacher and the learners do not share a language. The reality shown on the picture cards facilitates and eases the initial assimilation of the language. Cards are also welcomed by all beginners, since activities using cards dynamically supplement lessons and offer many opportunities for the assimilation of language and the affirmation of already assimilated language knowledge.<\/p>\n<p>You can also try learning with pictures through the games on our website (<span class=\"Y2IQFc\" lang=\"en\">currently under construction)<\/span>.<\/p>\n","protected":false},"excerpt":{"rendered":"<p>Slika jezika SLIKA JEZIKA Slikovno gradivo za pou\u010devanje sloven\u0161\u010dine kot drugega\/tujega jezika Authors: Mihaela Knez, Matej Klemen, Damjana Kern, Tja\u0161a Ali\u010d, Katja Kralj, Andreja Markovi\u010d, Sta\u0161a Pisek, Mojca Stritar Buy The pictorial material Slika jezika (Picture of the language) is a didactic aid in the form of cards that facilitate relaxed learning of vocabulary and [&hellip;]<\/p>\n","protected":false},"author":10,"featured_media":0,"parent":261,"menu_order":1,"comment_status":"closed","ping_status":"closed","template":"page-content-menu.php","meta":{"_acf_changed":false,"footnotes":""},"class_list":["post-270","page","type-page","status-publish","hentry"],"acf":[],"_links":{"self":[{"href":"https:\/\/centerslo.si\/en\/wp-json\/wp\/v2\/pages\/270","targetHints":{"allow":["GET"]}}],"collection":[{"href":"https:\/\/centerslo.si\/en\/wp-json\/wp\/v2\/pages"}],"about":[{"href":"https:\/\/centerslo.si\/en\/wp-json\/wp\/v2\/types\/page"}],"author":[{"embeddable":true,"href":"https:\/\/centerslo.si\/en\/wp-json\/wp\/v2\/users\/10"}],"replies":[{"embeddable":true,"href":"https:\/\/centerslo.si\/en\/wp-json\/wp\/v2\/comments?post=270"}],"version-history":[{"count":10,"href":"https:\/\/centerslo.si\/en\/wp-json\/wp\/v2\/pages\/270\/revisions"}],"predecessor-version":[{"id":9821,"href":"https:\/\/centerslo.si\/en\/wp-json\/wp\/v2\/pages\/270\/revisions\/9821"}],"up":[{"embeddable":true,"href":"https:\/\/centerslo.si\/en\/wp-json\/wp\/v2\/pages\/261"}],"wp:attachment":[{"href":"https:\/\/centerslo.si\/en\/wp-json\/wp\/v2\/media?parent=270"}],"curies":[{"name":"wp","href":"https:\/\/api.w.org\/{rel}","templated":true}]}}