{"id":265,"date":"2015-12-02T10:11:55","date_gmt":"2015-12-02T09:11:55","guid":{"rendered":"http:\/\/centerslo.si\/en\/?page_id=265"},"modified":"2026-01-22T09:59:01","modified_gmt":"2026-01-22T08:59:01","slug":"pocket-slovene","status":"publish","type":"page","link":"https:\/\/centerslo.si\/en\/books\/textbooks-and-handbooks\/handbooks\/pocket-slovene\/","title":{"rendered":"Pocket Slovene"},"content":{"rendered":"<h1>\u017depna sloven\u0161\u010dina\/Pocket Slovene<\/h1>\n<div class=\"grid highlight\">\n<p><img loading=\"lazy\" decoding=\"async\" class=\"alignnone  wp-image-2065\" src=\"https:\/\/centerslo.si\/wp-content\/uploads\/2015\/10\/zepna_2.jpg\" alt=\"zepna_2\" width=\"675\" height=\"320\" \/><\/p>\n<p><strong>\u017dEPNA SLOVEN\u0160\u010cINA\/POCKET SLOVENE<br \/>\n<\/strong><\/p>\n<p><a class=\"btn orange\" href=\"https:\/\/knjigarna.uni-lj.si\/Zul\/search?searchTerm=%C5%BEepna%20sloven%C5%A1%C4%8Dina\" target=\"_blank\" rel=\"noopener\">Buy<\/a> <a class=\"btn black\" href=\"https:\/\/centerslo.si\/knjige\/ucbeniki-in-prirocniki\/prirocniki-in-ucno-gradivo\/zepna-slovenscina\/zepna-slovenscina\/\" target=\"_blank\" rel=\"noopener\">Browse<\/a><\/p>\n<\/div>\n<p><strong>Pocket Slovene<\/strong>\u00a0is a bilingual language phrase book aimed at those making their first contact with Slovenia, its language and culture.<br \/>\nIt is suitable for every pocket: its 130 pages present, with a touch of humour, key characteristics of Slovene language and culture. The basic patterns needed for everyday communication are divided thematically and supplemented by illustrations.<\/p>\n<p><em>Pocket Slovene<\/em> is the first such guide to Slovene and is available in 24 languages:<\/p>\n<div class=\"grid\">\n<div class=\"col span_1_of_2\">\n<p><img loading=\"lazy\" decoding=\"async\" class=\"alignnone  wp-image-2066\" src=\"https:\/\/centerslo.si\/wp-content\/uploads\/2015\/10\/zepna_3.jpg\" alt=\"zepna_3\" width=\"345\" height=\"517\" \/><\/p>\n<\/div>\n<div class=\"col span_1_of_2\">\n<ul>\n<li>Albanian<\/li>\n<li>Argentine Spanish<\/li>\n<li>Bulgarian<\/li>\n<li>Chinese<\/li>\n<li>Croatian<\/li>\n<li>Czech<\/li>\n<li>Dutch<\/li>\n<li>English<\/li>\n<li>French<\/li>\n<li>German<\/li>\n<li>Hungarian<\/li>\n<li>Italian<\/li>\n<li>Japanese<\/li>\n<li>Korean<\/li>\n<li>Lithuanian<\/li>\n<li>Macedonian<\/li>\n<li>Polish<\/li>\n<li>Portuguese<\/li>\n<li>Romanian<\/li>\n<li>Russian<\/li>\n<li>Serbian<\/li>\n<li>Slovakian<\/li>\n<li>Spanish<\/li>\n<li>Ukrainian<\/li>\n<\/ul>\n<\/div>\n<\/div>\n","protected":false},"excerpt":{"rendered":"<p>\u017depna sloven\u0161\u010dina\/Pocket Slovene \u017dEPNA SLOVEN\u0160\u010cINA\/POCKET SLOVENE Buy Browse Pocket Slovene\u00a0is a bilingual language phrase book aimed at those making their first contact with Slovenia, its language and culture. It is suitable for every pocket: its 130 pages present, with a touch of humour, key characteristics of Slovene language and culture. The basic patterns needed for [&hellip;]<\/p>\n","protected":false},"author":10,"featured_media":0,"parent":261,"menu_order":0,"comment_status":"closed","ping_status":"closed","template":"page-content-menu.php","meta":{"_acf_changed":false,"footnotes":""},"class_list":["post-265","page","type-page","status-publish","hentry"],"acf":[],"_links":{"self":[{"href":"https:\/\/centerslo.si\/en\/wp-json\/wp\/v2\/pages\/265","targetHints":{"allow":["GET"]}}],"collection":[{"href":"https:\/\/centerslo.si\/en\/wp-json\/wp\/v2\/pages"}],"about":[{"href":"https:\/\/centerslo.si\/en\/wp-json\/wp\/v2\/types\/page"}],"author":[{"embeddable":true,"href":"https:\/\/centerslo.si\/en\/wp-json\/wp\/v2\/users\/10"}],"replies":[{"embeddable":true,"href":"https:\/\/centerslo.si\/en\/wp-json\/wp\/v2\/comments?post=265"}],"version-history":[{"count":16,"href":"https:\/\/centerslo.si\/en\/wp-json\/wp\/v2\/pages\/265\/revisions"}],"predecessor-version":[{"id":9823,"href":"https:\/\/centerslo.si\/en\/wp-json\/wp\/v2\/pages\/265\/revisions\/9823"}],"up":[{"embeddable":true,"href":"https:\/\/centerslo.si\/en\/wp-json\/wp\/v2\/pages\/261"}],"wp:attachment":[{"href":"https:\/\/centerslo.si\/en\/wp-json\/wp\/v2\/media?parent=265"}],"curies":[{"name":"wp","href":"https:\/\/api.w.org\/{rel}","templated":true}]}}