{"id":261,"date":"2015-12-02T09:55:40","date_gmt":"2015-12-02T08:55:40","guid":{"rendered":"http:\/\/centerslo.si\/en\/?page_id=261"},"modified":"2023-12-27T17:01:06","modified_gmt":"2023-12-27T16:01:06","slug":"handbooks","status":"publish","type":"page","link":"https:\/\/centerslo.si\/en\/books\/textbooks-and-handbooks\/handbooks\/","title":{"rendered":"Handbooks"},"content":{"rendered":"<h1>Handbooks for learning Slovene<\/h1>\n<p>&nbsp;<\/p>\n<ul class=\"list-items\">\n<li><a href=\"https:\/\/centerslo.si\/en\/books\/textbooks-and-handbooks\/handbooks\/slika-jezika\/\" rel=\"attachment wp-att-1239\"><img loading=\"lazy\" decoding=\"async\" class=\"alignnone size-medium wp-image-1239\" src=\"https:\/\/centerslo.si\/en\/wp-content\/uploads\/sites\/2\/2015\/12\/Slika-jezika_naslovnica-300x239.jpg\" alt=\"Slika jezika_naslovnica\" width=\"300\" height=\"239\" srcset=\"https:\/\/centerslo.si\/en\/wp-content\/uploads\/sites\/2\/2015\/12\/Slika-jezika_naslovnica-300x239.jpg 300w, https:\/\/centerslo.si\/en\/wp-content\/uploads\/sites\/2\/2015\/12\/Slika-jezika_naslovnica.jpg 741w\" sizes=\"auto, (max-width: 300px) 100vw, 300px\" \/><\/a> <strong><a href=\"https:\/\/centerslo.si\/en\/books\/textbooks-and-handbooks\/handbooks\/slika-jezika\/\">Slika jezika<\/a>\u00a0<\/strong>(<i>Flash cards<\/i>)<\/li>\n<li><strong><a href=\"https:\/\/centerslo.si\/en\/books\/textbooks-and-handbooks\/handbooks\/klanec-board-game-ivan-cankar\/\"><img loading=\"lazy\" decoding=\"async\" class=\"alignnone wp-image-3308 size-medium\" src=\"https:\/\/centerslo.si\/en\/wp-content\/uploads\/sites\/2\/2015\/12\/Klanec_skatla-naslovna-300x213.jpg\" alt=\"\" width=\"300\" height=\"213\" srcset=\"https:\/\/centerslo.si\/en\/wp-content\/uploads\/sites\/2\/2015\/12\/Klanec_skatla-naslovna-300x213.jpg 300w, https:\/\/centerslo.si\/en\/wp-content\/uploads\/sites\/2\/2015\/12\/Klanec_skatla-naslovna-768x547.jpg 768w, https:\/\/centerslo.si\/en\/wp-content\/uploads\/sites\/2\/2015\/12\/Klanec_skatla-naslovna-1024x729.jpg 1024w, https:\/\/centerslo.si\/en\/wp-content\/uploads\/sites\/2\/2015\/12\/Klanec_skatla-naslovna.jpg 1699w\" sizes=\"auto, (max-width: 300px) 100vw, 300px\" \/><\/a> <\/strong><strong><a href=\"https:\/\/centerslo.si\/en\/books\/textbooks-and-handbooks\/handbooks\/klanec-board-game-ivan-cankar\/\">Klanec<\/a>\u00a0<\/strong>(<em>Board game about Ivan Cankar<\/em>)<\/li>\n<li>\n<p><a href=\"https:\/\/centerslo.si\/en\/books\/textbooks-and-handbooks\/handbooks\/popolni-par\/\"><img loading=\"lazy\" decoding=\"async\" class=\"alignnone  wp-image-7108\" src=\"https:\/\/centerslo.si\/en\/wp-content\/uploads\/sites\/2\/2023\/06\/Popolni-par_1-300x273.png\" alt=\"\" width=\"162\" height=\"147\" srcset=\"https:\/\/centerslo.si\/en\/wp-content\/uploads\/sites\/2\/2023\/06\/Popolni-par_1-300x273.png 300w, https:\/\/centerslo.si\/en\/wp-content\/uploads\/sites\/2\/2023\/06\/Popolni-par_1-768x698.png 768w, https:\/\/centerslo.si\/en\/wp-content\/uploads\/sites\/2\/2023\/06\/Popolni-par_1-1024x931.png 1024w, https:\/\/centerslo.si\/en\/wp-content\/uploads\/sites\/2\/2023\/06\/Popolni-par_1.png 1530w\" sizes=\"auto, (max-width: 162px) 100vw, 162px\" \/><\/a><a href=\"https:\/\/centerslo.si\/en\/books\/textbooks-and-handbooks\/handbooks\/popolni-par\/\">\u00a0<strong>Popolni par <\/strong>(<em>learning tool<\/em>)<\/a><\/p>\n<\/li>\n<li>\n<p><a href=\"https:\/\/centerslo.si\/en\/books\/textbooks-and-handbooks\/handbooks\/pocket-slovene\/\" rel=\"attachment wp-att-1242\"><img loading=\"lazy\" decoding=\"async\" class=\"alignnone wp-image-1242 size-medium\" src=\"https:\/\/centerslo.si\/en\/wp-content\/uploads\/sites\/2\/2015\/12\/Zepna_min-237x300.jpg\" alt=\"zepna slovenscina\" width=\"237\" height=\"300\" srcset=\"https:\/\/centerslo.si\/en\/wp-content\/uploads\/sites\/2\/2015\/12\/Zepna_min-237x300.jpg 237w, https:\/\/centerslo.si\/en\/wp-content\/uploads\/sites\/2\/2015\/12\/Zepna_min-768x972.jpg 768w, https:\/\/centerslo.si\/en\/wp-content\/uploads\/sites\/2\/2015\/12\/Zepna_min.jpg 809w\" sizes=\"auto, (max-width: 237px) 100vw, 237px\" \/><\/a>\u00a0<strong><a href=\"https:\/\/centerslo.si\/en\/books\/textbooks-and-handbooks\/handbooks\/pocket-slovene\/\">Pocket Slovene<\/a>\u00a0<\/strong>(<i>Phrase book<\/i>)<\/p>\n<\/li>\n<li><a href=\"https:\/\/centerslo.si\/en\/books\/textbooks-and-handbooks\/handbooks\/slovnicne-preglednice-slovenskega-jezika\/\"><img loading=\"lazy\" decoding=\"async\" class=\"alignnone wp-image-2280 size-medium\" src=\"https:\/\/centerslo.si\/en\/wp-content\/uploads\/sites\/2\/2015\/12\/Oblike-v-oblakih_tabele_ovitek-225x300.jpg\" alt=\"\" width=\"225\" height=\"300\" srcset=\"https:\/\/centerslo.si\/en\/wp-content\/uploads\/sites\/2\/2015\/12\/Oblike-v-oblakih_tabele_ovitek-225x300.jpg 225w, https:\/\/centerslo.si\/en\/wp-content\/uploads\/sites\/2\/2015\/12\/Oblike-v-oblakih_tabele_ovitek-768x1024.jpg 768w\" sizes=\"auto, (max-width: 225px) 100vw, 225px\" \/><\/a> <a href=\"https:\/\/centerslo.si\/en\/books\/textbooks-and-handbooks\/handbooks\/slovnicne-preglednice-slovenskega-jezika\/\"><strong>Oblike v oblakih, Slovni\u010dne preglednice<\/strong><\/a>\u00a0(<i>Grammar tables<\/i>)<\/li>\n<li><a href=\"https:\/\/centerslo.si\/en\/books\/textbooks-and-handbooks\/beginner-level\/fonetika-1\/\"><img loading=\"lazy\" decoding=\"async\" class=\"alignnone size-medium wp-image-4022\" src=\"https:\/\/centerslo.si\/en\/wp-content\/uploads\/sites\/2\/2019\/06\/Fonetika-1_ovitek-211x300.jpg\" alt=\"\" width=\"211\" height=\"300\" srcset=\"https:\/\/centerslo.si\/en\/wp-content\/uploads\/sites\/2\/2019\/06\/Fonetika-1_ovitek-211x300.jpg 211w, https:\/\/centerslo.si\/en\/wp-content\/uploads\/sites\/2\/2019\/06\/Fonetika-1_ovitek-768x1094.jpg 768w, https:\/\/centerslo.si\/en\/wp-content\/uploads\/sites\/2\/2019\/06\/Fonetika-1_ovitek-719x1024.jpg 719w, https:\/\/centerslo.si\/en\/wp-content\/uploads\/sites\/2\/2019\/06\/Fonetika-1_ovitek.jpg 821w\" sizes=\"auto, (max-width: 211px) 100vw, 211px\" \/><\/a>\u00a0<a href=\"https:\/\/centerslo.si\/en\/books\/textbooks-and-handbooks\/beginner-level\/fonetika-1\/\"><span style=\"color: #000000;\"><strong>Fonetika 1<\/strong><\/span><\/a><\/li>\n<li><a href=\"https:\/\/centerslo.si\/en\/books\/textbooks-and-handbooks\/advanced-level\/s-slovenscino-po-svetu-besedila-z-nalogami\/\"><img decoding=\"async\" class=\"alignnone size-full wp-image-1952\" src=\"https:\/\/centerslo.si\/wp-content\/uploads\/2015\/10\/ucbenik-s-slovenscino-po-svetu.jpg\" alt=\"ucbenik-s-slovenscino-po-svetu\" \/><\/a> <strong><a href=\"https:\/\/centerslo.si\/en\/books\/textbooks-and-handbooks\/advanced-level\/s-slovenscino-po-svetu-besedila-z-nalogami\/\">S sloven\u0161\u010dino po svetu<\/a><\/strong><\/li>\n<li>\u00a0<\/li>\n<li><a href=\"https:\/\/centerslo.si\/en\/books\/textbooks-and-handbooks\/handbooks\/a-b-c-1-2-3-gremo\/\"><img decoding=\"async\" class=\"alignnone size-full wp-image-2058\" src=\"https:\/\/centerslo.si\/wp-content\/uploads\/2015\/10\/prirocnik-abc-123-gremo.jpg\" alt=\"prirocnik-abc-123-gremo\" \/><\/a> <strong><a href=\"https:\/\/centerslo.si\/en\/books\/textbooks-and-handbooks\/handbooks\/a-b-c-1-2-3-gremo\/\">A, B, C &#8230; 1, 2, 3, gremo<\/a><\/strong><\/li>\n<li><a href=\"https:\/\/centerslo.si\/en\/books\/textbooks-and-handbooks\/handbooks\/gremo-naprej\/\"><img decoding=\"async\" class=\"alignnone size-full wp-image-2057\" src=\"https:\/\/centerslo.si\/wp-content\/uploads\/2015\/10\/prirocnik-gremo-naprej.jpg\" alt=\"prirocnik-gremo-naprej\" \/><\/a> <strong><a href=\"https:\/\/centerslo.si\/en\/books\/textbooks-and-handbooks\/handbooks\/gremo-naprej\/\">Gremo naprej<\/a>\u00a0<\/strong><\/li>\n<li><a href=\"https:\/\/centerslo.si\/en\/books\/textbooks-and-handbooks\/handbooks\/teachers-book-kriz-kraz\/\"><img loading=\"lazy\" decoding=\"async\" class=\"alignnone size-medium wp-image-3042\" src=\"https:\/\/centerslo.si\/en\/wp-content\/uploads\/sites\/2\/2015\/12\/Kriz-kraz-1_prirocnik_ovitek-213x300.jpg\" alt=\"\" width=\"213\" height=\"300\" srcset=\"https:\/\/centerslo.si\/en\/wp-content\/uploads\/sites\/2\/2015\/12\/Kriz-kraz-1_prirocnik_ovitek-213x300.jpg 213w, https:\/\/centerslo.si\/en\/wp-content\/uploads\/sites\/2\/2015\/12\/Kriz-kraz-1_prirocnik_ovitek-726x1024.jpg 726w, https:\/\/centerslo.si\/en\/wp-content\/uploads\/sites\/2\/2015\/12\/Kriz-kraz-1_prirocnik_ovitek.jpg 764w\" sizes=\"auto, (max-width: 213px) 100vw, 213px\" \/><\/a>\u00a0<strong><a href=\"https:\/\/centerslo.si\/en\/books\/textbooks-and-handbooks\/handbooks\/teachers-book-kriz-kraz\/\">Kri\u017e kra\u017e &#8211; priro\u010dnik za u\u010ditelje<\/a>\u00a0<\/strong>(<em>Handbook for teachers<\/em>)<\/li>\n<li>\u00a0<\/li>\n<li><a href=\"https:\/\/centerslo.si\/en\/books\/textbooks-and-handbooks\/handbooks\/slovenska-beseda-v-zivo-1a\/\"><img decoding=\"async\" class=\"alignnone size-full wp-image-2056\" src=\"https:\/\/centerslo.si\/wp-content\/uploads\/2015\/10\/prirocnik-slovenska-beseda-v-zivo-1a.jpg\" alt=\"prirocnik-slovenska-beseda-v-zivo-1a\" \/><\/a> <strong><a href=\"https:\/\/centerslo.si\/en\/books\/textbooks-and-handbooks\/handbooks\/slovenska-beseda-v-zivo-1a\/\">Slovenska beseda v \u017eivo 1a<\/a><\/strong><\/li>\n<li><a href=\"https:\/\/centerslo.si\/en\/books\/textbooks-and-handbooks\/handbooks\/prirocnik-slovenska-beseda-v-zivo-1b\/\"><img decoding=\"async\" class=\"alignnone size-full wp-image-2056\" src=\"https:\/\/centerslo.si\/wp-content\/uploads\/2015\/11\/prirocnik-slovenska-beseda-v-zivo-1b.jpg\" alt=\"prirocnik-slovenska-beseda-v-zivo-1b\" \/><\/a> <strong><a href=\"https:\/\/centerslo.si\/en\/books\/textbooks-and-handbooks\/handbooks\/prirocnik-slovenska-beseda-v-zivo-1b\/\">Slovenska beseda v \u017eivo 1b<\/a><\/strong><\/li>\n<li><a href=\"https:\/\/centerslo.si\/en\/books\/textbooks-and-handbooks\/handbooks\/slovenska-beseda-v-zivo-2\/\"><img decoding=\"async\" class=\"alignnone size-full wp-image-2055\" src=\"https:\/\/centerslo.si\/wp-content\/uploads\/2015\/10\/prirocnik-slovenska-beseda-v-zivo-2.jpg\" alt=\"prirocnik-slovenska-beseda-v-zivo-2\" \/><\/a> <strong><a href=\"https:\/\/centerslo.si\/en\/books\/textbooks-and-handbooks\/handbooks\/slovenska-beseda-v-zivo-2\/\">Slovenska beseda v \u017eivo 2<\/a><\/strong><\/li>\n<li>\u00a0<\/li>\n<li><a href=\"https:\/\/centerslo.si\/en\/books\/textbooks-and-handbooks\/handbooks\/povej-naprej\/\"><img decoding=\"async\" class=\"alignnone size-full wp-image-2052\" src=\"https:\/\/centerslo.si\/wp-content\/uploads\/2015\/10\/prirocnik-povej-naprej.jpg\" alt=\"prirocnik-povej-naprej\" \/><\/a> <strong><a href=\"https:\/\/centerslo.si\/en\/books\/textbooks-and-handbooks\/handbooks\/povej-naprej\/\">Povej naprej<\/a><\/strong><\/li>\n<li><a href=\"https:\/\/centerslo.si\/en\/books\/textbooks-and-handbooks\/handbooks\/pogovarjajmo-se-naprej\/\"><img decoding=\"async\" class=\"alignnone size-full wp-image-2051\" src=\"https:\/\/centerslo.si\/wp-content\/uploads\/2015\/10\/prirocnik-pogovarjamo-se-naprej.jpg\" alt=\"prirocnik-pogovarjamo-se-naprej\" \/><\/a> <strong><a href=\"https:\/\/centerslo.si\/en\/books\/textbooks-and-handbooks\/handbooks\/pogovarjajmo-se-naprej\/\">Pogovarjamo se naprej<\/a><\/strong><\/li>\n<li><a href=\"https:\/\/centerslo.si\/en\/books\/textbooks-and-handbooks\/handbooks\/jps\/\"><img decoding=\"async\" class=\"alignnone size-full wp-image-2048\" src=\"https:\/\/centerslo.si\/wp-content\/uploads\/2015\/10\/prirocnik-jps.jpg\" alt=\"prirocnik-jps\" \/><\/a> <strong><a href=\"https:\/\/centerslo.si\/en\/books\/textbooks-and-handbooks\/handbooks\/jps\/\">Jps!<\/a><\/strong><\/li>\n<li>\u00a0<\/li>\n<li><a href=\"https:\/\/centerslo.si\/en\/books\/textbooks-and-handbooks\/advanced-level\/pot-do-izpita-iz-slovenscine\"><img decoding=\"async\" class=\"alignnone size-full wp-image-2053\" src=\"https:\/\/centerslo.si\/wp-content\/uploads\/2015\/10\/prirocnik-pot-do-izpita-iz-slovenscine.jpg\" alt=\"prirocnik-pot-do-izpita-iz-slovenscine\" \/><\/a> <strong><a href=\"https:\/\/centerslo.si\/en\/books\/textbooks-and-handbooks\/advanced-level\/pot-do-izpita-iz-slovenscine\">Pot do izpita iz sloven\u0161\u010dine<\/a><\/strong><\/li>\n<li><strong><a href=\"https:\/\/centerslo.si\/en\/books\/textbooks-and-handbooks\/handbooks\/zbirke-testov-za-izpite-iz-znanja-slovenscine\/\"><img decoding=\"async\" class=\"alignnone size-full wp-image-2054\" src=\"https:\/\/centerslo.si\/wp-content\/uploads\/2015\/10\/prirocnik-zbirke-testov-za-izpite-iz-znanja-slovenscine.jpg\" alt=\"prirocnik-zbirke-testov-za-izpite-iz-znanja-slovenscine\" \/><\/a> <strong><a href=\"https:\/\/centerslo.si\/en\/books\/textbooks-and-handbooks\/handbooks\/zbirke-testov-za-izpite-iz-znanja-slovenscine\/\">Zbirka testov za izpit iz znanja sloven\u0161\u010dine na osnovni ravni<\/a><\/strong><\/strong><\/li>\n<li><strong><a href=\"https:\/\/centerslo.si\/en\/books\/textbooks-and-handbooks\/handbooks\/zbirka-testov-za-izpit-iz-znanja-slovenscine-na-srednji-ravni\/\"><img loading=\"lazy\" decoding=\"async\" class=\"alignnone wp-image-2054 size-full\" src=\"https:\/\/centerslo.si\/en\/wp-content\/uploads\/sites\/2\/2022\/10\/Srednja-raven_naslovnica.jpg\" alt=\"prirocnik-zbirke-testov-za-izpite-iz-znanja-slovenscine\" width=\"1266\" height=\"1846\" \/><\/a> <strong><a href=\"https:\/\/centerslo.si\/en\/books\/textbooks-and-handbooks\/handbooks\/zbirka-testov-za-izpit-iz-znanja-slovenscine-na-srednji-ravni\/\">Zbirka testov za izpit iz znanja sloven\u0161\u010dine na srednji ravni<\/a><\/strong><\/strong><\/li>\n<li><strong><a href=\"https:\/\/centerslo.si\/en\/books\/textbooks-and-handbooks\/handbooks\/zbirka-testov-za-izpit-iz-znanja-slovenscine-na-visoki-ravni\/\"><img loading=\"lazy\" decoding=\"async\" class=\"alignnone wp-image-2054 size-full\" src=\"https:\/\/centerslo.si\/en\/wp-content\/uploads\/sites\/2\/2022\/10\/Visoka-raven_naslovnica.jpg\" alt=\"prirocnik-zbirke-testov-za-izpite-iz-znanja-slovenscine\" width=\"1266\" height=\"1846\" \/><\/a> <strong><a href=\"https:\/\/centerslo.si\/en\/books\/textbooks-and-handbooks\/handbooks\/zbirka-testov-za-izpit-iz-znanja-slovenscine-na-visoki-ravni\/\">Zbirka testov za izpit iz znanja sloven\u0161\u010dine na visoki ravni<\/a><\/strong><\/strong><\/li>\n<\/ul>\n<p>&nbsp;<\/p>\n<ul class=\"list-items\">\n<li><a href=\"https:\/\/centerslo.si\/knjige\/ucbeniki-in-prirocniki\/prirocniki-in-ucno-gradivo\/slovenscina-kot-drugi-in-tuji-jezik\/\"><img loading=\"lazy\" decoding=\"async\" class=\"alignnone size-medium wp-image-5031\" src=\"https:\/\/centerslo.si\/en\/wp-content\/uploads\/sites\/2\/2020\/08\/Slovenscina-kot-drugi-in-tuji-jezik_ovitek-211x300.jpg\" alt=\"\" width=\"211\" height=\"300\" srcset=\"https:\/\/centerslo.si\/en\/wp-content\/uploads\/sites\/2\/2020\/08\/Slovenscina-kot-drugi-in-tuji-jezik_ovitek-211x300.jpg 211w, https:\/\/centerslo.si\/en\/wp-content\/uploads\/sites\/2\/2020\/08\/Slovenscina-kot-drugi-in-tuji-jezik_ovitek-768x1090.jpg 768w, https:\/\/centerslo.si\/en\/wp-content\/uploads\/sites\/2\/2020\/08\/Slovenscina-kot-drugi-in-tuji-jezik_ovitek-721x1024.jpg 721w, https:\/\/centerslo.si\/en\/wp-content\/uploads\/sites\/2\/2020\/08\/Slovenscina-kot-drugi-in-tuji-jezik_ovitek.jpg 882w\" sizes=\"auto, (max-width: 211px) 100vw, 211px\" \/><\/a>\u00a0<a href=\"https:\/\/centerslo.si\/knjige\/ucbeniki-in-prirocniki\/prirocniki-in-ucno-gradivo\/slovenscina-kot-drugi-in-tuji-jezik\/\"><strong>Sloven\u0161\u010dina kot drugi in tuji jezik<\/strong><\/a><\/li>\n<li><a href=\"https:\/\/centerslo.si\/en\/books\/textbooks-and-handbooks\/handbooks\/prezivetvena-raven-za-slovenscino\"><img loading=\"lazy\" decoding=\"async\" class=\"alignnone size-medium wp-image-7385\" src=\"https:\/\/centerslo.si\/wp-content\/uploads\/2015\/10\/IC_Prezivetvena_2016-210x300.jpg\" alt=\"IC_Prezivetvena_2016\" width=\"210\" height=\"300\" \/><\/a>\u00a0<strong><a href=\"https:\/\/centerslo.si\/en\/books\/textbooks-and-handbooks\/handbooks\/prezivetvena-raven-za-slovenscino\">Pre\u017eivetvena raven za sloven\u0161\u010dino<\/a>\u00a0<\/strong>(<em>Breakthrough level<\/em>)<\/li>\n<li><a href=\"https:\/\/centerslo.si\/knjige\/ucbeniki-in-prirocniki\/prirocniki-in-ucno-gradivo\/sporazumevalni-prag-za-slovenscino\/\"><img loading=\"lazy\" decoding=\"async\" class=\"alignnone size-medium wp-image-4456\" src=\"https:\/\/centerslo.si\/en\/wp-content\/uploads\/sites\/2\/2020\/01\/Sporazumevalni-prag-212x300.jpg\" alt=\"\" width=\"212\" height=\"300\" srcset=\"https:\/\/centerslo.si\/en\/wp-content\/uploads\/sites\/2\/2020\/01\/Sporazumevalni-prag-212x300.jpg 212w, https:\/\/centerslo.si\/en\/wp-content\/uploads\/sites\/2\/2020\/01\/Sporazumevalni-prag-768x1086.jpg 768w, https:\/\/centerslo.si\/en\/wp-content\/uploads\/sites\/2\/2020\/01\/Sporazumevalni-prag-724x1024.jpg 724w, https:\/\/centerslo.si\/en\/wp-content\/uploads\/sites\/2\/2020\/01\/Sporazumevalni-prag.jpg 886w\" sizes=\"auto, (max-width: 212px) 100vw, 212px\" \/><\/a>\u00a0<a href=\"https:\/\/centerslo.si\/knjige\/ucbeniki-in-prirocniki\/prirocniki-in-ucno-gradivo\/sporazumevalni-prag-za-slovenscino\/\"><strong>Sporazumevalni prag za sloven\u0161\u010dino<\/strong><\/a><\/li>\n<li><a href=\"https:\/\/centerslo.si\/knjige\/ucbeniki-in-prirocniki\/prirocniki-in-ucno-gradivo\/skupni-evropski-jezikovni-okvir\/\"><img loading=\"lazy\" decoding=\"async\" class=\"alignnone size-medium wp-image-4461\" src=\"https:\/\/centerslo.si\/en\/wp-content\/uploads\/sites\/2\/2020\/01\/SEJO_naslovnica-212x300.jpg\" alt=\"\" width=\"212\" height=\"300\" srcset=\"https:\/\/centerslo.si\/en\/wp-content\/uploads\/sites\/2\/2020\/01\/SEJO_naslovnica-212x300.jpg 212w, https:\/\/centerslo.si\/en\/wp-content\/uploads\/sites\/2\/2020\/01\/SEJO_naslovnica-768x1086.jpg 768w, https:\/\/centerslo.si\/en\/wp-content\/uploads\/sites\/2\/2020\/01\/SEJO_naslovnica-724x1024.jpg 724w, https:\/\/centerslo.si\/en\/wp-content\/uploads\/sites\/2\/2020\/01\/SEJO_naslovnica.jpg 1002w\" sizes=\"auto, (max-width: 212px) 100vw, 212px\" \/><\/a>\u00a0<a href=\"https:\/\/centerslo.si\/knjige\/ucbeniki-in-prirocniki\/prirocniki-in-ucno-gradivo\/skupni-evropski-jezikovni-okvir\/\"><strong>Skupni evropski jezikovni okvir<\/strong><\/a><\/li>\n<li><a href=\"https:\/\/centerslo.si\/en\/books\/textbooks-and-handbooks\/handbooks\/kljuc\/\"><img loading=\"lazy\" decoding=\"async\" class=\"alignnone size-medium wp-image-7419\" src=\"https:\/\/centerslo.si\/en\/wp-content\/uploads\/sites\/2\/2023\/12\/vKLJUCevanje_naslovnica-211x300.png\" alt=\"\" width=\"211\" height=\"300\" srcset=\"https:\/\/centerslo.si\/en\/wp-content\/uploads\/sites\/2\/2023\/12\/vKLJUCevanje_naslovnica-211x300.png 211w, https:\/\/centerslo.si\/en\/wp-content\/uploads\/sites\/2\/2023\/12\/vKLJUCevanje_naslovnica.png 637w\" sizes=\"auto, (max-width: 211px) 100vw, 211px\" \/><\/a><strong>\u00a0<a href=\"https:\/\/centerslo.si\/en\/books\/textbooks-and-handbooks\/handbooks\/kljuc\/\">vKLJU\u010cevanje v slovensko dru\u017ebo<\/a><\/strong><\/li>\n<\/ul>\n","protected":false},"excerpt":{"rendered":"<p>Handbooks for learning Slovene &nbsp; Slika jezika\u00a0(Flash cards) Klanec\u00a0(Board game about Ivan Cankar) \u00a0Popolni par (learning tool) \u00a0Pocket Slovene\u00a0(Phrase book) Oblike v oblakih, Slovni\u010dne preglednice\u00a0(Grammar tables) \u00a0Fonetika 1 S sloven\u0161\u010dino po svetu \u00a0 A, B, C &#8230; 1, 2, 3, gremo Gremo naprej\u00a0 \u00a0Kri\u017e kra\u017e &#8211; priro\u010dnik za u\u010ditelje\u00a0(Handbook for teachers) \u00a0 Slovenska beseda v [&hellip;]<\/p>\n","protected":false},"author":10,"featured_media":0,"parent":164,"menu_order":3,"comment_status":"closed","ping_status":"closed","template":"page-content-menu.php","meta":{"_acf_changed":false,"footnotes":""},"class_list":["post-261","page","type-page","status-publish","hentry"],"acf":[],"_links":{"self":[{"href":"https:\/\/centerslo.si\/en\/wp-json\/wp\/v2\/pages\/261","targetHints":{"allow":["GET"]}}],"collection":[{"href":"https:\/\/centerslo.si\/en\/wp-json\/wp\/v2\/pages"}],"about":[{"href":"https:\/\/centerslo.si\/en\/wp-json\/wp\/v2\/types\/page"}],"author":[{"embeddable":true,"href":"https:\/\/centerslo.si\/en\/wp-json\/wp\/v2\/users\/10"}],"replies":[{"embeddable":true,"href":"https:\/\/centerslo.si\/en\/wp-json\/wp\/v2\/comments?post=261"}],"version-history":[{"count":47,"href":"https:\/\/centerslo.si\/en\/wp-json\/wp\/v2\/pages\/261\/revisions"}],"predecessor-version":[{"id":7426,"href":"https:\/\/centerslo.si\/en\/wp-json\/wp\/v2\/pages\/261\/revisions\/7426"}],"up":[{"embeddable":true,"href":"https:\/\/centerslo.si\/en\/wp-json\/wp\/v2\/pages\/164"}],"wp:attachment":[{"href":"https:\/\/centerslo.si\/en\/wp-json\/wp\/v2\/media?parent=261"}],"curies":[{"name":"wp","href":"https:\/\/api.w.org\/{rel}","templated":true}]}}