{"id":227,"date":"2015-12-02T08:19:40","date_gmt":"2015-12-02T07:19:40","guid":{"rendered":"http:\/\/centerslo.si\/en\/?page_id=227"},"modified":"2026-01-12T08:26:47","modified_gmt":"2026-01-12T07:26:47","slug":"slovenska-beseda-v-zivo-3b","status":"publish","type":"page","link":"https:\/\/centerslo.si\/en\/books\/textbooks-and-handbooks\/advanced-level\/slovenska-beseda-v-zivo-3b\/","title":{"rendered":"Slovenska beseda v \u017eivo 3b"},"content":{"rendered":"<h1>Slovenska beseda v \u017eivo 3b<\/h1>\n<div class=\"grid highlight\">\n<div class=\"col span_1_of_2\">\n<div class=\"grid\">\n<div class=\"col span_1_of_2\"><img decoding=\"async\" class=\"alignnone size-full wp-image-1957\" src=\"https:\/\/centerslo.si\/wp-content\/uploads\/2015\/10\/ucbenik-slovenska-beseda-v-zivo-3b.jpg\" alt=\"ucbenik-slovenska-beseda-v-zivo-3b\" \/><\/div>\n<div class=\"col span_1_of_2\"><img decoding=\"async\" class=\"alignnone size-full wp-image-1956\" src=\"https:\/\/centerslo.si\/wp-content\/uploads\/2015\/10\/ucbenik-slovenska-beseda-v-zivo-3b-delovni-zvezek.jpg\" alt=\"ucbenik-slovenska-beseda-v-zivo-3b-delovni-zvezek\" \/><\/div>\n<\/div>\n<\/div>\n<div class=\"col span_1_of_2\">\n<p><strong>SLOVENSKA BESEDA V \u017dIVO 3b (C1)<\/strong><br \/>\nTextbook and workbook<\/p>\n<p>Authors: Andreja Markovi\u010d, Mihaela Knez, Nina \u0160oba, Mojca Stritar<\/p>\n<p><a class=\"btn orange\" href=\"https:\/\/knjigarna.uni-lj.si\/Zul\/1006572\" target=\"_blank\" rel=\"noopener\">Buy &#8211; textbook<\/a><\/p>\n<p><a class=\"btn black\" href=\"https:\/\/centerslo.si\/knjige\/ucbeniki-in-prirocniki\/izpopolnjevalna-stopnja\/slovenska-beseda-v-zivo-3b\/slovenska-beseda-v-zivo-3b-ucbenik\/\" target=\"_blank\" rel=\"noopener\">Browse &#8211; textbook<\/a><\/p>\n<p><a class=\"btn black\" href=\"https:\/\/centerslo.si\/knjige\/ucbeniki-in-prirocniki\/izpopolnjevalna-stopnja\/slovenska-beseda-v-zivo-3b\/slovenska-beseda-v-zivo-3b-posnetki\/\" target=\"_blank\" rel=\"noopener\">Listen &#8211; textbook<\/a><\/p>\n<p><a class=\"btn orange\" href=\"https:\/\/knjigarna.uni-lj.si\/Zul\/1006573\" target=\"_blank\" rel=\"noopener\">Buy &#8211; Workbook<\/a><\/p>\n<p><a class=\"btn black\" href=\"https:\/\/centerslo.si\/knjige\/ucbeniki-in-prirocniki\/izpopolnjevalna-stopnja\/slovenska-beseda-v-zivo-3b\/slovenska-beseda-v-zivo-3b-delovni-zvezek\/\" target=\"_blank\" rel=\"noopener\">Browse &#8211; Workbook<\/a><\/p>\n<\/div>\n<\/div>\n<p>The intermediate level course for Slovene as a second and foreign language <em>Slovenska beseda v \u017eivo 3<\/em> is aimed at adult learners and students of Slovene who wish to increase their knowledge to the C1 proficiency level or even higher. It is divided into two parts (3a and 3b), each of which is made up of a course book and a workbook.<\/p>\n<p>The material comprises 10 units that are coordinated with the programme <em>Sloven\u0161\u010dina za tujce<\/em> and the guidelines specified for this level by the <em>Common European Framework of Reference<\/em>. Thus in <strong>part a<\/strong>, the first two units deal with everyday communication situations, while the following three units offer information about Slovene culture and history, as well as socio-political life in Slovenia and outside it. The units in <strong>part b<\/strong> deal with social issues, the media, topical themes in science and the language used in business texts. The final, tenth unit, is aimed at repetition and summarises the themes that have been dealt with. It encourages students to reflect on their language abilities and then presents a series of activities with which they can check how much they have learnt. At the end of both partsthere is also a short orthography. Both course books are further supplemented by a workbook, which contains exercises for reinforcement of the vocabulary, and grammatical and communicational patterns.<\/p>\n<hr \/>\n<div class=\"grid\">\n<div class=\"col span_3_of_4\">\n<article class=\"article content-article\">See also:<a href=\"https:\/\/centerslo.si\/en\/books\/textbooks-and-handbooks\/beginner-level\/slovenska-beseda-v-zivo-1a\/\"><img loading=\"lazy\" decoding=\"async\" class=\"alignnone  wp-image-1966\" src=\"https:\/\/centerslo.si\/wp-content\/uploads\/2015\/10\/ucbenik-slovenska-beseda-v-zivo-1a.jpg\" alt=\"ucbenik-slovenska-beseda-v-zivo-1a\" width=\"125\" height=\"181\" \/><\/a>\u00a0 <a href=\"https:\/\/centerslo.si\/en\/books\/textbooks-and-handbooks\/beginner-level\/slovenska-beseda-v-zivo-1a\/\"><img loading=\"lazy\" decoding=\"async\" class=\"alignnone  wp-image-1965\" src=\"https:\/\/centerslo.si\/wp-content\/uploads\/2015\/10\/ucbenik-slovenska-beseda-v-zivo-1a-delovni-zvezek.jpg\" alt=\"ucbenik-slovenska-beseda-v-zivo-1a-delovni-zvezek\" width=\"125\" height=\"181\" \/><\/a><a href=\"https:\/\/centerslo.si\/en\/books\/textbooks-and-handbooks\/beginner-level\/slovenska-beseda-v-zivo-1b\/\">\u00a0 <img loading=\"lazy\" decoding=\"async\" class=\"alignnone  wp-image-1963\" src=\"https:\/\/centerslo.si\/wp-content\/uploads\/2015\/10\/ucbenik-slovenska-beseda-v-zivo-1b.jpg\" alt=\"ucbenik-slovenska-beseda-v-zivo-1b\" width=\"125\" height=\"181\" \/><\/a>\u00a0 <a href=\"https:\/\/centerslo.si\/en\/books\/textbooks-and-handbooks\/beginner-level\/slovenska-beseda-v-zivo-1b\/\"><img loading=\"lazy\" decoding=\"async\" class=\"alignnone  wp-image-1962\" src=\"https:\/\/centerslo.si\/wp-content\/uploads\/2015\/10\/ucbenik-slovenska-beseda-v-zivo-1b-delovni-zvezek.jpg\" alt=\"ucbenik-slovenska-beseda-v-zivo-1b-delovni-zvezek\" width=\"125\" height=\"181\" \/><\/a><\/p>\n<p><a href=\"https:\/\/centerslo.si\/en\/books\/textbooks-and-handbooks\/intermediate-level\/slovenska-beseda-v-zivo-2\/\"><img loading=\"lazy\" decoding=\"async\" class=\"alignnone  wp-image-1961\" src=\"https:\/\/centerslo.si\/wp-content\/uploads\/2015\/10\/ucbenik-slovenska-beseda-v-zivo-2.jpg\" alt=\"ucbenik-slovenska-beseda-v-zivo-2\" width=\"125\" height=\"181\" \/><\/a>\u00a0 <a href=\"https:\/\/centerslo.si\/en\/books\/textbooks-and-handbooks\/intermediate-level\/slovenska-beseda-v-zivo-3a\/\"><img loading=\"lazy\" decoding=\"async\" class=\"alignnone  wp-image-1960\" src=\"https:\/\/centerslo.si\/wp-content\/uploads\/2015\/10\/ucbenik-slovenska-beseda-v-zivo-2-delovni-zvezek.jpg\" alt=\"ucbenik-slovenska-beseda-v-zivo-2-delovni-zvezek\" width=\"125\" height=\"181\" \/>\u00a0 <img loading=\"lazy\" decoding=\"async\" class=\"alignnone  wp-image-1959\" src=\"https:\/\/centerslo.si\/wp-content\/uploads\/2015\/10\/ucbenik-slovenska-beseda-v-zivo-3a.jpg\" alt=\"ucbenik-slovenska-beseda-v-zivo-3a\" width=\"125\" height=\"181\" \/><\/a>\u00a0 <a href=\"https:\/\/centerslo.si\/en\/books\/textbooks-and-handbooks\/intermediate-level\/slovenska-beseda-v-zivo-3a\/\"><img loading=\"lazy\" decoding=\"async\" class=\"alignnone  wp-image-1958\" src=\"https:\/\/centerslo.si\/wp-content\/uploads\/2015\/10\/ucbenik-slovenska-beseda-v-zivo-3a-delovni-zvezek.jpg\" alt=\"ucbenik-slovenska-beseda-v-zivo-3a-delovni-zvezek\" width=\"125\" height=\"181\" \/><\/a><\/p>\n<p>Teachers\u2019 books:<\/p>\n<p><a href=\"https:\/\/centerslo.si\/en\/books\/textbooks-and-handbooks\/handbooks\/slovenska-beseda-v-zivo-1a\/\"><img loading=\"lazy\" decoding=\"async\" class=\"alignnone  wp-image-2056\" src=\"https:\/\/centerslo.si\/wp-content\/uploads\/2015\/10\/prirocnik-slovenska-beseda-v-zivo-1a.jpg\" alt=\"prirocnik-slovenska-beseda-v-zivo-1a\" width=\"125\" height=\"181\" \/><\/a>\u00a0 <a href=\"https:\/\/centerslo.si\/en\/books\/textbooks-and-handbooks\/handbooks\/prirocnik-slovenska-beseda-v-zivo-1b\/\"><img loading=\"lazy\" decoding=\"async\" class=\"alignnone wp-image-3342 \" src=\"https:\/\/centerslo.si\/wp-content\/uploads\/2015\/11\/prirocnik-slovenska-beseda-v-zivo-1b.jpg\" alt=\"Slovenska beseda v \u017eivo 1b - Priro\u010dnik za u\u010ditelje\" width=\"125\" height=\"181\" \/><\/a>\u00a0 <a href=\"https:\/\/centerslo.si\/en\/books\/textbooks-and-handbooks\/handbooks\/slovenska-beseda-v-zivo-2\/\"><img loading=\"lazy\" decoding=\"async\" class=\"alignnone  wp-image-2055\" src=\"https:\/\/centerslo.si\/wp-content\/uploads\/2015\/10\/prirocnik-slovenska-beseda-v-zivo-2.jpg\" alt=\"prirocnik-slovenska-beseda-v-zivo-2\" width=\"125\" height=\"181\" \/><\/a><\/p>\n<\/article>\n<\/div>\n<\/div>\n","protected":false},"excerpt":{"rendered":"<p>Slovenska beseda v \u017eivo 3b SLOVENSKA BESEDA V \u017dIVO 3b (C1) Textbook and workbook Authors: Andreja Markovi\u010d, Mihaela Knez, Nina \u0160oba, Mojca Stritar Buy &#8211; textbook Browse &#8211; textbook Listen &#8211; textbook Buy &#8211; Workbook Browse &#8211; Workbook The intermediate level course for Slovene as a second and foreign language Slovenska beseda v \u017eivo 3 [&hellip;]<\/p>\n","protected":false},"author":10,"featured_media":0,"parent":218,"menu_order":2,"comment_status":"closed","ping_status":"closed","template":"page-content-menu.php","meta":{"_acf_changed":false,"footnotes":""},"class_list":["post-227","page","type-page","status-publish","hentry"],"acf":[],"_links":{"self":[{"href":"https:\/\/centerslo.si\/en\/wp-json\/wp\/v2\/pages\/227","targetHints":{"allow":["GET"]}}],"collection":[{"href":"https:\/\/centerslo.si\/en\/wp-json\/wp\/v2\/pages"}],"about":[{"href":"https:\/\/centerslo.si\/en\/wp-json\/wp\/v2\/types\/page"}],"author":[{"embeddable":true,"href":"https:\/\/centerslo.si\/en\/wp-json\/wp\/v2\/users\/10"}],"replies":[{"embeddable":true,"href":"https:\/\/centerslo.si\/en\/wp-json\/wp\/v2\/comments?post=227"}],"version-history":[{"count":15,"href":"https:\/\/centerslo.si\/en\/wp-json\/wp\/v2\/pages\/227\/revisions"}],"predecessor-version":[{"id":9758,"href":"https:\/\/centerslo.si\/en\/wp-json\/wp\/v2\/pages\/227\/revisions\/9758"}],"up":[{"embeddable":true,"href":"https:\/\/centerslo.si\/en\/wp-json\/wp\/v2\/pages\/218"}],"wp:attachment":[{"href":"https:\/\/centerslo.si\/en\/wp-json\/wp\/v2\/media?parent=227"}],"curies":[{"name":"wp","href":"https:\/\/api.w.org\/{rel}","templated":true}]}}