{"id":225,"date":"2015-12-02T08:19:15","date_gmt":"2015-12-02T07:19:15","guid":{"rendered":"http:\/\/centerslo.si\/en\/?page_id=225"},"modified":"2016-11-07T09:09:50","modified_gmt":"2016-11-07T08:09:50","slug":"s-slovenscino-po-svetu-besedila-z-nalogami","status":"publish","type":"page","link":"https:\/\/centerslo.si\/en\/books\/textbooks-and-handbooks\/advanced-level\/s-slovenscino-po-svetu-besedila-z-nalogami\/","title":{"rendered":"S sloven\u0161\u010dino po svetu. Besedila z nalogami"},"content":{"rendered":"<h1>S SLOVEN\u0160\u010cINO PO SVETU Besedila z nalogami<\/h1>\n<div class=\"grid highlight\">\n<div class=\"col span_1_of_3\"><img decoding=\"async\" class=\"alignnone size-full wp-image-1952\" src=\"https:\/\/centerslo.si\/wp-content\/uploads\/2015\/10\/ucbenik-s-slovenscino-po-svetu.jpg\" alt=\"ucbenik-s-slovenscino-po-svetu\" \/><\/div>\n<div class=\"col span_2_of_3\">\n<p><strong>S SLOVEN\u0160\u010cINO PO SVETU, <\/strong><strong>Besedila z nalogami<\/strong><\/p>\n<p>(Texts with exercises for Slovene as a foreign or second language at upper intermediate or advanced levels)<\/p>\n<p>Editors: Andreja Ponikvar, Ivana Petric Lasnik<\/p>\n<p><a class=\"btn orange\" href=\"https:\/\/knjigarna.ff.uni-lj.si\/si\/izdelek\/1374\/s-slovenscino-po-svetu\/\" target=\"_blank\">Buy<\/a><\/p>\n<p><a class=\"btn black\" href=\"https:\/\/centerslo.si\/knjige\/ucbeniki-in-prirocniki\/izpopolnjevalna-stopnja\/s-slovenscino-po-svetu-besedila-z-nalogami\/s-slovenscino-po-svetu\/\" target=\"_blank\">Browse<\/a><\/p>\n<\/div>\n<\/div>\n<p><em>S sloven\u0161\u010dino po svetu <\/em>(With Slovene Around the World) came about thanks to an initiative by teachers of Slovene as a foreign language at universities outside Slovenia. It is intended for classroom work or for independent use by students wishing to improve their knowledge of Slovene.<\/p>\n<p>The material is divided into 18 units that can be dealt with in any order and into two parts: a collection of units with exercises and a separate selection of texts for students to work with<\/p>\n<p>It is designed to help students develop their communicative skills \u2013 linguistic, sociolinguistic and pragmatic \u2013 in Slovene as a foreign language at upper intermediate and advanced levels (students should be around level C1 in the <em>Common European Framework of Reference<\/em>).<\/p>\n<hr \/>\n<p>&nbsp;<\/p>\n","protected":false},"excerpt":{"rendered":"<p>S SLOVEN\u0160\u010cINO PO SVETU Besedila z nalogami S SLOVEN\u0160\u010cINO PO SVETU, Besedila z nalogami (Texts with exercises for Slovene as a foreign or second language at upper intermediate or advanced levels) Editors: Andreja Ponikvar, Ivana Petric Lasnik Buy Browse S sloven\u0161\u010dino po svetu (With Slovene Around the World) came about thanks to an initiative by [&hellip;]<\/p>\n","protected":false},"author":10,"featured_media":0,"parent":218,"menu_order":1,"comment_status":"closed","ping_status":"closed","template":"page-content-menu.php","meta":{"_acf_changed":false,"footnotes":""},"class_list":["post-225","page","type-page","status-publish","hentry"],"acf":[],"_links":{"self":[{"href":"https:\/\/centerslo.si\/en\/wp-json\/wp\/v2\/pages\/225","targetHints":{"allow":["GET"]}}],"collection":[{"href":"https:\/\/centerslo.si\/en\/wp-json\/wp\/v2\/pages"}],"about":[{"href":"https:\/\/centerslo.si\/en\/wp-json\/wp\/v2\/types\/page"}],"author":[{"embeddable":true,"href":"https:\/\/centerslo.si\/en\/wp-json\/wp\/v2\/users\/10"}],"replies":[{"embeddable":true,"href":"https:\/\/centerslo.si\/en\/wp-json\/wp\/v2\/comments?post=225"}],"version-history":[{"count":6,"href":"https:\/\/centerslo.si\/en\/wp-json\/wp\/v2\/pages\/225\/revisions"}],"predecessor-version":[{"id":2020,"href":"https:\/\/centerslo.si\/en\/wp-json\/wp\/v2\/pages\/225\/revisions\/2020"}],"up":[{"embeddable":true,"href":"https:\/\/centerslo.si\/en\/wp-json\/wp\/v2\/pages\/218"}],"wp:attachment":[{"href":"https:\/\/centerslo.si\/en\/wp-json\/wp\/v2\/media?parent=225"}],"curies":[{"name":"wp","href":"https:\/\/api.w.org\/{rel}","templated":true}]}}