{"id":218,"date":"2015-12-02T08:17:13","date_gmt":"2015-12-02T07:17:13","guid":{"rendered":"http:\/\/centerslo.si\/en\/?page_id=218"},"modified":"2016-01-14T12:15:57","modified_gmt":"2016-01-14T11:15:57","slug":"advanced-level","status":"publish","type":"page","link":"https:\/\/centerslo.si\/en\/books\/textbooks-and-handbooks\/advanced-level\/","title":{"rendered":"Advanced Level"},"content":{"rendered":"<h1>Advanced level<\/h1>\n<ul class=\"list-items\">\n<li><a href=\"https:\/\/centerslo.si\/en\/books\/textbooks-and-handbooks\/advanced-level\/slovenska-beseda-v-zivo-3b\/\"><img decoding=\"async\" class=\"alignnone size-full wp-image-1957\" src=\"https:\/\/centerslo.si\/wp-content\/uploads\/2015\/10\/ucbenik-slovenska-beseda-v-zivo-3b.jpg\" alt=\"\" \/><\/a> <strong><a href=\"https:\/\/centerslo.si\/en\/books\/textbooks-and-handbooks\/advanced-level\/slovenska-beseda-v-zivo-3b\/\">Slovenska beseda v \u017eivo 3b<\/a><\/strong><\/li>\n<li><a href=\"https:\/\/centerslo.si\/en\/books\/textbooks-and-handbooks\/advanced-level\/jezikovod\/\"><img decoding=\"async\" class=\"alignnone size-full wp-image-1954\" src=\"https:\/\/centerslo.si\/wp-content\/uploads\/2015\/10\/ucbenik-jezikovod.jpg\" alt=\"ucbenik-jezikovod\" \/><\/a> <strong><a href=\"https:\/\/centerslo.si\/en\/books\/textbooks-and-handbooks\/advanced-level\/jezikovod\/\">Jezikovod<\/a><\/strong><\/li>\n<li><a href=\"https:\/\/centerslo.si\/en\/books\/textbooks-and-handbooks\/advanced-level\/s-slovenscino-po-svetu-besedila-z-nalogami\/\"><img decoding=\"async\" class=\"alignnone size-full wp-image-1952\" src=\"https:\/\/centerslo.si\/wp-content\/uploads\/2015\/10\/ucbenik-s-slovenscino-po-svetu.jpg\" alt=\"ucbenik-s-slovenscino-po-svetu\" \/><\/a> <strong><a href=\"https:\/\/centerslo.si\/en\/books\/textbooks-and-handbooks\/advanced-level\/s-slovenscino-po-svetu-besedila-z-nalogami\/\">S sloven\u0161\u010dino po svetu<\/a><\/strong><\/li>\n<li><a href=\"https:\/\/centerslo.si\/en\/books\/textbooks-and-handbooks\/advanced-level\/pot-do-izpita-iz-slovenscine\"><img decoding=\"async\" class=\"alignnone size-full wp-image-2053\" src=\"https:\/\/centerslo.si\/wp-content\/uploads\/2015\/10\/prirocnik-pot-do-izpita-iz-slovenscine.jpg\" alt=\"prirocnik-pot-do-izpita-iz-slovenscine\" \/><\/a> <strong><a href=\"https:\/\/centerslo.si\/en\/books\/textbooks-and-handbooks\/advanced-level\/pot-do-izpita-iz-slovenscine\">Pot do izpita iz sloven\u0161\u010dine<\/a><\/strong><\/li>\n<\/ul>\n","protected":false},"excerpt":{"rendered":"<p>Advanced level Slovenska beseda v \u017eivo 3b Jezikovod S sloven\u0161\u010dino po svetu Pot do izpita iz sloven\u0161\u010dine<\/p>\n","protected":false},"author":10,"featured_media":0,"parent":164,"menu_order":2,"comment_status":"closed","ping_status":"closed","template":"page-content-menu.php","meta":{"_acf_changed":false,"footnotes":""},"class_list":["post-218","page","type-page","status-publish","hentry"],"acf":[],"_links":{"self":[{"href":"https:\/\/centerslo.si\/en\/wp-json\/wp\/v2\/pages\/218","targetHints":{"allow":["GET"]}}],"collection":[{"href":"https:\/\/centerslo.si\/en\/wp-json\/wp\/v2\/pages"}],"about":[{"href":"https:\/\/centerslo.si\/en\/wp-json\/wp\/v2\/types\/page"}],"author":[{"embeddable":true,"href":"https:\/\/centerslo.si\/en\/wp-json\/wp\/v2\/users\/10"}],"replies":[{"embeddable":true,"href":"https:\/\/centerslo.si\/en\/wp-json\/wp\/v2\/comments?post=218"}],"version-history":[{"count":7,"href":"https:\/\/centerslo.si\/en\/wp-json\/wp\/v2\/pages\/218\/revisions"}],"predecessor-version":[{"id":1321,"href":"https:\/\/centerslo.si\/en\/wp-json\/wp\/v2\/pages\/218\/revisions\/1321"}],"up":[{"embeddable":true,"href":"https:\/\/centerslo.si\/en\/wp-json\/wp\/v2\/pages\/164"}],"wp:attachment":[{"href":"https:\/\/centerslo.si\/en\/wp-json\/wp\/v2\/media?parent=218"}],"curies":[{"name":"wp","href":"https:\/\/api.w.org\/{rel}","templated":true}]}}