{"id":214,"date":"2015-12-02T08:15:30","date_gmt":"2015-12-02T07:15:30","guid":{"rendered":"http:\/\/centerslo.si\/en\/?page_id=214"},"modified":"2026-01-27T09:15:08","modified_gmt":"2026-01-27T08:15:08","slug":"naprej-pa-v-slovenscini","status":"publish","type":"page","link":"https:\/\/centerslo.si\/en\/books\/textbooks-and-handbooks\/intermediate-level\/naprej-pa-v-slovenscini\/","title":{"rendered":"Naprej pa v sloven\u0161\u010dini"},"content":{"rendered":"<h1>Naprej pa v sloven\u0161\u010dini<\/h1>\n<div class=\"grid highlight\">\n<div class=\"col span_1_of_3\"><img loading=\"lazy\" decoding=\"async\" class=\"alignnone size-full wp-image-1968\" src=\"https:\/\/centerslo.si\/wp-content\/uploads\/2015\/10\/ucbenik-naprej-pa-v-slovenscini.jpg\" alt=\"ucbenik-naprej-pa-v-slovenscini\" width=\"200\" height=\"290\" \/><\/div>\n<div class=\"col span_2_of_3\">\n<p><strong>NAPREJ PA V SLOVEN\u0160\u010cINI (B1)<\/strong><\/p>\n<p>Authors: Polona Liber\u0161ar, Ivana Petric Lasnik, Nata\u0161a Pirih Svetina, Andreja Ponikvar<\/p>\n<p><a class=\"btn orange\" href=\"https:\/\/knjigarna.uni-lj.si\/Zul\/naprej-pa-v-sloven%C5%A1%C4%8Dini-1001333\" target=\"_blank\" rel=\"noopener\">Buy<\/a><\/p>\n<p><a class=\"btn black\" href=\"https:\/\/centerslo.si\/knjige\/ucbeniki-in-prirocniki\/nadaljevalna-stopnja\/naprej-pa-v-slovenscini\/naprej-pa-v-slovenscini\/\" target=\"_blank\" rel=\"noopener\">Browse<\/a><\/p>\n<p><a class=\"btn black\" href=\"https:\/\/centerslo.si\/knjige\/ucbeniki-in-prirocniki\/nadaljevalna-stopnja\/naprej-pa-v-slovenscini\/naprej-pa-v-slovenscini-posnetki\/\" target=\"_blank\" rel=\"noopener\">Listen<\/a><\/p>\n<\/div>\n<\/div>\n<p>The textbook <em>Naprej pa v sloven\u0161\u010dini <\/em>is aimed at intermediate level learners of Slovene as a second and foreign language. It is suitable for foreign learners with a knowledge of the language at level A2 of the <em>Common European Framework of Reference.<\/em> It is intended to bring learners to CEFR level B1, meaning that they will be able to function independently and appropriately in most communication situations that frequently occur in a Slovene speaking environment. The text book is aimed at group work with a teacher, usually on a course of approximately 80 hours. Its content builds upon that in the text books <em>A, B, C \u2026 gremo<\/em> and <em>Gremo naprej<\/em>.<\/p>\n<p>The authors are Polona Liber\u0161ar, Ivana Petric Lasnik, Nata\u0161a Pirih Svetina and Andreja Ponikvar. All have many years of experience teaching Slovene to foreign learners both in Slovenia and abroad, and have contributed to the development of a range of materials for Slovene as a second and foreign language.<\/p>\n<hr \/>\n<p>See also:<\/p>\n<p><a href=\"https:\/\/centerslo.si\/en\/books\/textbooks-and-handbooks\/beginner-level\/a-b-c-1-2-3-gremo\/\"><img loading=\"lazy\" decoding=\"async\" class=\"alignnone  wp-image-3169\" src=\"https:\/\/centerslo.si\/en\/wp-content\/uploads\/sites\/2\/2015\/12\/ABC_2018_ovitek-2-210x300.jpg\" alt=\"\" width=\"125\" height=\"179\" srcset=\"https:\/\/centerslo.si\/en\/wp-content\/uploads\/sites\/2\/2015\/12\/ABC_2018_ovitek-2-210x300.jpg 210w, https:\/\/centerslo.si\/en\/wp-content\/uploads\/sites\/2\/2015\/12\/ABC_2018_ovitek-2-768x1096.jpg 768w, https:\/\/centerslo.si\/en\/wp-content\/uploads\/sites\/2\/2015\/12\/ABC_2018_ovitek-2-718x1024.jpg 718w\" sizes=\"auto, (max-width: 125px) 100vw, 125px\" \/><\/a>\u00a0\u00a0<a href=\"https:\/\/centerslo.si\/en\/books\/textbooks-and-handbooks\/beginner-level\/a-b-c-1-2-3-gremo-za-govorce-albanscine\/\"><img loading=\"lazy\" decoding=\"async\" class=\"alignnone  wp-image-1967\" src=\"https:\/\/centerslo.si\/wp-content\/uploads\/2015\/10\/ucbenik-abc-123-gremo-za-albance.jpg\" alt=\"ucbenik-abc-123-gremo-za-albance\" width=\"125\" height=\"181\" \/><\/a>\u00a0\u00a0<a href=\"https:\/\/centerslo.si\/en\/books\/textbooks-and-handbooks\/intermediate-level\/gremo-naprej-2\/\"><img loading=\"lazy\" decoding=\"async\" class=\"alignnone  wp-image-1950\" src=\"https:\/\/centerslo.si\/wp-content\/uploads\/2015\/10\/ucbenik-gremo-naprej.jpg\" alt=\"ucbenik-gremo-naprej\" width=\"125\" height=\"181\" \/><\/a><\/p>\n<p>Teachers\u2019 books:<\/p>\n<p><a href=\"https:\/\/centerslo.si\/en\/books\/textbooks-and-handbooks\/handbooks\/a-b-c-1-2-3-gremo\/\"><img loading=\"lazy\" decoding=\"async\" class=\"alignnone  wp-image-2058\" src=\"https:\/\/centerslo.si\/wp-content\/uploads\/2015\/10\/prirocnik-abc-123-gremo.jpg\" alt=\"prirocnik-abc-123-gremo\" width=\"125\" height=\"181\" \/><\/a><a href=\"https:\/\/centerslo.si\/knjige\/ucbeniki-in-prirocniki\/osnovna-stopnja\/a-b-c-1-2-3-gremo\/\">\u00a0 <\/a><a href=\"https:\/\/centerslo.si\/en\/books\/textbooks-and-handbooks\/handbooks\/gremo-naprej\/\"><img loading=\"lazy\" decoding=\"async\" class=\"alignnone  wp-image-2057\" src=\"https:\/\/centerslo.si\/wp-content\/uploads\/2015\/10\/prirocnik-gremo-naprej.jpg\" alt=\"prirocnik-gremo-naprej\" width=\"125\" height=\"181\" \/><\/a><\/p>\n","protected":false},"excerpt":{"rendered":"<p>Naprej pa v sloven\u0161\u010dini NAPREJ PA V SLOVEN\u0160\u010cINI (B1) Authors: Polona Liber\u0161ar, Ivana Petric Lasnik, Nata\u0161a Pirih Svetina, Andreja Ponikvar Buy Browse Listen The textbook Naprej pa v sloven\u0161\u010dini is aimed at intermediate level learners of Slovene as a second and foreign language. It is suitable for foreign learners with a knowledge of the language [&hellip;]<\/p>\n","protected":false},"author":10,"featured_media":0,"parent":197,"menu_order":6,"comment_status":"closed","ping_status":"closed","template":"page-content-menu.php","meta":{"_acf_changed":false,"footnotes":""},"class_list":["post-214","page","type-page","status-publish","hentry"],"acf":[],"_links":{"self":[{"href":"https:\/\/centerslo.si\/en\/wp-json\/wp\/v2\/pages\/214","targetHints":{"allow":["GET"]}}],"collection":[{"href":"https:\/\/centerslo.si\/en\/wp-json\/wp\/v2\/pages"}],"about":[{"href":"https:\/\/centerslo.si\/en\/wp-json\/wp\/v2\/types\/page"}],"author":[{"embeddable":true,"href":"https:\/\/centerslo.si\/en\/wp-json\/wp\/v2\/users\/10"}],"replies":[{"embeddable":true,"href":"https:\/\/centerslo.si\/en\/wp-json\/wp\/v2\/comments?post=214"}],"version-history":[{"count":18,"href":"https:\/\/centerslo.si\/en\/wp-json\/wp\/v2\/pages\/214\/revisions"}],"predecessor-version":[{"id":9848,"href":"https:\/\/centerslo.si\/en\/wp-json\/wp\/v2\/pages\/214\/revisions\/9848"}],"up":[{"embeddable":true,"href":"https:\/\/centerslo.si\/en\/wp-json\/wp\/v2\/pages\/197"}],"wp:attachment":[{"href":"https:\/\/centerslo.si\/en\/wp-json\/wp\/v2\/media?parent=214"}],"curies":[{"name":"wp","href":"https:\/\/api.w.org\/{rel}","templated":true}]}}