{"id":204,"date":"2015-12-02T08:10:47","date_gmt":"2015-12-02T07:10:47","guid":{"rendered":"http:\/\/centerslo.si\/en\/?page_id=204"},"modified":"2026-01-09T15:03:14","modified_gmt":"2026-01-09T14:03:14","slug":"slovenska-beseda-v-zivo-2","status":"publish","type":"page","link":"https:\/\/centerslo.si\/en\/books\/textbooks-and-handbooks\/intermediate-level\/slovenska-beseda-v-zivo-2\/","title":{"rendered":"Slovenska beseda v \u017eivo 2"},"content":{"rendered":"<h1>Slovenska beseda v \u017eivo 2<\/h1>\n<div class=\"grid highlight\">\n<div class=\"col span_1_of_2\">\n<div class=\"grid\">\n<div class=\"col span_1_of_2\"><img decoding=\"async\" class=\"alignnone size-full wp-image-1961\" src=\"https:\/\/centerslo.si\/wp-content\/uploads\/2015\/10\/ucbenik-slovenska-beseda-v-zivo-2.jpg\" alt=\"ucbenik-slovenska-beseda-v-zivo-2\" \/><\/div>\n<div class=\"col span_1_of_2\"><img decoding=\"async\" class=\"alignnone size-full wp-image-1960\" src=\"https:\/\/centerslo.si\/wp-content\/uploads\/2015\/10\/ucbenik-slovenska-beseda-v-zivo-2-delovni-zvezek.jpg\" alt=\"ucbenik-slovenska-beseda-v-zivo-2-delovni-zvezek\" \/><\/div>\n<\/div>\n<\/div>\n<div class=\"col span_1_of_2\">\n<p><strong>SLOVENSKA BESEDA V \u017dIVO 2 (B1)<\/strong><br \/>\nTextbook and workbook<\/p>\n<p>Authors: Andreja Markovi\u010d, Danu\u0161a \u0160kapin, Mihaela Knez, Nina \u0160oba<\/p>\n<p><a class=\"btn orange\" href=\"https:\/\/knjigarna.uni-lj.si\/Zul\/drugega-tujega-jezika-1000913\" target=\"_blank\" rel=\"noopener\">Buy &#8211; Textbook<\/a><\/p>\n<p><a class=\"btn black\" href=\"https:\/\/centerslo.si\/knjige\/ucbeniki-in-prirocniki\/nadaljevalna-stopnja\/slovenska-beseda-v-zivo-2\/slovenska-beseda-v-zivo-2-ucbenik\/\" target=\"_blank\" rel=\"noopener\">Browse &#8211; Textbook<\/a><\/p>\n<p><a class=\"btn black\" href=\"https:\/\/centerslo.si\/knjige\/ucbeniki-in-prirocniki\/nadaljevalna-stopnja\/slovenska-beseda-v-zivo-2\/slovenska-beseda-v-zivo-2-posnetki\/\" target=\"_blank\" rel=\"noopener\">Listen &#8211; Textbook<\/a><\/p>\n<p><a class=\"btn orange\" href=\"https:\/\/knjigarna.uni-lj.si\/Zul\/slovenska-beseda-v-%C5%BEivo-2-workbook-1000914\" target=\"_blank\" rel=\"noopener\">Buy &#8211; Workbook<\/a><\/p>\n<p><a class=\"btn black\" href=\"https:\/\/centerslo.si\/knjige\/ucbeniki-in-prirocniki\/nadaljevalna-stopnja\/slovenska-beseda-v-zivo-2\/slovenska-beseda-v-zivo-2-delovni-zvezek\/\" target=\"_blank\" rel=\"noopener\">Browse &#8211; Workbook<\/a><\/p>\n<\/div>\n<\/div>\n<p>The textbook <em>Slovenska beseda v \u017eivo 2<\/em> for intermediate courses of Slovene as a second and foreign language, was designed as a sequel to the textbook with the same title for beginners&#8217; courses of Slovene as a second and foreign language. The material requires 200 to 240 lessons; however in some cases more lessons could be necessary. It is not intended for self-learning: the programme of the textbook should be carried out with a teacher. The textbook is accompanied by a CD with recordings of various texts from the textbook. The additional exercises intended for practice, revision, and acquisition of grammar as well as vocabulary are set out in a workbook.<\/p>\n<hr \/>\n<p>See also:<\/p>\n<p><a href=\"https:\/\/centerslo.si\/en\/books\/textbooks-and-handbooks\/beginner-level\/slovenska-beseda-v-zivo-1a\/\"><img loading=\"lazy\" decoding=\"async\" class=\"alignnone  wp-image-1966\" src=\"https:\/\/centerslo.si\/wp-content\/uploads\/2015\/10\/ucbenik-slovenska-beseda-v-zivo-1a.jpg\" alt=\"ucbenik-slovenska-beseda-v-zivo-1a\" width=\"125\" height=\"181\" \/><\/a>\u00a0 <a href=\"https:\/\/centerslo.si\/en\/books\/textbooks-and-handbooks\/beginner-level\/slovenska-beseda-v-zivo-1a\/\"><img loading=\"lazy\" decoding=\"async\" class=\"alignnone  wp-image-1965\" src=\"https:\/\/centerslo.si\/wp-content\/uploads\/2015\/10\/ucbenik-slovenska-beseda-v-zivo-1a-delovni-zvezek.jpg\" alt=\"ucbenik-slovenska-beseda-v-zivo-1a-delovni-zvezek\" width=\"125\" height=\"181\" \/><\/a><a href=\"https:\/\/centerslo.si\/en\/books\/textbooks-and-handbooks\/beginner-level\/slovenska-beseda-v-zivo-1b\/\">\u00a0 <img loading=\"lazy\" decoding=\"async\" class=\"alignnone  wp-image-1963\" src=\"https:\/\/centerslo.si\/wp-content\/uploads\/2015\/10\/ucbenik-slovenska-beseda-v-zivo-1b.jpg\" alt=\"ucbenik-slovenska-beseda-v-zivo-1b\" width=\"125\" height=\"181\" \/><\/a>\u00a0 <a href=\"https:\/\/centerslo.si\/en\/books\/textbooks-and-handbooks\/beginner-level\/slovenska-beseda-v-zivo-1b\/\"><img loading=\"lazy\" decoding=\"async\" class=\"alignnone  wp-image-1962\" src=\"https:\/\/centerslo.si\/wp-content\/uploads\/2015\/10\/ucbenik-slovenska-beseda-v-zivo-1b-delovni-zvezek.jpg\" alt=\"ucbenik-slovenska-beseda-v-zivo-1b-delovni-zvezek\" width=\"125\" height=\"181\" \/><\/a><\/p>\n<p><a href=\"https:\/\/centerslo.si\/en\/books\/textbooks-and-handbooks\/intermediate-level\/slovenska-beseda-v-zivo-3a\/\"><img loading=\"lazy\" decoding=\"async\" class=\"alignnone  wp-image-1959\" src=\"https:\/\/centerslo.si\/wp-content\/uploads\/2015\/10\/ucbenik-slovenska-beseda-v-zivo-3a.jpg\" alt=\"ucbenik-slovenska-beseda-v-zivo-3a\" width=\"125\" height=\"181\" \/><\/a>\u00a0 <a href=\"https:\/\/centerslo.si\/en\/books\/textbooks-and-handbooks\/intermediate-level\/slovenska-beseda-v-zivo-3a\/\"><img loading=\"lazy\" decoding=\"async\" class=\"alignnone  wp-image-1958\" src=\"https:\/\/centerslo.si\/wp-content\/uploads\/2015\/10\/ucbenik-slovenska-beseda-v-zivo-3a-delovni-zvezek.jpg\" alt=\"ucbenik-slovenska-beseda-v-zivo-3a-delovni-zvezek\" width=\"125\" height=\"181\" \/><\/a>\u00a0 <a href=\"https:\/\/centerslo.si\/en\/books\/textbooks-and-handbooks\/advanced-level\/slovenska-beseda-v-zivo-3b\/\"><img loading=\"lazy\" decoding=\"async\" class=\"alignnone  wp-image-1957\" src=\"https:\/\/centerslo.si\/wp-content\/uploads\/2015\/10\/ucbenik-slovenska-beseda-v-zivo-3b.jpg\" alt=\"ucbenik-slovenska-beseda-v-zivo-3b\" width=\"125\" height=\"181\" \/><\/a><a href=\"https:\/\/centerslo.si\/knjige\/ucbeniki-in-prirocniki\/izpopolnjevalna-stopnja\/slovenska-beseda-v-zivo-3b\/\">\u00a0 <\/a><a href=\"https:\/\/centerslo.si\/en\/books\/textbooks-and-handbooks\/advanced-level\/slovenska-beseda-v-zivo-3b\/\"><img loading=\"lazy\" decoding=\"async\" class=\"alignnone  wp-image-1956\" src=\"https:\/\/centerslo.si\/wp-content\/uploads\/2015\/10\/ucbenik-slovenska-beseda-v-zivo-3b-delovni-zvezek.jpg\" alt=\"ucbenik-slovenska-beseda-v-zivo-3b-delovni-zvezek\" width=\"125\" height=\"181\" \/><\/a><\/p>\n<p>Teachers\u2019 books:<\/p>\n<p><a href=\"https:\/\/centerslo.si\/en\/books\/textbooks-and-handbooks\/handbooks\/slovenska-beseda-v-zivo-1a\/\"><img loading=\"lazy\" decoding=\"async\" class=\"alignnone  wp-image-2056\" src=\"https:\/\/centerslo.si\/wp-content\/uploads\/2015\/10\/prirocnik-slovenska-beseda-v-zivo-1a.jpg\" alt=\"prirocnik-slovenska-beseda-v-zivo-1a\" width=\"125\" height=\"181\" \/><\/a>\u00a0 <a href=\"https:\/\/centerslo.si\/en\/books\/textbooks-and-handbooks\/handbooks\/prirocnik-slovenska-beseda-v-zivo-1b\/\"><img loading=\"lazy\" decoding=\"async\" class=\"alignnone wp-image-3342 \" src=\"https:\/\/centerslo.si\/wp-content\/uploads\/2015\/11\/prirocnik-slovenska-beseda-v-zivo-1b.jpg\" alt=\"Slovenska beseda v \u017eivo 1b - Priro\u010dnik za u\u010ditelje\" width=\"125\" height=\"181\" \/><\/a>\u00a0 <a href=\"https:\/\/centerslo.si\/en\/books\/textbooks-and-handbooks\/handbooks\/slovenska-beseda-v-zivo-2\/\"><img loading=\"lazy\" decoding=\"async\" class=\"alignnone  wp-image-2055\" src=\"https:\/\/centerslo.si\/wp-content\/uploads\/2015\/10\/prirocnik-slovenska-beseda-v-zivo-2.jpg\" alt=\"prirocnik-slovenska-beseda-v-zivo-2\" width=\"125\" height=\"181\" \/><\/a><\/p>\n","protected":false},"excerpt":{"rendered":"<p>Slovenska beseda v \u017eivo 2 SLOVENSKA BESEDA V \u017dIVO 2 (B1) Textbook and workbook Authors: Andreja Markovi\u010d, Danu\u0161a \u0160kapin, Mihaela Knez, Nina \u0160oba Buy &#8211; Textbook Browse &#8211; Textbook Listen &#8211; Textbook Buy &#8211; Workbook Browse &#8211; Workbook The textbook Slovenska beseda v \u017eivo 2 for intermediate courses of Slovene as a second and foreign [&hellip;]<\/p>\n","protected":false},"author":10,"featured_media":0,"parent":197,"menu_order":2,"comment_status":"closed","ping_status":"closed","template":"page-content-menu.php","meta":{"_acf_changed":false,"footnotes":""},"class_list":["post-204","page","type-page","status-publish","hentry"],"acf":[],"_links":{"self":[{"href":"https:\/\/centerslo.si\/en\/wp-json\/wp\/v2\/pages\/204","targetHints":{"allow":["GET"]}}],"collection":[{"href":"https:\/\/centerslo.si\/en\/wp-json\/wp\/v2\/pages"}],"about":[{"href":"https:\/\/centerslo.si\/en\/wp-json\/wp\/v2\/types\/page"}],"author":[{"embeddable":true,"href":"https:\/\/centerslo.si\/en\/wp-json\/wp\/v2\/users\/10"}],"replies":[{"embeddable":true,"href":"https:\/\/centerslo.si\/en\/wp-json\/wp\/v2\/comments?post=204"}],"version-history":[{"count":14,"href":"https:\/\/centerslo.si\/en\/wp-json\/wp\/v2\/pages\/204\/revisions"}],"predecessor-version":[{"id":9748,"href":"https:\/\/centerslo.si\/en\/wp-json\/wp\/v2\/pages\/204\/revisions\/9748"}],"up":[{"embeddable":true,"href":"https:\/\/centerslo.si\/en\/wp-json\/wp\/v2\/pages\/197"}],"wp:attachment":[{"href":"https:\/\/centerslo.si\/en\/wp-json\/wp\/v2\/media?parent=204"}],"curies":[{"name":"wp","href":"https:\/\/api.w.org\/{rel}","templated":true}]}}