{"id":202,"date":"2015-12-02T08:10:28","date_gmt":"2015-12-02T07:10:28","guid":{"rendered":"http:\/\/centerslo.si\/en\/?page_id=202"},"modified":"2017-03-28T14:21:53","modified_gmt":"2017-03-28T12:21:53","slug":"s-slovenscino-nimam-tezav","status":"publish","type":"page","link":"https:\/\/centerslo.si\/en\/books\/textbooks-and-handbooks\/intermediate-level\/s-slovenscino-nimam-tezav\/","title":{"rendered":"S sloven\u0161\u010dino nimam te\u017eav"},"content":{"rendered":"<h1>S sloven\u0161\u010dino nimam te\u017eav<\/h1>\n<div class=\"grid highlight\">\n<div class=\"col span_1_of_3\"><img decoding=\"async\" class=\"alignnone size-full wp-image-1955\" src=\"https:\/\/centerslo.si\/wp-content\/uploads\/2015\/10\/ucbenik-s-slovenscino-nimam-tezav.jpg\" alt=\"ucbenik-s-slovenscino-nimam-tezav\" \/><\/div>\n<div class=\"col span_2_of_3\">\n<p><strong>S SLOVEN\u0160\u010cINO NIMAM TE\u017dAV (B1)<\/strong><\/p>\n<p>Authors: Andreja Markovi\u010d, Vesna Halu\u017ean, Mateja Pezdirc Bartol, Danu\u0161a \u0160kapin, Gita Vuga<\/p>\n<p><a class=\"btn orange\" href=\"https:\/\/knjigarna.ff.uni-lj.si\/si\/izdelek\/1002\/s-slovenscino-nimam-tezav\/\" target=\"_blank\">Nakup<\/a><\/p>\n<p><a class=\"btn black\" href=\"https:\/\/centerslo.si\/knjige\/ucbeniki-in-prirocniki\/nadaljevalna-stopnja\/s-slovenscino-nimam-tezav\/s-slovenscino-nimam-tezav\/\" target=\"_blank\">Browse<\/a><\/p>\n<p><a class=\"btn black\" href=\"https:\/\/centerslo.si\/knjige\/ucbeniki-in-prirocniki\/nadaljevalna-stopnja\/s-slovenscino-nimam-tezav\/s-slovenscino-nimam-tezav-posnetki\/\" target=\"_blank\">Listen<\/a>\n<\/div>\n<\/div>\n<p>The textbook <em>S sloven\u0161\u010dino nimam te\u017eav<\/em> is intended for participants of short (40 to 80 lessons) courses of Slovene as a second and foreign language at intermediate level. It is designed for those who have previously mastered the programme at beginners\u2019 level in courses of Slovene as a second and foreign language, to those who learned Slovene from the environment but whose knowledge is a good deal disorganised and whose vocabulary is limited, or to those who have already learned Slovene but a long while ago. It is intended also for beginners, providing they are speakers of one of the Slavonic languages. The textbook, which is accompanied by a CD with recordings of texts and exercises, is designed in such a manner that teachers can arbitrarily choose individual parts they wish to work with in class (depending on the duration of the course and the participants\u2019 level of ability).<\/p>\n<hr \/>\n<p>&nbsp;<\/p>\n","protected":false},"excerpt":{"rendered":"<p>S sloven\u0161\u010dino nimam te\u017eav S SLOVEN\u0160\u010cINO NIMAM TE\u017dAV (B1) Authors: Andreja Markovi\u010d, Vesna Halu\u017ean, Mateja Pezdirc Bartol, Danu\u0161a \u0160kapin, Gita Vuga Nakup Browse Listen The textbook S sloven\u0161\u010dino nimam te\u017eav is intended for participants of short (40 to 80 lessons) courses of Slovene as a second and foreign language at intermediate level. It is designed [&hellip;]<\/p>\n","protected":false},"author":10,"featured_media":0,"parent":197,"menu_order":1,"comment_status":"closed","ping_status":"closed","template":"page-content-menu.php","meta":{"_acf_changed":false,"footnotes":""},"class_list":["post-202","page","type-page","status-publish","hentry"],"acf":[],"_links":{"self":[{"href":"https:\/\/centerslo.si\/en\/wp-json\/wp\/v2\/pages\/202","targetHints":{"allow":["GET"]}}],"collection":[{"href":"https:\/\/centerslo.si\/en\/wp-json\/wp\/v2\/pages"}],"about":[{"href":"https:\/\/centerslo.si\/en\/wp-json\/wp\/v2\/types\/page"}],"author":[{"embeddable":true,"href":"https:\/\/centerslo.si\/en\/wp-json\/wp\/v2\/users\/10"}],"replies":[{"embeddable":true,"href":"https:\/\/centerslo.si\/en\/wp-json\/wp\/v2\/comments?post=202"}],"version-history":[{"count":6,"href":"https:\/\/centerslo.si\/en\/wp-json\/wp\/v2\/pages\/202\/revisions"}],"predecessor-version":[{"id":2344,"href":"https:\/\/centerslo.si\/en\/wp-json\/wp\/v2\/pages\/202\/revisions\/2344"}],"up":[{"embeddable":true,"href":"https:\/\/centerslo.si\/en\/wp-json\/wp\/v2\/pages\/197"}],"wp:attachment":[{"href":"https:\/\/centerslo.si\/en\/wp-json\/wp\/v2\/media?parent=202"}],"curies":[{"name":"wp","href":"https:\/\/api.w.org\/{rel}","templated":true}]}}