{"id":197,"date":"2015-12-02T08:07:28","date_gmt":"2015-12-02T07:07:28","guid":{"rendered":"http:\/\/centerslo.si\/en\/?page_id=197"},"modified":"2023-10-11T21:42:11","modified_gmt":"2023-10-11T19:42:11","slug":"intermediate-level","status":"publish","type":"page","link":"https:\/\/centerslo.si\/en\/books\/textbooks-and-handbooks\/intermediate-level\/","title":{"rendered":"Intermediate Level"},"content":{"rendered":"<h1>Intermediate Level<\/h1>\n<ul class=\"list-items\">\n<li><a href=\"https:\/\/centerslo.si\/en\/books\/textbooks-and-handbooks\/intermediate-level\/gremo-naprej-2\/\"><img decoding=\"async\" class=\"alignnone size-full wp-image-1950\" src=\"https:\/\/centerslo.si\/wp-content\/uploads\/2015\/10\/ucbenik-gremo-naprej.jpg\" alt=\"ucbenik-gremo-naprej\" \/><\/a> <strong><a href=\"https:\/\/centerslo.si\/en\/books\/textbooks-and-handbooks\/intermediate-level\/gremo-naprej\/\">Gremo naprej<\/a><\/strong><\/li>\n<li><a href=\"https:\/\/centerslo.si\/en\/books\/textbooks-and-handbooks\/intermediate-level\/naprej-pa-v-slovenscini\/\"><img decoding=\"async\" class=\"alignnone size-full wp-image-1968\" src=\"https:\/\/centerslo.si\/wp-content\/uploads\/2015\/10\/ucbenik-naprej-pa-v-slovenscini.jpg\" alt=\"ucbenik-naprej-pa-v-slovenscini\" \/><\/a> <strong><a href=\"https:\/\/centerslo.si\/en\/books\/textbooks-and-handbooks\/intermediate-level\/naprej-pa-v-slovenscini\/\">Naprej pa v sloven\u0161\u010dini<\/a><\/strong><\/li>\n<li><a href=\"https:\/\/centerslo.si\/en\/books\/textbooks-and-handbooks\/beginner-level\/mozaik-slovenscine\/\"><img loading=\"lazy\" decoding=\"async\" class=\"alignnone wp-image-7237\" src=\"https:\/\/centerslo.si\/en\/wp-content\/uploads\/sites\/2\/2023\/09\/Mozaik-slovenscine_ovitek-212x300.jpg\" sizes=\"auto, (max-width: 202px) 100vw, 202px\" srcset=\"https:\/\/centerslo.si\/en\/wp-content\/uploads\/sites\/2\/2023\/09\/Mozaik-slovenscine_ovitek-212x300.jpg 212w, https:\/\/centerslo.si\/en\/wp-content\/uploads\/sites\/2\/2023\/09\/Mozaik-slovenscine_ovitek-768x1086.jpg 768w, https:\/\/centerslo.si\/en\/wp-content\/uploads\/sites\/2\/2023\/09\/Mozaik-slovenscine_ovitek-724x1024.jpg 724w\" alt=\"\" width=\"202\" height=\"286\" \/><\/a>\u00a0<a href=\"https:\/\/centerslo.si\/en\/books\/textbooks-and-handbooks\/beginner-level\/mozaik-slovenscine\/\"><strong>Mozaik sloven\u0161\u010dine<\/strong><\/a><\/li>\n<li><a href=\"https:\/\/centerslo.si\/en\/books\/textbooks-and-handbooks\/intermediate-level\/s-slovenscino-nimam-tezav\/\"><img loading=\"lazy\" decoding=\"async\" class=\"alignnone wp-image-1955 size-full\" src=\"https:\/\/centerslo.si\/wp-content\/uploads\/2015\/10\/ucbenik-s-slovenscino-nimam-tezav.jpg\" alt=\"ucbenik-s-slovenscino-nimam-tezav\" width=\"200\" height=\"290\" \/><\/a> <strong><a href=\"https:\/\/centerslo.si\/en\/books\/textbooks-and-handbooks\/intermediate-level\/s-slovenscino-nimam-tezav\/\">S sloven\u0161\u010dino nimam te\u017eav<\/a><\/strong><\/li>\n<li><a href=\"https:\/\/centerslo.si\/en\/books\/textbooks-and-handbooks\/intermediate-level\/slovenska-beseda-v-zivo-2\/\"><img decoding=\"async\" class=\"alignnone size-full wp-image-1961\" src=\"https:\/\/centerslo.si\/wp-content\/uploads\/2015\/10\/ucbenik-slovenska-beseda-v-zivo-2.jpg\" alt=\"ucbenik-slovenska-beseda-v-zivo-2\" \/><\/a> <strong><a href=\"https:\/\/centerslo.si\/en\/books\/textbooks-and-handbooks\/intermediate-level\/slovenska-beseda-v-zivo-2\/\">Slovenska beseda v \u017eivo 2<\/a><\/strong><\/li>\n<li><a href=\"https:\/\/centerslo.si\/en\/books\/textbooks-and-handbooks\/intermediate-level\/slovenska-beseda-v-zivo-3a\/\"><img decoding=\"async\" class=\"alignnone size-full wp-image-1959\" src=\"https:\/\/centerslo.si\/wp-content\/uploads\/2015\/10\/ucbenik-slovenska-beseda-v-zivo-3a.jpg\" alt=\"\" \/><\/a> <strong><a href=\"https:\/\/centerslo.si\/en\/books\/textbooks-and-handbooks\/intermediate-level\/slovenska-beseda-v-zivo-3a\/\">Slovenska beseda v \u017eivo 3a<\/a><\/strong><\/li>\n<li><a href=\"https:\/\/centerslo.si\/en\/books\/textbooks-and-handbooks\/intermediate-level\/s-slovenscino-po-svetu-besedila-z-nalogami\/\"><img decoding=\"async\" class=\"alignnone size-full wp-image-1952\" src=\"https:\/\/centerslo.si\/wp-content\/uploads\/2015\/10\/ucbenik-s-slovenscino-po-svetu.jpg\" alt=\"ucbenik-s-slovenscino-po-svetu\" \/><\/a> <strong><a href=\"https:\/\/centerslo.si\/en\/books\/textbooks-and-handbooks\/intermediate-level\/s-slovenscino-po-svetu-besedila-z-nalogami\/\">S sloven\u0161\u010dino po svetu<\/a><\/strong><\/li>\n<li><a href=\"https:\/\/centerslo.si\/en\/books\/textbooks-and-handbooks\/advanced-level\/pot-do-izpita-iz-slovenscine\"><img decoding=\"async\" class=\"alignnone size-full wp-image-2053\" src=\"https:\/\/centerslo.si\/wp-content\/uploads\/2015\/10\/prirocnik-pot-do-izpita-iz-slovenscine.jpg\" alt=\"prirocnik-pot-do-izpita-iz-slovenscine\" \/><\/a> <strong><a href=\"https:\/\/centerslo.si\/en\/books\/textbooks-and-handbooks\/advanced-level\/pot-do-izpita-iz-slovenscine\">Pot do izpita iz sloven\u0161\u010dine<\/a><\/strong><\/li>\n<li><a href=\"https:\/\/centerslo.si\/en\/books\/textbooks-and-handbooks\/beginner-level\/slovenscina-1-slovnicne-tabele-in-vaje\/\"><img loading=\"lazy\" decoding=\"async\" class=\"alignnone wp-image-5868\" src=\"https:\/\/centerslo.si\/en\/wp-content\/uploads\/sites\/2\/2021\/10\/Sloven\u0161\u010dina-1_naslovnica_jpg-212x300.jpg\" alt=\"\" width=\"198\" height=\"281\" srcset=\"https:\/\/centerslo.si\/en\/wp-content\/uploads\/sites\/2\/2021\/10\/Sloven\u0161\u010dina-1_naslovnica_jpg-212x300.jpg 212w, https:\/\/centerslo.si\/en\/wp-content\/uploads\/sites\/2\/2021\/10\/Sloven\u0161\u010dina-1_naslovnica_jpg-768x1086.jpg 768w, https:\/\/centerslo.si\/en\/wp-content\/uploads\/sites\/2\/2021\/10\/Sloven\u0161\u010dina-1_naslovnica_jpg-724x1024.jpg 724w, https:\/\/centerslo.si\/en\/wp-content\/uploads\/sites\/2\/2021\/10\/Sloven\u0161\u010dina-1_naslovnica_jpg.jpg 1240w\" sizes=\"auto, (max-width: 198px) 100vw, 198px\" \/><\/a> <a href=\"https:\/\/centerslo.si\/en\/books\/textbooks-and-handbooks\/beginner-level\/slovenscina-1-slovnicne-tabele-in-vaje\/\"><strong>Sloven\u0161\u010dina 1+, Slovni\u010dne tabele in vaje<\/strong><\/a><\/li>\n<li><a href=\"https:\/\/centerslo.si\/en\/books\/textbooks-and-handbooks\/beginner-level\/slovenscina-1\/\"><img loading=\"lazy\" decoding=\"async\" class=\"alignnone wp-image-7269 size-medium\" src=\"https:\/\/centerslo.si\/en\/wp-content\/uploads\/sites\/2\/2023\/10\/S-plus_Besedila-1.1_ovitek-205x300.jpg\" alt=\"\" width=\"205\" height=\"300\" srcset=\"https:\/\/centerslo.si\/en\/wp-content\/uploads\/sites\/2\/2023\/10\/S-plus_Besedila-1.1_ovitek-205x300.jpg 205w, https:\/\/centerslo.si\/en\/wp-content\/uploads\/sites\/2\/2023\/10\/S-plus_Besedila-1.1_ovitek-768x1123.jpg 768w, https:\/\/centerslo.si\/en\/wp-content\/uploads\/sites\/2\/2023\/10\/S-plus_Besedila-1.1_ovitek-701x1024.jpg 701w, https:\/\/centerslo.si\/en\/wp-content\/uploads\/sites\/2\/2023\/10\/S-plus_Besedila-1.1_ovitek.jpg 1226w\" sizes=\"auto, (max-width: 205px) 100vw, 205px\" \/>\u00a0<\/a><a href=\"https:\/\/centerslo.si\/en\/books\/textbooks-and-handbooks\/beginner-level\/slovenscina-1\/\"><strong>Sloven\u0161\u010dina 1+,\u00a0Besedila in besedi\u0161\u010de za ju\u017enoslovanske govorce sloven\u0161\u010dine kot drugega jezika 1.1<\/strong><\/a><\/li>\n<\/ul>\n","protected":false},"excerpt":{"rendered":"<p>Intermediate Level Gremo naprej Naprej pa v sloven\u0161\u010dini \u00a0Mozaik sloven\u0161\u010dine S sloven\u0161\u010dino nimam te\u017eav Slovenska beseda v \u017eivo 2 Slovenska beseda v \u017eivo 3a S sloven\u0161\u010dino po svetu Pot do izpita iz sloven\u0161\u010dine Sloven\u0161\u010dina 1+, Slovni\u010dne tabele in vaje \u00a0Sloven\u0161\u010dina 1+,\u00a0Besedila in besedi\u0161\u010de za ju\u017enoslovanske govorce sloven\u0161\u010dine kot drugega jezika 1.1<\/p>\n","protected":false},"author":10,"featured_media":0,"parent":164,"menu_order":1,"comment_status":"closed","ping_status":"closed","template":"page-content-menu.php","meta":{"_acf_changed":false,"footnotes":""},"class_list":["post-197","page","type-page","status-publish","hentry"],"acf":[],"_links":{"self":[{"href":"https:\/\/centerslo.si\/en\/wp-json\/wp\/v2\/pages\/197","targetHints":{"allow":["GET"]}}],"collection":[{"href":"https:\/\/centerslo.si\/en\/wp-json\/wp\/v2\/pages"}],"about":[{"href":"https:\/\/centerslo.si\/en\/wp-json\/wp\/v2\/types\/page"}],"author":[{"embeddable":true,"href":"https:\/\/centerslo.si\/en\/wp-json\/wp\/v2\/users\/10"}],"replies":[{"embeddable":true,"href":"https:\/\/centerslo.si\/en\/wp-json\/wp\/v2\/comments?post=197"}],"version-history":[{"count":26,"href":"https:\/\/centerslo.si\/en\/wp-json\/wp\/v2\/pages\/197\/revisions"}],"predecessor-version":[{"id":7289,"href":"https:\/\/centerslo.si\/en\/wp-json\/wp\/v2\/pages\/197\/revisions\/7289"}],"up":[{"embeddable":true,"href":"https:\/\/centerslo.si\/en\/wp-json\/wp\/v2\/pages\/164"}],"wp:attachment":[{"href":"https:\/\/centerslo.si\/en\/wp-json\/wp\/v2\/media?parent=197"}],"curies":[{"name":"wp","href":"https:\/\/api.w.org\/{rel}","templated":true}]}}