{"id":192,"date":"2015-12-02T08:05:36","date_gmt":"2015-12-02T07:05:36","guid":{"rendered":"http:\/\/centerslo.si\/en\/?page_id=192"},"modified":"2015-12-03T13:09:25","modified_gmt":"2015-12-03T12:09:25","slug":"slovenscina-na-koncu-jezika","status":"publish","type":"page","link":"https:\/\/centerslo.si\/en\/books\/textbooks-and-handbooks\/beginner-level\/slovenscina-na-koncu-jezika\/","title":{"rendered":"Sloven\u0161\u010dina na koncu jezika"},"content":{"rendered":"<h1>Sloven\u0161\u010dina na koncu jezika<\/h1>\n<div class=\"grid highlight\">\n<div class=\"col span_1_of_3\"><img decoding=\"async\" class=\"alignnone size-full wp-image-1951\" src=\"https:\/\/centerslo.si\/wp-content\/uploads\/2015\/10\/ucbenik-slovenscina-na-koncu-jezika.jpg\" alt=\"ucbenik-slovenscina-na-koncu-jezika\" \/><\/div>\n<div class=\"col span_2_of_3\">\n<p><strong>Sloven\u0161\u010dina na koncu jezika<\/strong><\/p>\n<p><strong> Author:<br \/>\n Nata\u0161a Pirih <\/strong><\/p>\n<\/div>\n<\/div>\n<p>U\u010dbenik <strong>Sloven\u0161\u010dina na koncu jezika<\/strong> je zasnovan kot dopolnilo \u2013 delovni zvezek \u2013 k u\u010dbenikom za za\u010detno oziroma nadaljevalno stopnjo u\u010denja sloven\u0161\u010dine kot drugega\/tujega jezika v dalj\u0161ih te\u010dajih. Primeren je tudi za samostojno uporabo v kraj\u0161ih te\u010dajih, pri \u010demer ga je potrebno dopolniti s slovni\u010dnimi preglednicami in vajami, temelje\u010dimi na besedi\u0161\u010du, ki ga prina\u0161a.<\/p>\n<hr \/>\n<h2>Contents<\/h2>\n<ol>\n<li>Dovolite, da se predstavim \u2026<\/li>\n<li>Poglejmo malo naokrog in zavrtimo telefon<\/li>\n<li>Katerega pa smo danes?<\/li>\n<li>Oprosti, a ima\u0161 mogo\u010de uro?<\/li>\n<li>\u0160portnik sem. Rad te\u010dem, smu\u010dam \u2026<\/li>\n<li>Mmm, kako je dobro \u2026<\/li>\n<li>Dober dan, \u017eelite, prosim?<\/li>\n<li>Po nakupih<\/li>\n<li>O, to je pa moderno!<\/li>\n<li>Beseda, dve o vremenu<\/li>\n<li>Hej, pojdite z nami!<\/li>\n<li>Moje novo stanovanje<\/li>\n<li>V prihodnosti<\/li>\n<li>Vse najbolj\u0161e!<\/li>\n<li>Sodobna vzgoja<\/li>\n<li>\u010clovek, zdravje in bolezen<\/li>\n<\/ol>\n<p>A. Seznam besed<br \/>\n B. Viri<\/p>\n","protected":false},"excerpt":{"rendered":"<p>Sloven\u0161\u010dina na koncu jezika Sloven\u0161\u010dina na koncu jezika Author: Nata\u0161a Pirih U\u010dbenik Sloven\u0161\u010dina na koncu jezika je zasnovan kot dopolnilo \u2013 delovni zvezek \u2013 k u\u010dbenikom za za\u010detno oziroma nadaljevalno stopnjo u\u010denja sloven\u0161\u010dine kot drugega\/tujega jezika v dalj\u0161ih te\u010dajih. Primeren je tudi za samostojno uporabo v kraj\u0161ih te\u010dajih, pri \u010demer ga je potrebno dopolniti s [&hellip;]<\/p>\n","protected":false},"author":10,"featured_media":0,"parent":170,"menu_order":6,"comment_status":"closed","ping_status":"closed","template":"page-content-menu.php","meta":{"_acf_changed":false,"footnotes":""},"class_list":["post-192","page","type-page","status-publish","hentry"],"acf":[],"_links":{"self":[{"href":"https:\/\/centerslo.si\/en\/wp-json\/wp\/v2\/pages\/192","targetHints":{"allow":["GET"]}}],"collection":[{"href":"https:\/\/centerslo.si\/en\/wp-json\/wp\/v2\/pages"}],"about":[{"href":"https:\/\/centerslo.si\/en\/wp-json\/wp\/v2\/types\/page"}],"author":[{"embeddable":true,"href":"https:\/\/centerslo.si\/en\/wp-json\/wp\/v2\/users\/10"}],"replies":[{"embeddable":true,"href":"https:\/\/centerslo.si\/en\/wp-json\/wp\/v2\/comments?post=192"}],"version-history":[{"count":3,"href":"https:\/\/centerslo.si\/en\/wp-json\/wp\/v2\/pages\/192\/revisions"}],"predecessor-version":[{"id":319,"href":"https:\/\/centerslo.si\/en\/wp-json\/wp\/v2\/pages\/192\/revisions\/319"}],"up":[{"embeddable":true,"href":"https:\/\/centerslo.si\/en\/wp-json\/wp\/v2\/pages\/170"}],"wp:attachment":[{"href":"https:\/\/centerslo.si\/en\/wp-json\/wp\/v2\/media?parent=192"}],"curies":[{"name":"wp","href":"https:\/\/api.w.org\/{rel}","templated":true}]}}