{"id":185,"date":"2015-12-02T07:50:47","date_gmt":"2015-12-02T06:50:47","guid":{"rendered":"http:\/\/centerslo.si\/en\/?page_id=185"},"modified":"2024-01-11T21:29:55","modified_gmt":"2024-01-11T20:29:55","slug":"s-slovenscino-nimam-tezav","status":"publish","type":"page","link":"https:\/\/centerslo.si\/en\/books\/textbooks-and-handbooks\/beginner-level\/s-slovenscino-nimam-tezav\/","title":{"rendered":"S sloven\u0161\u010dino nimam te\u017eav"},"content":{"rendered":"<h1>S sloven\u0161\u010dino nimam te\u017eav<\/h1>\n<div class=\"grid highlight\">\n<div class=\"col span_1_of_3\"><img decoding=\"async\" class=\"alignnone size-full wp-image-1955\" src=\"https:\/\/centerslo.si\/wp-content\/uploads\/2015\/10\/ucbenik-s-slovenscino-nimam-tezav.jpg\" alt=\"ucbenik-s-slovenscino-nimam-tezav\" \/><\/div>\n<div class=\"col span_2_of_3\">\n<p><strong>S SLOVEN\u0160\u010cINO NIMAM TE\u017dAV (B1)<\/strong><\/p>\n<p>Authors: Andreja Markovi\u010d, Vesna Halu\u017ean, Mateja Pezdirc Bartol, Danu\u0161a \u0160kapin, Gita Vuga<\/p>\n<p><a class=\"btn orange\" href=\"https:\/\/www.ff.uni-lj.si\/publikacije\" target=\"_blank\" rel=\"noopener\">Buy<\/a><\/p>\n<p><a class=\"btn black\" href=\"https:\/\/centerslo.si\/knjige\/ucbeniki-in-prirocniki\/nadaljevalna-stopnja\/s-slovenscino-nimam-tezav\/s-slovenscino-nimam-tezav\/\" target=\"_blank\" rel=\"noopener\">Browse<\/a><\/p>\n<p><a class=\"btn black\" href=\"https:\/\/centerslo.si\/knjige\/ucbeniki-in-prirocniki\/nadaljevalna-stopnja\/s-slovenscino-nimam-tezav\/s-slovenscino-nimam-tezav-posnetki\/\" target=\"_blank\" rel=\"noopener\">Listen<\/a><\/p>\n<\/div>\n<\/div>\n<p>The textbook <em>S sloven\u0161\u010dino nimam te\u017eav<\/em> is intended for participants of short (40 to 80 lessons) courses of Slovene as a second and foreign language at intermediate level. It is designed for those who have previously mastered the programme at beginners&#8217; level in courses of Slovene as a second and foreign language, to those who learned Slovene from the environment but whose knowledge is a good deal disorganised and whose vocabulary is limited, or to those who have already learned Slovene but a long while ago. It is intended also for beginners, providing they are speakers of one of the Slavonic languages. The textbook, which is accompanied by a CD with recordings of texts and exercises, is designed in such a manner that teachers can arbitrarily choose individual parts they wish to work with in class (depending on the duration of the course and the participants&#8217; level of ability).<\/p>\n<hr \/>\n<p>&nbsp;<\/p>\n","protected":false},"excerpt":{"rendered":"<p>S sloven\u0161\u010dino nimam te\u017eav S SLOVEN\u0160\u010cINO NIMAM TE\u017dAV (B1) Authors: Andreja Markovi\u010d, Vesna Halu\u017ean, Mateja Pezdirc Bartol, Danu\u0161a \u0160kapin, Gita Vuga Buy Browse Listen The textbook S sloven\u0161\u010dino nimam te\u017eav is intended for participants of short (40 to 80 lessons) courses of Slovene as a second and foreign language at intermediate level. It is designed [&hellip;]<\/p>\n","protected":false},"author":10,"featured_media":0,"parent":170,"menu_order":5,"comment_status":"closed","ping_status":"closed","template":"page-content-menu.php","meta":{"_acf_changed":false,"footnotes":""},"class_list":["post-185","page","type-page","status-publish","hentry"],"acf":[],"_links":{"self":[{"href":"https:\/\/centerslo.si\/en\/wp-json\/wp\/v2\/pages\/185","targetHints":{"allow":["GET"]}}],"collection":[{"href":"https:\/\/centerslo.si\/en\/wp-json\/wp\/v2\/pages"}],"about":[{"href":"https:\/\/centerslo.si\/en\/wp-json\/wp\/v2\/types\/page"}],"author":[{"embeddable":true,"href":"https:\/\/centerslo.si\/en\/wp-json\/wp\/v2\/users\/10"}],"replies":[{"embeddable":true,"href":"https:\/\/centerslo.si\/en\/wp-json\/wp\/v2\/comments?post=185"}],"version-history":[{"count":10,"href":"https:\/\/centerslo.si\/en\/wp-json\/wp\/v2\/pages\/185\/revisions"}],"predecessor-version":[{"id":7504,"href":"https:\/\/centerslo.si\/en\/wp-json\/wp\/v2\/pages\/185\/revisions\/7504"}],"up":[{"embeddable":true,"href":"https:\/\/centerslo.si\/en\/wp-json\/wp\/v2\/pages\/170"}],"wp:attachment":[{"href":"https:\/\/centerslo.si\/en\/wp-json\/wp\/v2\/media?parent=185"}],"curies":[{"name":"wp","href":"https:\/\/api.w.org\/{rel}","templated":true}]}}