{"id":183,"date":"2015-12-02T07:50:16","date_gmt":"2015-12-02T06:50:16","guid":{"rendered":"http:\/\/centerslo.si\/en\/?page_id=183"},"modified":"2026-01-08T13:40:00","modified_gmt":"2026-01-08T12:40:00","slug":"slovenska-beseda-v-zivo-1b","status":"publish","type":"page","link":"https:\/\/centerslo.si\/en\/books\/textbooks-and-handbooks\/beginner-level\/slovenska-beseda-v-zivo-1b\/","title":{"rendered":"Slovenska beseda v \u017eivo 1b"},"content":{"rendered":"<h1>Slovenska beseda v \u017eivo 1b<\/h1>\n<div class=\"grid highlight\">\n<div class=\"col span_1_of_2\">\n<div class=\"grid\">\n<div class=\"col span_1_of_2\"><img decoding=\"async\" class=\"alignnone size-full wp-image-1963\" src=\"https:\/\/centerslo.si\/wp-content\/uploads\/2015\/10\/ucbenik-slovenska-beseda-v-zivo-1b.jpg\" alt=\"ucbenik-slovenska-beseda-v-zivo-1b\" \/><\/div>\n<div class=\"col span_1_of_2\"><img decoding=\"async\" class=\"alignnone size-full wp-image-1962\" src=\"https:\/\/centerslo.si\/wp-content\/uploads\/2015\/10\/ucbenik-slovenska-beseda-v-zivo-1b-delovni-zvezek.jpg\" alt=\"ucbenik-slovenska-beseda-v-zivo-1b-delovni-zvezek\" \/><\/div>\n<\/div>\n<\/div>\n<div class=\"col span_1_of_2\">\n<p><strong> SLOVENSKA BESEDA V \u017dIVO 1b<\/strong><br \/>\nTextbook and workbook<\/p>\n<p>Authors: Andreja Markovi\u010d, Mojca Stritar, Tanja Jerman, Sta\u0161a Pisek<\/p>\n<p><a class=\"btn orange\" href=\"https:\/\/knjigarna.uni-lj.si\/Zul\/1001239\" target=\"_blank\" rel=\"noopener\">Buy &#8211; Textbook<\/a><\/p>\n<p><a class=\"btn black\" href=\"https:\/\/centerslo.si\/knjige\/ucbeniki-in-prirocniki\/osnovna-stopnja\/slovenska-beseda-v-zivo-1b\/slovenska-beseda-v-zivo-1b-ucbenik\/\" target=\"_blank\" rel=\"noopener\">Browse &#8211; Textbook<\/a><\/p>\n<p><a class=\"btn black\" href=\"https:\/\/centerslo.si\/knjige\/ucbeniki-in-prirocniki\/osnovna-stopnja\/slovenska-beseda-v-zivo-1b\/slovenska-beseda-v-zivo-1b-ucbenik\/slovenska-beseda-v-zivo-1b-ucbeniki-posnetki\/\" target=\"_blank\" rel=\"noopener\">Listen &#8211; Textbook<\/a><\/p>\n<p><a class=\"btn orange\" href=\"https:\/\/knjigarna.uni-lj.si\/Zul\/slovenska-beseda-v-%C5%BEivo-1b-workbook-1001240\" target=\"_blank\" rel=\"noopener\">Buy &#8211; Workbook<\/a><\/p>\n<p><a class=\"btn black\" href=\"https:\/\/centerslo.si\/knjige\/ucbeniki-in-prirocniki\/osnovna-stopnja\/slovenska-beseda-v-zivo-1b\/slovenska-beseda-v-zivo-1b-delovni-zvezek\/\" target=\"_blank\" rel=\"noopener\">Browse &#8211; Workbook<\/a><\/p>\n<p><a class=\"btn black\" href=\"https:\/\/centerslo.si\/knjige\/ucbeniki-in-prirocniki\/osnovna-stopnja\/slovenska-beseda-v-zivo-1b\/slovenska-beseda-v-zivo-1b-delovni-zvezek\/slovenska-beseda-v-zivo-1b-delovni-zvezek-posnetki\/\" target=\"_blank\" rel=\"noopener\">Listen &#8211; Workbook<\/a><\/p>\n<\/div>\n<\/div>\n<p><em>Slovenska beseda v \u017eivo 1b<\/em> is the second set of course materials in the series <em>Slovenska beseda v \u017eivo<\/em> for learning Slovene as a second and foreign language. It is designed for adult students participating in beginner\u2019s courses. This set comprises a textbook and workbook with an answer key, as well as audio materials for listening activities. It is meant for use in a classroom with approximately 120 to 140 hours of class time, although with a suitable selection of content it could also be used for shorter courses.<\/p>\n<p><em>Slovenska beseda v \u017eivo 1b<\/em> aims at achieving the level A2 in the <em>Common European Framework of Reference for Languages<\/em>. Using a communicative approach it provides words and phrases for everyday communication. Once completed, students can continue their study with <em>Slovenska beseda v \u017eivo 2<\/em> (B1), and then S<em>lovenska beseda v \u017eivo 3a<\/em> (B2-C1) and <em>Slovenska beseda v \u017eivo 3b<\/em> (C1).<\/p>\n<hr \/>\n<p>See also:<\/p>\n<p><a href=\"https:\/\/centerslo.si\/en\/books\/textbooks-and-handbooks\/beginner-level\/slovenska-beseda-v-zivo-1a\/\"><img loading=\"lazy\" decoding=\"async\" class=\"alignnone  wp-image-1966\" src=\"https:\/\/centerslo.si\/wp-content\/uploads\/2015\/10\/ucbenik-slovenska-beseda-v-zivo-1a.jpg\" alt=\"ucbenik-slovenska-beseda-v-zivo-1a\" width=\"125\" height=\"181\" \/><\/a>\u00a0 <a href=\"https:\/\/centerslo.si\/en\/books\/textbooks-and-handbooks\/beginner-level\/slovenska-beseda-v-zivo-1a\/\"><img loading=\"lazy\" decoding=\"async\" class=\"alignnone  wp-image-1965\" src=\"https:\/\/centerslo.si\/wp-content\/uploads\/2015\/10\/ucbenik-slovenska-beseda-v-zivo-1a-delovni-zvezek.jpg\" alt=\"ucbenik-slovenska-beseda-v-zivo-1a-delovni-zvezek\" width=\"125\" height=\"181\" \/><\/a>\u00a0 <a href=\"https:\/\/centerslo.si\/en\/books\/textbooks-and-handbooks\/intermediate-level\/slovenska-beseda-v-zivo-2\/\"><img loading=\"lazy\" decoding=\"async\" class=\"alignnone  wp-image-1961\" src=\"https:\/\/centerslo.si\/wp-content\/uploads\/2015\/10\/ucbenik-slovenska-beseda-v-zivo-2.jpg\" alt=\"ucbenik-slovenska-beseda-v-zivo-2\" width=\"125\" height=\"181\" \/><\/a>\u00a0 <a href=\"https:\/\/centerslo.si\/en\/books\/textbooks-and-handbooks\/intermediate-level\/slovenska-beseda-v-zivo-2\/\"><img loading=\"lazy\" decoding=\"async\" class=\"alignnone  wp-image-1960\" src=\"https:\/\/centerslo.si\/wp-content\/uploads\/2015\/10\/ucbenik-slovenska-beseda-v-zivo-2-delovni-zvezek.jpg\" alt=\"ucbenik-slovenska-beseda-v-zivo-2-delovni-zvezek\" width=\"125\" height=\"181\" \/><\/a><\/p>\n<p><a href=\"https:\/\/centerslo.si\/en\/books\/textbooks-and-handbooks\/intermediate-level\/slovenska-beseda-v-zivo-3a\/\"><img loading=\"lazy\" decoding=\"async\" class=\"alignnone  wp-image-1959\" src=\"https:\/\/centerslo.si\/wp-content\/uploads\/2015\/10\/ucbenik-slovenska-beseda-v-zivo-3a.jpg\" alt=\"ucbenik-slovenska-beseda-v-zivo-3a\" width=\"125\" height=\"181\" \/><\/a>\u00a0 <a href=\"https:\/\/centerslo.si\/en\/books\/textbooks-and-handbooks\/intermediate-level\/slovenska-beseda-v-zivo-3a\/\"><img loading=\"lazy\" decoding=\"async\" class=\"alignnone  wp-image-1958\" src=\"https:\/\/centerslo.si\/wp-content\/uploads\/2015\/10\/ucbenik-slovenska-beseda-v-zivo-3a-delovni-zvezek.jpg\" alt=\"ucbenik-slovenska-beseda-v-zivo-3a-delovni-zvezek\" width=\"125\" height=\"181\" \/><\/a>\u00a0 <a href=\"https:\/\/centerslo.si\/en\/books\/textbooks-and-handbooks\/advanced-level\/slovenska-beseda-v-zivo-3b\/\"><img loading=\"lazy\" decoding=\"async\" class=\"alignnone  wp-image-1957\" src=\"https:\/\/centerslo.si\/wp-content\/uploads\/2015\/10\/ucbenik-slovenska-beseda-v-zivo-3b.jpg\" alt=\"ucbenik-slovenska-beseda-v-zivo-3b\" width=\"125\" height=\"181\" \/><\/a><a href=\"https:\/\/centerslo.si\/knjige\/ucbeniki-in-prirocniki\/izpopolnjevalna-stopnja\/slovenska-beseda-v-zivo-3b\/\">\u00a0 <\/a><a href=\"https:\/\/centerslo.si\/en\/books\/textbooks-and-handbooks\/advanced-level\/slovenska-beseda-v-zivo-3b\/\"><img loading=\"lazy\" decoding=\"async\" class=\"alignnone  wp-image-1956\" src=\"https:\/\/centerslo.si\/wp-content\/uploads\/2015\/10\/ucbenik-slovenska-beseda-v-zivo-3b-delovni-zvezek.jpg\" alt=\"ucbenik-slovenska-beseda-v-zivo-3b-delovni-zvezek\" width=\"125\" height=\"181\" \/><\/a><\/p>\n<p>Teachers\u2019 books:<\/p>\n<p><a href=\"https:\/\/centerslo.si\/en\/books\/textbooks-and-handbooks\/handbooks\/slovenska-beseda-v-zivo-1a\/\"><img loading=\"lazy\" decoding=\"async\" class=\"alignnone  wp-image-2056\" src=\"https:\/\/centerslo.si\/wp-content\/uploads\/2015\/10\/prirocnik-slovenska-beseda-v-zivo-1a.jpg\" alt=\"prirocnik-slovenska-beseda-v-zivo-1a\" width=\"125\" height=\"181\" \/><\/a>\u00a0 <a href=\"https:\/\/centerslo.si\/en\/books\/textbooks-and-handbooks\/handbooks\/prirocnik-slovenska-beseda-v-zivo-1b\/\"><img loading=\"lazy\" decoding=\"async\" class=\"alignnone wp-image-3342 \" src=\"https:\/\/centerslo.si\/wp-content\/uploads\/2015\/11\/prirocnik-slovenska-beseda-v-zivo-1b.jpg\" alt=\"Slovenska beseda v \u017eivo 1b - Priro\u010dnik za u\u010ditelje\" width=\"125\" height=\"181\" \/><\/a>\u00a0 <a href=\"https:\/\/centerslo.si\/en\/books\/textbooks-and-handbooks\/handbooks\/slovenska-beseda-v-zivo-2\/\"><img loading=\"lazy\" decoding=\"async\" class=\"alignnone  wp-image-2055\" src=\"https:\/\/centerslo.si\/wp-content\/uploads\/2015\/10\/prirocnik-slovenska-beseda-v-zivo-2.jpg\" alt=\"prirocnik-slovenska-beseda-v-zivo-2\" width=\"125\" height=\"181\" \/><\/a><\/p>\n","protected":false},"excerpt":{"rendered":"<p>Slovenska beseda v \u017eivo 1b SLOVENSKA BESEDA V \u017dIVO 1b Textbook and workbook Authors: Andreja Markovi\u010d, Mojca Stritar, Tanja Jerman, Sta\u0161a Pisek Buy &#8211; Textbook Browse &#8211; Textbook Listen &#8211; Textbook Buy &#8211; Workbook Browse &#8211; Workbook Listen &#8211; Workbook Slovenska beseda v \u017eivo 1b is the second set of course materials in the series [&hellip;]<\/p>\n","protected":false},"author":10,"featured_media":0,"parent":170,"menu_order":4,"comment_status":"closed","ping_status":"closed","template":"page-content-menu.php","meta":{"_acf_changed":false,"footnotes":""},"class_list":["post-183","page","type-page","status-publish","hentry"],"acf":[],"_links":{"self":[{"href":"https:\/\/centerslo.si\/en\/wp-json\/wp\/v2\/pages\/183","targetHints":{"allow":["GET"]}}],"collection":[{"href":"https:\/\/centerslo.si\/en\/wp-json\/wp\/v2\/pages"}],"about":[{"href":"https:\/\/centerslo.si\/en\/wp-json\/wp\/v2\/types\/page"}],"author":[{"embeddable":true,"href":"https:\/\/centerslo.si\/en\/wp-json\/wp\/v2\/users\/10"}],"replies":[{"embeddable":true,"href":"https:\/\/centerslo.si\/en\/wp-json\/wp\/v2\/comments?post=183"}],"version-history":[{"count":16,"href":"https:\/\/centerslo.si\/en\/wp-json\/wp\/v2\/pages\/183\/revisions"}],"predecessor-version":[{"id":9724,"href":"https:\/\/centerslo.si\/en\/wp-json\/wp\/v2\/pages\/183\/revisions\/9724"}],"up":[{"embeddable":true,"href":"https:\/\/centerslo.si\/en\/wp-json\/wp\/v2\/pages\/170"}],"wp:attachment":[{"href":"https:\/\/centerslo.si\/en\/wp-json\/wp\/v2\/media?parent=183"}],"curies":[{"name":"wp","href":"https:\/\/api.w.org\/{rel}","templated":true}]}}