{"id":177,"date":"2015-12-02T07:46:32","date_gmt":"2015-12-02T06:46:32","guid":{"rendered":"http:\/\/centerslo.si\/en\/?page_id=177"},"modified":"2020-12-21T18:30:09","modified_gmt":"2020-12-21T17:30:09","slug":"a-b-c-1-2-3-gremo-za-govorce-albanscine","status":"publish","type":"page","link":"https:\/\/centerslo.si\/en\/books\/textbooks-and-handbooks\/beginner-level\/a-b-c-1-2-3-gremo-za-govorce-albanscine\/","title":{"rendered":"A, B, C, &#8230; 1, 2, 3, gremo &#8211; za govorce alban\u0161\u010dine"},"content":{"rendered":"<h1>A, B, C, &#8230; 1, 2, 3, gremo &#8211; za govorce alban\u0161\u010dine<\/h1>\n<div class=\"grid highlight\">\n<div class=\"col span_1_of_3\"><a href=\"https:\/\/centerslo.si\/en\/wp-content\/uploads\/sites\/2\/2015\/12\/ABC-albanski-ovitek.jpg\" rel=\"attachment wp-att-1163\"><img loading=\"lazy\" decoding=\"async\" class=\"alignnone  wp-image-1163\" src=\"https:\/\/centerslo.si\/en\/wp-content\/uploads\/sites\/2\/2015\/12\/ABC-albanski-ovitek-201x300.jpg\" alt=\"ABC albanski ovitek\" width=\"194\" height=\"290\" srcset=\"https:\/\/centerslo.si\/en\/wp-content\/uploads\/sites\/2\/2015\/12\/ABC-albanski-ovitek-201x300.jpg 201w, https:\/\/centerslo.si\/en\/wp-content\/uploads\/sites\/2\/2015\/12\/ABC-albanski-ovitek.jpg 534w\" sizes=\"auto, (max-width: 194px) 100vw, 194px\" \/><\/a><\/div>\n<div class=\"col span_2_of_3\">\n<p><strong>A, B, C \u2026 1, 2, 3, GREMO &#8211; za govorce alban\u0161\u010dine (A1) <\/strong><\/p>\n<p>Authors: Nata\u0161a Pirih Svetina, Andreja Ponikvar<\/p>\n<p><a class=\"btn black\" href=\"https:\/\/centerslo.si\/knjige\/ucbeniki-in-prirocniki\/osnovna-stopnja\/a-b-c-1-2-3-gremo-za-govorce-albanscine\/za-govorce-albanscine\/\" target=\"_blank\" rel=\"noopener\">Browse<\/a><\/p>\n<p><a class=\"btn black\" href=\"https:\/\/centerslo.si\/knjige\/ucbeniki-in-prirocniki\/osnovna-stopnja\/a-b-c-1-2-3-gremo\/b-c-1-2-3-gremo-posnetki\/\" target=\"_blank\" rel=\"noopener\">Listen<\/a><\/p>\n<\/div>\n<\/div>\n<p>The <em>A, B, C &#8230; 1, 2, 3, gremo<\/em> course book plus CD is aimed at adults who want to start learning Slovene for basic everyday communication in Slovenia in predictable situations. It is designed to help those who live in Slovenia and those who come to Slovenia for a shorter time to adapt to the Slovene environment. The course book is aimed at beginners with no previous knowledge or minimum knowledge of Slovene on courses in Slovene as a second or foreign language in Slovenia or abroad, and at individual learners who wish to learn Slovene on their own or with the help of a teacher. The exercise instructions have been translated into Albanian and the course book also has an appendix that contains a grammar overview, tables with different grammatical forms, and a glossary and communication patterns for each course book unit, as well as 100 useful verbs.<\/p>\n<hr \/>\n<p>See also:<\/p>\n<p><a href=\"https:\/\/centerslo.si\/en\/books\/textbooks-and-handbooks\/beginner-level\/a-b-c-1-2-3-gremo\/\"> <img loading=\"lazy\" decoding=\"async\" class=\"alignnone  wp-image-3169\" src=\"https:\/\/centerslo.si\/en\/wp-content\/uploads\/sites\/2\/2015\/12\/ABC_2018_ovitek-2-210x300.jpg\" alt=\"\" width=\"125\" height=\"179\" srcset=\"https:\/\/centerslo.si\/en\/wp-content\/uploads\/sites\/2\/2015\/12\/ABC_2018_ovitek-2-210x300.jpg 210w, https:\/\/centerslo.si\/en\/wp-content\/uploads\/sites\/2\/2015\/12\/ABC_2018_ovitek-2-768x1096.jpg 768w, https:\/\/centerslo.si\/en\/wp-content\/uploads\/sites\/2\/2015\/12\/ABC_2018_ovitek-2-718x1024.jpg 718w\" sizes=\"auto, (max-width: 125px) 100vw, 125px\" \/><\/a>\u00a0\u00a0<a href=\"https:\/\/centerslo.si\/en\/books\/textbooks-and-handbooks\/beginner-level\/gremo-naprej\/\"><img loading=\"lazy\" decoding=\"async\" class=\"alignnone  wp-image-1950\" src=\"https:\/\/centerslo.si\/wp-content\/uploads\/2015\/10\/ucbenik-gremo-naprej.jpg\" alt=\"ucbenik-gremo-naprej\" width=\"124\" height=\"180\" \/><\/a>\u00a0 <a href=\"https:\/\/centerslo.si\/en\/books\/textbooks-and-handbooks\/intermediate-level\/naprej-pa-v-slovenscini\/\"><img loading=\"lazy\" decoding=\"async\" class=\"alignnone  wp-image-1968\" src=\"https:\/\/centerslo.si\/wp-content\/uploads\/2015\/10\/ucbenik-naprej-pa-v-slovenscini.jpg\" alt=\"ucbenik-naprej-pa-v-slovenscini\" width=\"125\" height=\"182\" \/><\/a><\/p>\n<p>Teacher\u2019s books:<\/p>\n<p><a href=\"https:\/\/centerslo.si\/en\/books\/textbooks-and-handbooks\/handbooks\/a-b-c-1-2-3-gremo\/\"><img loading=\"lazy\" decoding=\"async\" class=\"alignnone  wp-image-2058\" src=\"https:\/\/centerslo.si\/wp-content\/uploads\/2015\/10\/prirocnik-abc-123-gremo.jpg\" alt=\"prirocnik-abc-123-gremo\" width=\"125\" height=\"181\" \/><\/a><a href=\"https:\/\/centerslo.si\/knjige\/ucbeniki-in-prirocniki\/osnovna-stopnja\/a-b-c-1-2-3-gremo\/\">\u00a0 <\/a><a href=\"https:\/\/centerslo.si\/en\/books\/textbooks-and-handbooks\/handbooks\/gremo-naprej\/\"><img loading=\"lazy\" decoding=\"async\" class=\"alignnone  wp-image-2057\" src=\"https:\/\/centerslo.si\/wp-content\/uploads\/2015\/10\/prirocnik-gremo-naprej.jpg\" alt=\"prirocnik-gremo-naprej\" width=\"125\" height=\"181\" \/><\/a><\/p>\n","protected":false},"excerpt":{"rendered":"<p>A, B, C, &#8230; 1, 2, 3, gremo &#8211; za govorce alban\u0161\u010dine A, B, C \u2026 1, 2, 3, GREMO &#8211; za govorce alban\u0161\u010dine (A1) Authors: Nata\u0161a Pirih Svetina, Andreja Ponikvar Browse Listen The A, B, C &#8230; 1, 2, 3, gremo course book plus CD is aimed at adults who want to start learning [&hellip;]<\/p>\n","protected":false},"author":10,"featured_media":0,"parent":170,"menu_order":1,"comment_status":"closed","ping_status":"closed","template":"page-content-menu.php","meta":{"_acf_changed":false,"footnotes":""},"class_list":["post-177","page","type-page","status-publish","hentry"],"acf":[],"_links":{"self":[{"href":"https:\/\/centerslo.si\/en\/wp-json\/wp\/v2\/pages\/177","targetHints":{"allow":["GET"]}}],"collection":[{"href":"https:\/\/centerslo.si\/en\/wp-json\/wp\/v2\/pages"}],"about":[{"href":"https:\/\/centerslo.si\/en\/wp-json\/wp\/v2\/types\/page"}],"author":[{"embeddable":true,"href":"https:\/\/centerslo.si\/en\/wp-json\/wp\/v2\/users\/10"}],"replies":[{"embeddable":true,"href":"https:\/\/centerslo.si\/en\/wp-json\/wp\/v2\/comments?post=177"}],"version-history":[{"count":15,"href":"https:\/\/centerslo.si\/en\/wp-json\/wp\/v2\/pages\/177\/revisions"}],"predecessor-version":[{"id":5377,"href":"https:\/\/centerslo.si\/en\/wp-json\/wp\/v2\/pages\/177\/revisions\/5377"}],"up":[{"embeddable":true,"href":"https:\/\/centerslo.si\/en\/wp-json\/wp\/v2\/pages\/170"}],"wp:attachment":[{"href":"https:\/\/centerslo.si\/en\/wp-json\/wp\/v2\/media?parent=177"}],"curies":[{"name":"wp","href":"https:\/\/api.w.org\/{rel}","templated":true}]}}