{"id":1755,"date":"2016-07-01T14:56:15","date_gmt":"2016-07-01T12:56:15","guid":{"rendered":"http:\/\/centerslo.si\/en\/?page_id=1755"},"modified":"2019-05-16T11:41:06","modified_gmt":"2019-05-16T09:41:06","slug":"prezivetvena-raven-za-slovenscino","status":"publish","type":"page","link":"https:\/\/centerslo.si\/en\/books\/textbooks-and-handbooks\/handbooks\/prezivetvena-raven-za-slovenscino\/","title":{"rendered":"Pre\u017eivetvena raven za sloven\u0161\u010dino"},"content":{"rendered":"<h1>Pre\u017eivetvena raven za sloven\u0161\u010dino<\/h1>\n<div class=\"grid highlight\">\n<div class=\"col span_1_of_3\"><img loading=\"lazy\" decoding=\"async\" class=\"alignnone size-medium wp-image-7385\" src=\"https:\/\/centerslo.si\/wp-content\/uploads\/2015\/10\/IC_Prezivetvena_2016-210x300.jpg\" alt=\"IC_Prezivetvena_2016\" width=\"210\" height=\"300\" \/><\/div>\n<div class=\"col span_2_of_3\">\n<p><strong>PRE\u017dIVETVENA RAVEN ZA SLOVEN\u0160\u010cINO<\/strong><\/p>\n<p><a class=\"btn black\" href=\"https:\/\/centerslo.si\/knjige\/ucbeniki-in-prirocniki\/prirocniki-in-ucno-gradivo\/prezivetvena-raven-za-slovenscino\/prezivetvena-raven-za-slovenscino\/\" target=\"_blank\" rel=\"noopener\">Browse<\/a><\/p>\n<\/div>\n<\/div>\n<p>&nbsp;<\/p>\n","protected":false},"excerpt":{"rendered":"<p>Pre\u017eivetvena raven za sloven\u0161\u010dino PRE\u017dIVETVENA RAVEN ZA SLOVEN\u0160\u010cINO Browse &nbsp;<\/p>\n","protected":false},"author":21,"featured_media":0,"parent":261,"menu_order":0,"comment_status":"closed","ping_status":"closed","template":"","meta":{"_acf_changed":false,"footnotes":""},"class_list":["post-1755","page","type-page","status-publish","hentry"],"acf":[],"_links":{"self":[{"href":"https:\/\/centerslo.si\/en\/wp-json\/wp\/v2\/pages\/1755","targetHints":{"allow":["GET"]}}],"collection":[{"href":"https:\/\/centerslo.si\/en\/wp-json\/wp\/v2\/pages"}],"about":[{"href":"https:\/\/centerslo.si\/en\/wp-json\/wp\/v2\/types\/page"}],"author":[{"embeddable":true,"href":"https:\/\/centerslo.si\/en\/wp-json\/wp\/v2\/users\/21"}],"replies":[{"embeddable":true,"href":"https:\/\/centerslo.si\/en\/wp-json\/wp\/v2\/comments?post=1755"}],"version-history":[{"count":5,"href":"https:\/\/centerslo.si\/en\/wp-json\/wp\/v2\/pages\/1755\/revisions"}],"predecessor-version":[{"id":3851,"href":"https:\/\/centerslo.si\/en\/wp-json\/wp\/v2\/pages\/1755\/revisions\/3851"}],"up":[{"embeddable":true,"href":"https:\/\/centerslo.si\/en\/wp-json\/wp\/v2\/pages\/261"}],"wp:attachment":[{"href":"https:\/\/centerslo.si\/en\/wp-json\/wp\/v2\/media?parent=1755"}],"curies":[{"name":"wp","href":"https:\/\/api.w.org\/{rel}","templated":true}]}}