{"id":1105,"date":"2016-01-07T16:10:38","date_gmt":"2016-01-07T15:10:38","guid":{"rendered":"http:\/\/centerslo.si\/en\/?page_id=1105"},"modified":"2024-08-20T10:55:42","modified_gmt":"2024-08-20T08:55:42","slug":"legal-acts","status":"publish","type":"page","link":"https:\/\/centerslo.si\/en\/about-us\/legal-acts\/","title":{"rendered":"Legal Acts"},"content":{"rendered":"<h1>Legal Acts (in Slovene)<\/h1>\n<h2><a href=\"https:\/\/www.uni-lj.si\/o_univerzi_v_ljubljani\/organizacija__pravilniki_in_porocila\/predpisi_statut_ul_in_pravilniki\/2017021011415809\/\" target=\"_blank\" rel=\"noopener\">STATUT UNIVERZE V LJUBLJANI<\/a><\/h2>\n<h2><a href=\"https:\/\/www.ff.uni-lj.si\/fakulteta\/pravilniki-akti\" target=\"_blank\" rel=\"noopener\">PRAVILA FILOZOFSKE FAKULTETE UNIVERZE V LJUBLJANI<\/a><\/h2>\n<h2><a href=\"https:\/\/centerslo.si\/wp-content\/uploads\/2024\/08\/Pravilnik-CSDTJ_29.5.2024.pdf\" target=\"_blank\" rel=\"noopener\">PRAVILNIK CENTRA ZA SLOVEN\u0160\u010cINO KOT DRUGI IN TUJI JEZIK<\/a><\/h2>\n<h2><a href=\"https:\/\/centerslo.si\/wp-content\/uploads\/2023\/02\/IZPITNI-PRAVILNIK_jan2023_objavljen.pdf\" target=\"_blank\" rel=\"noopener\">PRAVILNIK O IZVAJANJU IZPITOV IZ ZNANJA SLOVEN\u0160\u010cINE KOT DRUGEGA IN TUJEGA JEZIKA<\/a><\/h2>\n<h2><a href=\"https:\/\/www.ff.uni-lj.si\/sites\/default\/files\/documents\/Pravilnik-programa-Slovenscina-na-tujih-univerzah.pdf\" target=\"_blank\" rel=\"noopener\">PRAVILNIK PROGRAMA SLOVEN\u0160\u010cINA NA TUJIH UNIVERZAH<\/a><\/h2>\n<h2><a href=\"https:\/\/centerslo.si\/wp-content\/uploads\/2020\/07\/Sloven%C5%A1%C4%8Dina-kot-drugi-in-tuji-jezik.pdf\" target=\"_blank\" rel=\"noopener\">Izobra\u017eevalni program za odrasle SLOVEN\u0160\u010cINA KOT DRUGI IN TUJI JEZIK<\/a><\/h2>\n<h2><a href=\"https:\/\/centerslo.si\/wp-content\/uploads\/2015\/10\/SEJO-komplet-za-splet.pdf\" target=\"_blank\" rel=\"noopener\">SKUPNI EVROPSKI JEZIKOVNI OKVIR: U\u010cENJE, POU\u010cEVANJE, OCENJEVANJE<\/a><\/h2>\n<h2><\/h2>\n<h2><\/h2>\n","protected":false},"excerpt":{"rendered":"<p>Legal Acts (in Slovene) STATUT UNIVERZE V LJUBLJANI PRAVILA FILOZOFSKE FAKULTETE UNIVERZE V LJUBLJANI PRAVILNIK CENTRA ZA SLOVEN\u0160\u010cINO KOT DRUGI IN TUJI JEZIK PRAVILNIK O IZVAJANJU IZPITOV IZ ZNANJA SLOVEN\u0160\u010cINE KOT DRUGEGA IN TUJEGA JEZIKA PRAVILNIK PROGRAMA SLOVEN\u0160\u010cINA NA TUJIH UNIVERZAH Izobra\u017eevalni program za odrasle SLOVEN\u0160\u010cINA KOT DRUGI IN TUJI JEZIK SKUPNI EVROPSKI JEZIKOVNI OKVIR: [&hellip;]<\/p>\n","protected":false},"author":10,"featured_media":0,"parent":54,"menu_order":5,"comment_status":"closed","ping_status":"closed","template":"page-content-menu.php","meta":{"_acf_changed":false,"footnotes":""},"class_list":["post-1105","page","type-page","status-publish","hentry"],"acf":[],"_links":{"self":[{"href":"https:\/\/centerslo.si\/en\/wp-json\/wp\/v2\/pages\/1105","targetHints":{"allow":["GET"]}}],"collection":[{"href":"https:\/\/centerslo.si\/en\/wp-json\/wp\/v2\/pages"}],"about":[{"href":"https:\/\/centerslo.si\/en\/wp-json\/wp\/v2\/types\/page"}],"author":[{"embeddable":true,"href":"https:\/\/centerslo.si\/en\/wp-json\/wp\/v2\/users\/10"}],"replies":[{"embeddable":true,"href":"https:\/\/centerslo.si\/en\/wp-json\/wp\/v2\/comments?post=1105"}],"version-history":[{"count":12,"href":"https:\/\/centerslo.si\/en\/wp-json\/wp\/v2\/pages\/1105\/revisions"}],"predecessor-version":[{"id":7897,"href":"https:\/\/centerslo.si\/en\/wp-json\/wp\/v2\/pages\/1105\/revisions\/7897"}],"up":[{"embeddable":true,"href":"https:\/\/centerslo.si\/en\/wp-json\/wp\/v2\/pages\/54"}],"wp:attachment":[{"href":"https:\/\/centerslo.si\/en\/wp-json\/wp\/v2\/media?parent=1105"}],"curies":[{"name":"wp","href":"https:\/\/api.w.org\/{rel}","templated":true}]}}