{"id":1100,"date":"2016-01-07T16:08:15","date_gmt":"2016-01-07T15:08:15","guid":{"rendered":"http:\/\/centerslo.si\/en\/?page_id=1100"},"modified":"2017-10-10T11:54:35","modified_gmt":"2017-10-10T09:54:35","slug":"partners","status":"publish","type":"page","link":"https:\/\/centerslo.si\/en\/about-us\/partners\/","title":{"rendered":"Partners"},"content":{"rendered":"<h1>Partners<\/h1>\n<ul>\n<li><a href=\"http:\/\/www.mizs.gov.si\/\" target=\"_blank\" rel=\"noopener\">Ministrstvo za izobra\u017eevanje, znanost in \u0161port<\/a><\/li>\n<li><a href=\"http:\/\/www.mzz.gov.si\/\" target=\"_blank\" rel=\"noopener\">Ministrstvo za zunanje zadeve<\/a><\/li>\n<li><a href=\"http:\/\/www.alte.org\/\" target=\"_blank\" rel=\"noopener\">ALTE<\/a><\/li>\n<li><a href=\"http:\/\/www.uszs.gov.si\/\" target=\"_blank\" rel=\"noopener\">Urad Vlade RS za Slovence v zamejstvu in po svetu<\/a><\/li>\n<li><a href=\"http:\/\/www.mk.gov.si\/si\/delovna_podrocja\/sluzba_za_slovenski_jezik\/\" target=\"_blank\" rel=\"noopener\">Slu\u017eba za slovenski jezik Ministrstva za kulturo<\/a><\/li>\n<li><a href=\"http:\/\/studyinslovenia.si\/\">Study in Slovenia<\/a><\/li>\n<li><a href=\"https:\/\/www.cmepius.si\/\">CMEPIUS<\/a><\/li>\n<\/ul>\n","protected":false},"excerpt":{"rendered":"<p>Partners Ministrstvo za izobra\u017eevanje, znanost in \u0161port Ministrstvo za zunanje zadeve ALTE Urad Vlade RS za Slovence v zamejstvu in po svetu Slu\u017eba za slovenski jezik Ministrstva za kulturo Study in Slovenia CMEPIUS<\/p>\n","protected":false},"author":10,"featured_media":0,"parent":54,"menu_order":3,"comment_status":"closed","ping_status":"closed","template":"page-content-menu.php","meta":{"_acf_changed":false,"footnotes":""},"class_list":["post-1100","page","type-page","status-publish","hentry"],"acf":[],"_links":{"self":[{"href":"https:\/\/centerslo.si\/en\/wp-json\/wp\/v2\/pages\/1100","targetHints":{"allow":["GET"]}}],"collection":[{"href":"https:\/\/centerslo.si\/en\/wp-json\/wp\/v2\/pages"}],"about":[{"href":"https:\/\/centerslo.si\/en\/wp-json\/wp\/v2\/types\/page"}],"author":[{"embeddable":true,"href":"https:\/\/centerslo.si\/en\/wp-json\/wp\/v2\/users\/10"}],"replies":[{"embeddable":true,"href":"https:\/\/centerslo.si\/en\/wp-json\/wp\/v2\/comments?post=1100"}],"version-history":[{"count":3,"href":"https:\/\/centerslo.si\/en\/wp-json\/wp\/v2\/pages\/1100\/revisions"}],"predecessor-version":[{"id":2653,"href":"https:\/\/centerslo.si\/en\/wp-json\/wp\/v2\/pages\/1100\/revisions\/2653"}],"up":[{"embeddable":true,"href":"https:\/\/centerslo.si\/en\/wp-json\/wp\/v2\/pages\/54"}],"wp:attachment":[{"href":"https:\/\/centerslo.si\/en\/wp-json\/wp\/v2\/media?parent=1100"}],"curies":[{"name":"wp","href":"https:\/\/api.w.org\/{rel}","templated":true}]}}